{"id":752770,"date":"2025-08-28T05:24:39","date_gmt":"2025-08-28T02:24:39","guid":{"rendered":"https:\/\/roveyayinevi.com.tr\/index.php\/urun\/bir-suat-meselesi\/"},"modified":"2026-04-16T03:06:02","modified_gmt":"2026-04-16T00:06:02","slug":"bir-suat-meselesi","status":"publish","type":"product","link":"https:\/\/roveyayinevi.com.tr\/index.php\/urun\/bir-suat-meselesi\/","title":{"rendered":"Bir Suat Meselesi"},"content":{"rendered":"<p>Sen a\u011fabey hi\u00e7 konu\u015fmuyorsun dedi Suat. Ya dedim Suat dur Allah a\u015fk\u0131na anlatacak neyimiz var. Suat\u2019a kalsa bi\u2019 s\u00f6z, bi\u2019 ses yetecek sessizli\u011fimi anlamaya. Lakin bilmiyorsun, ben g\u00f6\u00e7men pi\u00e7iyim Suat. \u0130ki dil konu\u015fmu\u015f atalar\u0131m, dini iman\u0131 kar\u0131\u015fm\u0131\u015f Ege Denizi\u2019nin sular\u0131na. \u0130nad\u0131m ben hem \u00f6lsem konu\u015fmam, a\u00e7\u0131l\u0131rsa a\u011fz\u0131m kapanmaz.   A\u011fabey dedi sen hi\u00e7 g\u00fclm\u00fcyorsun. Ya bi\u2019 dur Suat, ne kalm\u0131\u015f g\u00fclecek \u015fu KDV\u2019li hayat\u0131mda. Motorine zam, fuel-oile zam, ekme\u011fe zam, \u015fekere zam\u2026 Memleket siyah beyaz Ecevit reklam\u0131na d\u00f6nm\u00fc\u015f sen g\u00fclmek diyorsun. Suat dedim sen \u00e7ok soru soruyorsun. Biraz bi\u2019 sessizlik oldu tabii.   Az sonra can\u0131 s\u0131k\u0131ld\u0131 Suat\u2019\u0131n. Biraz salland\u0131, kendince darland\u0131. Saatine de bakt\u0131 ve dedi ki: -A\u011fabey ben asl\u0131nda yokum. Sen \u00e7ok kafana tak\u0131yorsun.<\/p>\n","protected":false},"excerpt":{"rendered":"<p>Sen a\u011fabey hi\u00e7 konu\u015fmuyorsun dedi Suat. Ya dedim Suat dur Allah a\u015fk\u0131na anlatacak neyimiz var. Suat\u2019a kalsa bi\u2019 s\u00f6z, bi\u2019 ses yetecek sessizli\u011fimi anlamaya. Lakin bilmiyorsun,<span class=\"excerpt-hellip\"> [\u2026]<\/span><\/p>\n","protected":false},"featured_media":0,"template":"","meta":{"_monsterinsights_skip_tracking":false,"_monsterinsights_sitenote_active":false,"_monsterinsights_sitenote_note":"","_monsterinsights_sitenote_category":0},"product_brand":[],"product_cat":[12291,12509],"product_tag":[],"class_list":{"0":"post-752770","1":"product","2":"type-product","3":"status-publish","5":"product_cat-edebiyat","6":"product_cat-siir","7":"pa_cilt-ciltsiz","8":"pa_tur-kitap","9":"pa_yayinevi-luna-yayinlari","10":"pa_yazar-volkan-sanli","12":"first","13":"instock","14":"sale","15":"shipping-taxable","16":"purchasable","17":"product-type-simple"},"_links":{"self":[{"href":"https:\/\/roveyayinevi.com.tr\/index.php\/wp-json\/wp\/v2\/product\/752770","targetHints":{"allow":["GET"]}}],"collection":[{"href":"https:\/\/roveyayinevi.com.tr\/index.php\/wp-json\/wp\/v2\/product"}],"about":[{"href":"https:\/\/roveyayinevi.com.tr\/index.php\/wp-json\/wp\/v2\/types\/product"}],"wp:attachment":[{"href":"https:\/\/roveyayinevi.com.tr\/index.php\/wp-json\/wp\/v2\/media?parent=752770"}],"wp:term":[{"taxonomy":"product_brand","embeddable":true,"href":"https:\/\/roveyayinevi.com.tr\/index.php\/wp-json\/wp\/v2\/product_brand?post=752770"},{"taxonomy":"product_cat","embeddable":true,"href":"https:\/\/roveyayinevi.com.tr\/index.php\/wp-json\/wp\/v2\/product_cat?post=752770"},{"taxonomy":"product_tag","embeddable":true,"href":"https:\/\/roveyayinevi.com.tr\/index.php\/wp-json\/wp\/v2\/product_tag?post=752770"}],"curies":[{"name":"wp","href":"https:\/\/api.w.org\/{rel}","templated":true}]}}