{"id":752768,"date":"2025-08-28T05:24:36","date_gmt":"2025-08-28T02:24:36","guid":{"rendered":"https:\/\/roveyayinevi.com.tr\/index.php\/urun\/devlet-ve-hayal\/"},"modified":"2026-04-16T03:06:02","modified_gmt":"2026-04-16T00:06:02","slug":"devlet-ve-hayal","status":"publish","type":"product","link":"https:\/\/roveyayinevi.com.tr\/index.php\/urun\/devlet-ve-hayal\/","title":{"rendered":"Devlet ve Hayal"},"content":{"rendered":"<p>Benim g\u00f6z\u00fcmdeki ideal devlet insana benzer. Mesela insan kendi kararlar\u0131n\u0131 nas\u0131l kendi al\u0131yorsa devlet de halk\u0131n se\u00e7ti\u011fi kadro ile karar al\u0131r. Zaten g\u00fcn\u00fcm\u00fczde bir\u00e7ok devlet bunu uygulamaktad\u0131r. Devletin olu\u015fumuyla otomatik olarak halk\u0131n bir nizam i\u00e7erisinde ya\u015famlar\u0131na devam etti\u011fini s\u00f6yleyebiliriz. Bunu da \u015funa ba\u011flayabiliriz: \u0130nsan kendi \u00fcst\u00fcndeki bir g\u00fc\u00e7ten haberdar oldu\u011fu s\u00fcrece hayat\u0131na \u00e7ekid\u00fczen verir.   Devlet olu\u015ftu\u011funda toplum i\u00e7indeki bir\u00e7ok s\u0131k\u0131nt\u0131y\u0131 bitirmesi gerekmektedir. Bu s\u0131k\u0131nt\u0131lar\u0131 bitirdikten sonra (zararda olan bir d\u00fckk\u00e2n\u0131 zarar\u0131ndan kurtard\u0131ktan sonra) i\u015fleri do\u011fru yap\u0131p toplumun da\u011f\u0131lmas\u0131n\u0131 engellemek gerekir. Bunlar da insan\u0131 tek bir \u015feye g\u00f6t\u00fcr\u00fcr: \u0130yi ya\u015fama. E\u011fer devlet, insan\u0131 buraya g\u00f6t\u00fcrm\u00fcyorsa devletin temeli bozulmu\u015f demektir.<\/p>\n","protected":false},"excerpt":{"rendered":"<p>Benim g\u00f6z\u00fcmdeki ideal devlet insana benzer. Mesela insan kendi kararlar\u0131n\u0131 nas\u0131l kendi al\u0131yorsa devlet de halk\u0131n se\u00e7ti\u011fi kadro ile karar al\u0131r. Zaten g\u00fcn\u00fcm\u00fczde bir\u00e7ok devlet bunu<span class=\"excerpt-hellip\"> [\u2026]<\/span><\/p>\n","protected":false},"featured_media":0,"template":"","meta":{"_monsterinsights_skip_tracking":false,"_monsterinsights_sitenote_active":false,"_monsterinsights_sitenote_note":"","_monsterinsights_sitenote_category":0},"product_brand":[],"product_cat":[12389,12388],"product_tag":[],"class_list":{"0":"post-752768","1":"product","2":"type-product","3":"status-publish","5":"product_cat-diger-felsefe","6":"product_cat-felsefe","7":"pa_cilt-ciltsiz","8":"pa_tur-kitap","9":"pa_yayinevi-luna-yayinlari","10":"pa_yazar-umut-colak","12":"first","13":"instock","14":"sale","15":"shipping-taxable","16":"purchasable","17":"product-type-simple"},"_links":{"self":[{"href":"https:\/\/roveyayinevi.com.tr\/index.php\/wp-json\/wp\/v2\/product\/752768","targetHints":{"allow":["GET"]}}],"collection":[{"href":"https:\/\/roveyayinevi.com.tr\/index.php\/wp-json\/wp\/v2\/product"}],"about":[{"href":"https:\/\/roveyayinevi.com.tr\/index.php\/wp-json\/wp\/v2\/types\/product"}],"wp:attachment":[{"href":"https:\/\/roveyayinevi.com.tr\/index.php\/wp-json\/wp\/v2\/media?parent=752768"}],"wp:term":[{"taxonomy":"product_brand","embeddable":true,"href":"https:\/\/roveyayinevi.com.tr\/index.php\/wp-json\/wp\/v2\/product_brand?post=752768"},{"taxonomy":"product_cat","embeddable":true,"href":"https:\/\/roveyayinevi.com.tr\/index.php\/wp-json\/wp\/v2\/product_cat?post=752768"},{"taxonomy":"product_tag","embeddable":true,"href":"https:\/\/roveyayinevi.com.tr\/index.php\/wp-json\/wp\/v2\/product_tag?post=752768"}],"curies":[{"name":"wp","href":"https:\/\/api.w.org\/{rel}","templated":true}]}}