{"id":752765,"date":"2025-08-28T05:24:30","date_gmt":"2025-08-28T02:24:30","guid":{"rendered":"https:\/\/roveyayinevi.com.tr\/index.php\/urun\/yuruyelim-seninle-istanbulda\/"},"modified":"2026-04-16T03:06:02","modified_gmt":"2026-04-16T00:06:02","slug":"yuruyelim-seninle-istanbulda","status":"publish","type":"product","link":"https:\/\/roveyayinevi.com.tr\/index.php\/urun\/yuruyelim-seninle-istanbulda\/","title":{"rendered":"Y\u00fcr\u00fcyelim Seninle \u0130stanbul\u2019da"},"content":{"rendered":"<p>Nurullah Gen\u00e7 nice yazarlar\u0131n, \u015fairlerin ilham kayna\u011f\u0131 olan \u0130stanbul tutkusu \u00fczerinde duruyor, pek \u00e7ok a\u015fina semtin sokaklar\u0131nda y\u00fcr\u00fcyor \u015fair duyarl\u0131\u011f\u0131yla&#8230;ya\u011fmurun inceden ya\u011fd\u0131\u011f\u0131 yerdea\u00e7an g\u00fcl ac\u0131y\u0131 dam\u0131t\u0131r solara\u011fustos b\u00f6ce\u011fi d\u00fc\u015f\u00fcnce derdei\u00e7ine ku\u015flar\u0131n sevdas\u0131 dolar\u00f6l\u00fc bir mahzene g\u00f6m\u00fcld\u00fc kibirart\u0131k sevsen de bir, sevmesen de bir<\/p>\n","protected":false},"excerpt":{"rendered":"<p>Nurullah Gen\u00e7 nice yazarlar\u0131n, \u015fairlerin ilham kayna\u011f\u0131 olan \u0130stanbul tutkusu \u00fczerinde duruyor, pek \u00e7ok a\u015fina semtin sokaklar\u0131nda y\u00fcr\u00fcyor \u015fair duyarl\u0131\u011f\u0131yla&#8230;ya\u011fmurun inceden ya\u011fd\u0131\u011f\u0131 yerdea\u00e7an g\u00fcl ac\u0131y\u0131 dam\u0131t\u0131r<span class=\"excerpt-hellip\"> [\u2026]<\/span><\/p>\n","protected":false},"featured_media":0,"template":"","meta":{"_monsterinsights_skip_tracking":false,"_monsterinsights_sitenote_active":false,"_monsterinsights_sitenote_note":"","_monsterinsights_sitenote_category":0},"product_brand":[],"product_cat":[12291,12509],"product_tag":[],"class_list":{"0":"post-752765","1":"product","2":"type-product","3":"status-publish","5":"product_cat-edebiyat","6":"product_cat-siir","7":"pa_cilt-ciltsiz","8":"pa_tur-kitap","9":"pa_yayinevi-timas-yayinlari","10":"pa_yazar-nurullah-genc","12":"first","13":"instock","14":"sale","15":"shipping-taxable","16":"purchasable","17":"product-type-simple"},"_links":{"self":[{"href":"https:\/\/roveyayinevi.com.tr\/index.php\/wp-json\/wp\/v2\/product\/752765","targetHints":{"allow":["GET"]}}],"collection":[{"href":"https:\/\/roveyayinevi.com.tr\/index.php\/wp-json\/wp\/v2\/product"}],"about":[{"href":"https:\/\/roveyayinevi.com.tr\/index.php\/wp-json\/wp\/v2\/types\/product"}],"wp:attachment":[{"href":"https:\/\/roveyayinevi.com.tr\/index.php\/wp-json\/wp\/v2\/media?parent=752765"}],"wp:term":[{"taxonomy":"product_brand","embeddable":true,"href":"https:\/\/roveyayinevi.com.tr\/index.php\/wp-json\/wp\/v2\/product_brand?post=752765"},{"taxonomy":"product_cat","embeddable":true,"href":"https:\/\/roveyayinevi.com.tr\/index.php\/wp-json\/wp\/v2\/product_cat?post=752765"},{"taxonomy":"product_tag","embeddable":true,"href":"https:\/\/roveyayinevi.com.tr\/index.php\/wp-json\/wp\/v2\/product_tag?post=752765"}],"curies":[{"name":"wp","href":"https:\/\/api.w.org\/{rel}","templated":true}]}}