{"id":752764,"date":"2025-08-28T05:24:29","date_gmt":"2025-08-28T02:24:29","guid":{"rendered":"https:\/\/roveyayinevi.com.tr\/index.php\/urun\/doktorazarus\/"},"modified":"2026-04-16T03:06:02","modified_gmt":"2026-04-16T00:06:02","slug":"doktorazarus","status":"publish","type":"product","link":"https:\/\/roveyayinevi.com.tr\/index.php\/urun\/doktorazarus\/","title":{"rendered":"Doktorazarus"},"content":{"rendered":"<p>Karn\u0131n m\u0131 a\u011fr\u0131yor? Yoksa burnun \u015eIP \u015eIP ak\u0131yor ve biraz \u00f6ks\u00fcr\u00fcyor musun? Ya da kafanda G\u00dcM G\u00dcM davullar m\u0131 \u00e7al\u0131yor? Geldi Doktorazarus\u2019u \u00e7a\u011f\u0131rma vakti, eskisinden daha iyi edecek seni!<\/p>\n","protected":false},"excerpt":{"rendered":"<p>Karn\u0131n m\u0131 a\u011fr\u0131yor? Yoksa burnun \u015eIP \u015eIP ak\u0131yor ve biraz \u00f6ks\u00fcr\u00fcyor musun? Ya da kafanda G\u00dcM G\u00dcM davullar m\u0131 \u00e7al\u0131yor? Geldi Doktorazarus\u2019u \u00e7a\u011f\u0131rma vakti, eskisinden daha<span class=\"excerpt-hellip\"> [\u2026]<\/span><\/p>\n","protected":false},"featured_media":0,"template":"","meta":{"_monsterinsights_skip_tracking":false,"_monsterinsights_sitenote_active":false,"_monsterinsights_sitenote_note":"","_monsterinsights_sitenote_category":0},"product_brand":[],"product_cat":[12913,12274],"product_tag":[],"class_list":{"0":"post-752764","1":"product","2":"type-product","3":"status-publish","5":"product_cat-3-6-yas-kitaplari","6":"product_cat-cocuk-ve-genclik-kitaplari","7":"pa_cilt-ciltsiz","8":"pa_tur-kitap","9":"pa_yayinevi-ucan-kitap","10":"pa_yazar-emi-lou-may","12":"first","13":"instock","14":"sale","15":"shipping-taxable","16":"purchasable","17":"product-type-simple"},"_links":{"self":[{"href":"https:\/\/roveyayinevi.com.tr\/index.php\/wp-json\/wp\/v2\/product\/752764","targetHints":{"allow":["GET"]}}],"collection":[{"href":"https:\/\/roveyayinevi.com.tr\/index.php\/wp-json\/wp\/v2\/product"}],"about":[{"href":"https:\/\/roveyayinevi.com.tr\/index.php\/wp-json\/wp\/v2\/types\/product"}],"wp:attachment":[{"href":"https:\/\/roveyayinevi.com.tr\/index.php\/wp-json\/wp\/v2\/media?parent=752764"}],"wp:term":[{"taxonomy":"product_brand","embeddable":true,"href":"https:\/\/roveyayinevi.com.tr\/index.php\/wp-json\/wp\/v2\/product_brand?post=752764"},{"taxonomy":"product_cat","embeddable":true,"href":"https:\/\/roveyayinevi.com.tr\/index.php\/wp-json\/wp\/v2\/product_cat?post=752764"},{"taxonomy":"product_tag","embeddable":true,"href":"https:\/\/roveyayinevi.com.tr\/index.php\/wp-json\/wp\/v2\/product_tag?post=752764"}],"curies":[{"name":"wp","href":"https:\/\/api.w.org\/{rel}","templated":true}]}}