{"id":752761,"date":"2025-08-28T05:24:24","date_gmt":"2025-08-28T02:24:24","guid":{"rendered":"https:\/\/roveyayinevi.com.tr\/index.php\/urun\/ciftlikteki-hayvanlar-ara-bul-allah-ne-guzel-yaratmis\/"},"modified":"2026-04-16T03:06:02","modified_gmt":"2026-04-16T00:06:02","slug":"ciftlikteki-hayvanlar-ara-bul-allah-ne-guzel-yaratmis","status":"publish","type":"product","link":"https:\/\/roveyayinevi.com.tr\/index.php\/urun\/ciftlikteki-hayvanlar-ara-bul-allah-ne-guzel-yaratmis\/","title":{"rendered":"\u00c7iftlikteki Hayvanlar &#8211; Ara Bul \/ Allah Ne G\u00fczel Yaratm\u0131\u015f"},"content":{"rendered":"<p>Bu kitap \u00e7ocuk yeti\u015ftirir iken anne-babalar\u0131n e\u011fitimci ya da di\u011fer yeti\u015fkinlerin modern \u00e7a\u011f\u0131m\u0131zda T\u00fcrkiye\u2019de en s\u0131k kar\u015f\u0131la\u015ft\u0131klar\u0131 konu ba\u015fl\u0131klar\u0131 \u00fczerine bilimsel bir zemin etraf\u0131nda ancak basit sade anla\u015f\u0131labilir bir dil \u015feklinde uygulamal\u0131 ve yol g\u00f6sterici \u00f6\u011feler i\u00e7erir. Kitaptaki bilgiler ile yeti\u015fkinlerin \u00e7ocuklarla ilgili bir\u00e7ok temel ve ya\u015famsal sorunlara kar\u015f\u0131 temel basit ve kal\u0131c\u0131 beceriler geli\u015ftirmesi ama\u00e7lanmaktad\u0131r.<\/p>\n","protected":false},"excerpt":{"rendered":"<p>Bu kitap \u00e7ocuk yeti\u015ftirir iken anne-babalar\u0131n e\u011fitimci ya da di\u011fer yeti\u015fkinlerin modern \u00e7a\u011f\u0131m\u0131zda T\u00fcrkiye\u2019de en s\u0131k kar\u015f\u0131la\u015ft\u0131klar\u0131 konu ba\u015fl\u0131klar\u0131 \u00fczerine bilimsel bir zemin etraf\u0131nda ancak basit<span class=\"excerpt-hellip\"> [\u2026]<\/span><\/p>\n","protected":false},"featured_media":0,"template":"","meta":{"_monsterinsights_skip_tracking":false,"_monsterinsights_sitenote_active":false,"_monsterinsights_sitenote_note":"","_monsterinsights_sitenote_category":0},"product_brand":[],"product_cat":[12913,12274],"product_tag":[],"class_list":{"0":"post-752761","1":"product","2":"type-product","3":"status-publish","5":"product_cat-3-6-yas-kitaplari","6":"product_cat-cocuk-ve-genclik-kitaplari","7":"pa_cilt-ciltsiz","8":"pa_tur-kitap","9":"pa_yayinevi-gulce-kitap","10":"pa_yazar-hekimoglu-ismail","12":"first","13":"instock","14":"sale","15":"shipping-taxable","16":"purchasable","17":"product-type-simple"},"_links":{"self":[{"href":"https:\/\/roveyayinevi.com.tr\/index.php\/wp-json\/wp\/v2\/product\/752761","targetHints":{"allow":["GET"]}}],"collection":[{"href":"https:\/\/roveyayinevi.com.tr\/index.php\/wp-json\/wp\/v2\/product"}],"about":[{"href":"https:\/\/roveyayinevi.com.tr\/index.php\/wp-json\/wp\/v2\/types\/product"}],"wp:attachment":[{"href":"https:\/\/roveyayinevi.com.tr\/index.php\/wp-json\/wp\/v2\/media?parent=752761"}],"wp:term":[{"taxonomy":"product_brand","embeddable":true,"href":"https:\/\/roveyayinevi.com.tr\/index.php\/wp-json\/wp\/v2\/product_brand?post=752761"},{"taxonomy":"product_cat","embeddable":true,"href":"https:\/\/roveyayinevi.com.tr\/index.php\/wp-json\/wp\/v2\/product_cat?post=752761"},{"taxonomy":"product_tag","embeddable":true,"href":"https:\/\/roveyayinevi.com.tr\/index.php\/wp-json\/wp\/v2\/product_tag?post=752761"}],"curies":[{"name":"wp","href":"https:\/\/api.w.org\/{rel}","templated":true}]}}