{"id":752758,"date":"2025-08-28T05:24:20","date_gmt":"2025-08-28T02:24:20","guid":{"rendered":"https:\/\/roveyayinevi.com.tr\/index.php\/urun\/misil-misil-uykuya-gunluk-rutinlerim\/"},"modified":"2026-04-16T03:06:02","modified_gmt":"2026-04-16T00:06:02","slug":"misil-misil-uykuya-gunluk-rutinlerim","status":"publish","type":"product","link":"https:\/\/roveyayinevi.com.tr\/index.php\/urun\/misil-misil-uykuya-gunluk-rutinlerim\/","title":{"rendered":"M\u0131\u015f\u0131l M\u0131\u015f\u0131l Uykuya &#8211; G\u00fcnl\u00fck Rutinlerim"},"content":{"rendered":"<p>Uyku vakti gelince pijamalar giyilir, di\u015fler f\u0131r\u00e7alan\u0131r. Uyku arkada\u015f\u0131m\u0131zla birlikte m\u0131\u015f\u0131l m\u0131\u015f\u0131l bir uykuya dal\u0131n\u0131r. \u0130yi geceler!&#8221; Rutinler setimizin bu kitab\u0131nda \u00f6zellikle uykuya haz\u0131rlanmakta, uyumakta zorluk \u00e7eken \u00e7ocuklar\u0131m\u0131z i\u00e7in uyku \u00f6ncesi a\u015famalar\u0131 s\u0131ralad\u0131k. Uykunun ne kadar keyifli oldu\u011funu g\u00f6ren \u00e7ocuklar, m\u0131\u015f\u0131l m\u0131\u015f\u0131l uyuyacak.<\/p>\n","protected":false},"excerpt":{"rendered":"<p>Uyku vakti gelince pijamalar giyilir, di\u015fler f\u0131r\u00e7alan\u0131r. Uyku arkada\u015f\u0131m\u0131zla birlikte m\u0131\u015f\u0131l m\u0131\u015f\u0131l bir uykuya dal\u0131n\u0131r. \u0130yi geceler!&#8221; Rutinler setimizin bu kitab\u0131nda \u00f6zellikle uykuya haz\u0131rlanmakta, uyumakta zorluk<span class=\"excerpt-hellip\"> [\u2026]<\/span><\/p>\n","protected":false},"featured_media":0,"template":"","meta":{"_monsterinsights_skip_tracking":false,"_monsterinsights_sitenote_active":false,"_monsterinsights_sitenote_note":"","_monsterinsights_sitenote_category":0},"product_brand":[],"product_cat":[12913,12274],"product_tag":[],"class_list":{"0":"post-752758","1":"product","2":"type-product","3":"status-publish","5":"product_cat-3-6-yas-kitaplari","6":"product_cat-cocuk-ve-genclik-kitaplari","7":"pa_cilt-ciltsiz","8":"pa_tur-kitap","9":"pa_yayinevi-timas-cocuk","10":"pa_yazar-ozge-selcuk-bozkurt","12":"first","13":"instock","14":"sale","15":"shipping-taxable","16":"purchasable","17":"product-type-simple"},"_links":{"self":[{"href":"https:\/\/roveyayinevi.com.tr\/index.php\/wp-json\/wp\/v2\/product\/752758","targetHints":{"allow":["GET"]}}],"collection":[{"href":"https:\/\/roveyayinevi.com.tr\/index.php\/wp-json\/wp\/v2\/product"}],"about":[{"href":"https:\/\/roveyayinevi.com.tr\/index.php\/wp-json\/wp\/v2\/types\/product"}],"wp:attachment":[{"href":"https:\/\/roveyayinevi.com.tr\/index.php\/wp-json\/wp\/v2\/media?parent=752758"}],"wp:term":[{"taxonomy":"product_brand","embeddable":true,"href":"https:\/\/roveyayinevi.com.tr\/index.php\/wp-json\/wp\/v2\/product_brand?post=752758"},{"taxonomy":"product_cat","embeddable":true,"href":"https:\/\/roveyayinevi.com.tr\/index.php\/wp-json\/wp\/v2\/product_cat?post=752758"},{"taxonomy":"product_tag","embeddable":true,"href":"https:\/\/roveyayinevi.com.tr\/index.php\/wp-json\/wp\/v2\/product_tag?post=752758"}],"curies":[{"name":"wp","href":"https:\/\/api.w.org\/{rel}","templated":true}]}}