{"id":752757,"date":"2025-08-28T05:24:18","date_gmt":"2025-08-28T02:24:18","guid":{"rendered":"https:\/\/roveyayinevi.com.tr\/index.php\/urun\/duygu-gunlugum-mira-stres-kulubesinden-ayriliyor\/"},"modified":"2026-04-16T03:06:02","modified_gmt":"2026-04-16T00:06:02","slug":"duygu-gunlugum-mira-stres-kulubesinden-ayriliyor","status":"publish","type":"product","link":"https:\/\/roveyayinevi.com.tr\/index.php\/urun\/duygu-gunlugum-mira-stres-kulubesinden-ayriliyor\/","title":{"rendered":"Duygu G\u00fcnl\u00fc\u011f\u00fcm &#8211; Mira Stres Kul\u00fcbesinden Ayr\u0131l\u0131yor"},"content":{"rendered":"<p>Hen\u00fcz kendi g\u00fcc\u00fcn\u00fcn fark\u0131nda de\u011fil misin? O h\u00e2lde bir de Mira\u2019yla tan\u0131\u015f!\u0130\u00e7inin giderek darald\u0131\u011f\u0131, nefes almakta g\u00fc\u00e7l\u00fck \u00e7ekti\u011fin oldu mu, hi\u00e7? Ya da ellerinin ter i\u00e7inde kald\u0131\u011f\u0131, kendini karanl\u0131kta kaybolmu\u015f gibi hissetti\u011fin, karn\u0131nda oradan oraya \u00e7\u0131rp\u0131nan kelebeklerle dola\u015ft\u0131\u011f\u0131n? Cevab\u0131n \u201cEVET\u201d ise bu kitap tam sana g\u00f6re.Hepimiz bazen kayg\u0131lan\u0131r, korkar, heyecanlan\u0131r, \u00fcmitsizli\u011fe kap\u0131l\u0131r\u0131z. B\u00f6yle anlarda stres, bizi a\u011f\u0131r bir battaniye gibi sar\u0131p sarmalar. Hareketlerimizi k\u0131s\u0131tlar, i\u00e7imizi daralt\u0131r. D\u00fc\u015f\u00fcncelerimiz \u00e7arp\u0131k \u00e7urpuk olur, her \u015fey karanl\u0131k gelir g\u00f6z\u00fcm\u00fcze. Sanki hayat\u0131m\u0131z\u0131n tamam\u0131n\u0131 b\u00f6yle ge\u00e7irmi\u015fizdir. G\u00fczel ve parlak an\u0131lar akl\u0131m\u0131za gelmez, ya\u015fam\u0131n saf bir karanl\u0131ktan olu\u015ftu\u011fu hissine kap\u0131l\u0131r\u0131z. Oysa bu zor duygular\u0131 anlamak ve onlarla ya\u015famak sand\u0131\u011f\u0131ndan \u00e7ok daha kolay!<\/p>\n","protected":false},"excerpt":{"rendered":"<p>Hen\u00fcz kendi g\u00fcc\u00fcn\u00fcn fark\u0131nda de\u011fil misin? O h\u00e2lde bir de Mira\u2019yla tan\u0131\u015f!\u0130\u00e7inin giderek darald\u0131\u011f\u0131, nefes almakta g\u00fc\u00e7l\u00fck \u00e7ekti\u011fin oldu mu, hi\u00e7? Ya da ellerinin ter i\u00e7inde<span class=\"excerpt-hellip\"> [\u2026]<\/span><\/p>\n","protected":false},"featured_media":0,"template":"","meta":{"_monsterinsights_skip_tracking":false,"_monsterinsights_sitenote_active":false,"_monsterinsights_sitenote_note":"","_monsterinsights_sitenote_category":0},"product_brand":[],"product_cat":[12274,12284],"product_tag":[],"class_list":{"0":"post-752757","1":"product","2":"type-product","3":"status-publish","5":"product_cat-cocuk-ve-genclik-kitaplari","6":"product_cat-hikayeler","7":"pa_cilt-ciltsiz","8":"pa_tur-kitap","9":"pa_yayinevi-timas-cocuk","10":"pa_yazar-oya-dogan","12":"first","13":"instock","14":"sale","15":"shipping-taxable","16":"purchasable","17":"product-type-simple"},"_links":{"self":[{"href":"https:\/\/roveyayinevi.com.tr\/index.php\/wp-json\/wp\/v2\/product\/752757","targetHints":{"allow":["GET"]}}],"collection":[{"href":"https:\/\/roveyayinevi.com.tr\/index.php\/wp-json\/wp\/v2\/product"}],"about":[{"href":"https:\/\/roveyayinevi.com.tr\/index.php\/wp-json\/wp\/v2\/types\/product"}],"wp:attachment":[{"href":"https:\/\/roveyayinevi.com.tr\/index.php\/wp-json\/wp\/v2\/media?parent=752757"}],"wp:term":[{"taxonomy":"product_brand","embeddable":true,"href":"https:\/\/roveyayinevi.com.tr\/index.php\/wp-json\/wp\/v2\/product_brand?post=752757"},{"taxonomy":"product_cat","embeddable":true,"href":"https:\/\/roveyayinevi.com.tr\/index.php\/wp-json\/wp\/v2\/product_cat?post=752757"},{"taxonomy":"product_tag","embeddable":true,"href":"https:\/\/roveyayinevi.com.tr\/index.php\/wp-json\/wp\/v2\/product_tag?post=752757"}],"curies":[{"name":"wp","href":"https:\/\/api.w.org\/{rel}","templated":true}]}}