{"id":752754,"date":"2025-08-28T05:24:14","date_gmt":"2025-08-28T02:24:14","guid":{"rendered":"https:\/\/roveyayinevi.com.tr\/index.php\/urun\/gunluk-rutinlerim-set-5-kitap\/"},"modified":"2026-04-16T03:06:02","modified_gmt":"2026-04-16T00:06:02","slug":"gunluk-rutinlerim-set-5-kitap","status":"publish","type":"product","link":"https:\/\/roveyayinevi.com.tr\/index.php\/urun\/gunluk-rutinlerim-set-5-kitap\/","title":{"rendered":"G\u00fcnl\u00fck Rutinlerim Set (5 Kitap)"},"content":{"rendered":"<p>\u201cG\u00fcnl\u00fck Rutinlerim\u201d seti; erken ya\u015fta banyo yapma, giyinme, beslenme, di\u015f f\u0131r\u00e7alama, ve uyku gibirutinleri kazanmalar\u0131nda \u00e7ocuklar\u0131m\u0131za destek sa\u011fl\u0131yor. G\u00fc\u00e7l\u00fc g\u00f6rselleri ve e\u011flenceli anlat\u0131m\u0131sayesinde minikler \u00f6\u011frenirken \u00e7ok da e\u011fleniyorlar!<\/p>\n","protected":false},"excerpt":{"rendered":"<p>\u201cG\u00fcnl\u00fck Rutinlerim\u201d seti; erken ya\u015fta banyo yapma, giyinme, beslenme, di\u015f f\u0131r\u00e7alama, ve uyku gibirutinleri kazanmalar\u0131nda \u00e7ocuklar\u0131m\u0131za destek sa\u011fl\u0131yor. G\u00fc\u00e7l\u00fc g\u00f6rselleri ve e\u011flenceli anlat\u0131m\u0131sayesinde minikler \u00f6\u011frenirken \u00e7ok<span class=\"excerpt-hellip\"> [\u2026]<\/span><\/p>\n","protected":false},"featured_media":0,"template":"","meta":{"_monsterinsights_skip_tracking":false,"_monsterinsights_sitenote_active":false,"_monsterinsights_sitenote_note":"","_monsterinsights_sitenote_category":0},"product_brand":[],"product_cat":[12274,12284],"product_tag":[],"class_list":{"0":"post-752754","1":"product","2":"type-product","3":"status-publish","5":"product_cat-cocuk-ve-genclik-kitaplari","6":"product_cat-hikayeler","7":"pa_cilt-set","8":"pa_tur-kitap","9":"pa_yayinevi-timas-cocuk","10":"pa_yazar-ozge-selcuk-bozkurt","12":"first","13":"instock","14":"sale","15":"shipping-taxable","16":"purchasable","17":"product-type-simple"},"_links":{"self":[{"href":"https:\/\/roveyayinevi.com.tr\/index.php\/wp-json\/wp\/v2\/product\/752754","targetHints":{"allow":["GET"]}}],"collection":[{"href":"https:\/\/roveyayinevi.com.tr\/index.php\/wp-json\/wp\/v2\/product"}],"about":[{"href":"https:\/\/roveyayinevi.com.tr\/index.php\/wp-json\/wp\/v2\/types\/product"}],"wp:attachment":[{"href":"https:\/\/roveyayinevi.com.tr\/index.php\/wp-json\/wp\/v2\/media?parent=752754"}],"wp:term":[{"taxonomy":"product_brand","embeddable":true,"href":"https:\/\/roveyayinevi.com.tr\/index.php\/wp-json\/wp\/v2\/product_brand?post=752754"},{"taxonomy":"product_cat","embeddable":true,"href":"https:\/\/roveyayinevi.com.tr\/index.php\/wp-json\/wp\/v2\/product_cat?post=752754"},{"taxonomy":"product_tag","embeddable":true,"href":"https:\/\/roveyayinevi.com.tr\/index.php\/wp-json\/wp\/v2\/product_tag?post=752754"}],"curies":[{"name":"wp","href":"https:\/\/api.w.org\/{rel}","templated":true}]}}