{"id":752753,"date":"2025-08-28T05:24:12","date_gmt":"2025-08-28T02:24:12","guid":{"rendered":"https:\/\/roveyayinevi.com.tr\/index.php\/urun\/giysilerim-cok-cici-gunluk-rutinlerim\/"},"modified":"2026-04-16T03:06:02","modified_gmt":"2026-04-16T00:06:02","slug":"giysilerim-cok-cici-gunluk-rutinlerim","status":"publish","type":"product","link":"https:\/\/roveyayinevi.com.tr\/index.php\/urun\/giysilerim-cok-cici-gunluk-rutinlerim\/","title":{"rendered":"Giysilerim \u00c7ok Cici &#8211; G\u00fcnl\u00fck Rutinlerim"},"content":{"rendered":"<p>Reng\u00e2renk t\u00fcm k\u0131yafetlerim, havaya bak\u0131p ne giyece\u011fime karar veririm!Rutinler serimizin bu kitab\u0131nda \u00e7ocuklar\u0131m\u0131za k\u0131yafetlerini kendi ba\u015flar\u0131na nas\u0131l giyebileceklerine ili\u015fkin y\u00f6nergeler sunarken, hangi k\u0131yafetin hangi hava ko\u015fullar\u0131nda giyilmesinin uygun oldu\u011funa dair bilgiler veriyoruz.<\/p>\n","protected":false},"excerpt":{"rendered":"<p>Reng\u00e2renk t\u00fcm k\u0131yafetlerim, havaya bak\u0131p ne giyece\u011fime karar veririm!Rutinler serimizin bu kitab\u0131nda \u00e7ocuklar\u0131m\u0131za k\u0131yafetlerini kendi ba\u015flar\u0131na nas\u0131l giyebileceklerine ili\u015fkin y\u00f6nergeler sunarken, hangi k\u0131yafetin hangi hava ko\u015fullar\u0131nda<span class=\"excerpt-hellip\"> [\u2026]<\/span><\/p>\n","protected":false},"featured_media":0,"template":"","meta":{"_monsterinsights_skip_tracking":false,"_monsterinsights_sitenote_active":false,"_monsterinsights_sitenote_note":"","_monsterinsights_sitenote_category":0},"product_brand":[],"product_cat":[12274,12284],"product_tag":[],"class_list":{"0":"post-752753","1":"product","2":"type-product","3":"status-publish","5":"product_cat-cocuk-ve-genclik-kitaplari","6":"product_cat-hikayeler","7":"pa_cilt-ciltsiz","8":"pa_tur-kitap","9":"pa_yayinevi-timas-cocuk","10":"pa_yazar-ozge-selcuk-bozkurt","12":"first","13":"instock","14":"sale","15":"shipping-taxable","16":"purchasable","17":"product-type-simple"},"_links":{"self":[{"href":"https:\/\/roveyayinevi.com.tr\/index.php\/wp-json\/wp\/v2\/product\/752753","targetHints":{"allow":["GET"]}}],"collection":[{"href":"https:\/\/roveyayinevi.com.tr\/index.php\/wp-json\/wp\/v2\/product"}],"about":[{"href":"https:\/\/roveyayinevi.com.tr\/index.php\/wp-json\/wp\/v2\/types\/product"}],"wp:attachment":[{"href":"https:\/\/roveyayinevi.com.tr\/index.php\/wp-json\/wp\/v2\/media?parent=752753"}],"wp:term":[{"taxonomy":"product_brand","embeddable":true,"href":"https:\/\/roveyayinevi.com.tr\/index.php\/wp-json\/wp\/v2\/product_brand?post=752753"},{"taxonomy":"product_cat","embeddable":true,"href":"https:\/\/roveyayinevi.com.tr\/index.php\/wp-json\/wp\/v2\/product_cat?post=752753"},{"taxonomy":"product_tag","embeddable":true,"href":"https:\/\/roveyayinevi.com.tr\/index.php\/wp-json\/wp\/v2\/product_tag?post=752753"}],"curies":[{"name":"wp","href":"https:\/\/api.w.org\/{rel}","templated":true}]}}