{"id":752751,"date":"2025-08-28T05:24:09","date_gmt":"2025-08-28T02:24:09","guid":{"rendered":"https:\/\/roveyayinevi.com.tr\/index.php\/urun\/gorunmeyen-kadinlar\/"},"modified":"2026-04-16T03:06:02","modified_gmt":"2026-04-16T00:06:02","slug":"gorunmeyen-kadinlar","status":"publish","type":"product","link":"https:\/\/roveyayinevi.com.tr\/index.php\/urun\/gorunmeyen-kadinlar\/","title":{"rendered":"G\u00f6r\u00fcnmeyen Kad\u0131nlar"},"content":{"rendered":"<p>\u201cBu kadar g\u00f6r\u00fcnmez olamam, de\u011fil mi?\u201d   Kad\u0131nlar\u0131n kafeslerin ard\u0131nda soka\u011f\u0131 izledikleri, varl\u0131klar\u0131n\u0131 duyurmadan ya\u015fad\u0131klar\u0131 zamanlar\u0131n \u00fcst\u00fcnden \u00e7ok uzun y\u0131llar ge\u00e7ti. \u015eimdi kad\u0131nlar sokakta, i\u015fyerinde, her yerde\u2026 Ama yine de onlar\u0131 g\u00f6r\u00fcnmez k\u0131lan bir \u015feyler var: \u201cBen buraday\u0131m\u201d demeyen bir baba; ba\u011fr\u0131 buz kesen bir anne; sevgileri hep ba\u015fka zamanlara b\u0131rakan sevgililer; \u201cbize g\u00f6re ya\u015famal\u0131s\u0131n\u201d diyen el \u00e2lem; kad\u0131nlara hep g\u00fczel, bak\u0131ml\u0131, m\u00fckemmel olmay\u0131 \u00f6\u011f\u00fctleyen toplum\u2026 Ba\u015fkalar\u0131n\u0131 memnun etmeye adad\u0131klar\u0131 ruhlar\u0131n\u0131 ve bedenlerini mutsuzlukla oradan oraya s\u00fcr\u00fckleyen, \u201cG\u00f6r beni\u201d diye feryat etmekten, kendilerine, i\u00e7lerine bakmay\u0131, kendilerini g\u00f6rmeyi unutmu\u015f kad\u0131nlar\u2026 G\u00fclseren Buday\u0131c\u0131o\u011flu, birbirinden sars\u0131c\u0131 hik\u00e2yelerle, g\u00f6r\u00fcnmeyen kad\u0131nlar\u0131 anlat\u0131yor; kad\u0131nlar\u0131 ac\u0131lar\u0131yla, zay\u0131fl\u0131klar\u0131yla ve en \u00f6nemlisi de her \u015feyin \u00fcstesinden gelen g\u00fc\u00e7leriyle g\u00f6r\u00fcn\u00fcr k\u0131lmak i\u00e7in\u2026 <\/p>\n","protected":false},"excerpt":{"rendered":"<p>\u201cBu kadar g\u00f6r\u00fcnmez olamam, de\u011fil mi?\u201d Kad\u0131nlar\u0131n kafeslerin ard\u0131nda soka\u011f\u0131 izledikleri, varl\u0131klar\u0131n\u0131 duyurmadan ya\u015fad\u0131klar\u0131 zamanlar\u0131n \u00fcst\u00fcnden \u00e7ok uzun y\u0131llar ge\u00e7ti. \u015eimdi kad\u0131nlar sokakta, i\u015fyerinde, her yerde\u2026<span class=\"excerpt-hellip\"> [\u2026]<\/span><\/p>\n","protected":false},"featured_media":0,"template":"","meta":{"_monsterinsights_skip_tracking":false,"_monsterinsights_sitenote_active":false,"_monsterinsights_sitenote_note":"","_monsterinsights_sitenote_category":0},"product_brand":[],"product_cat":[13835],"product_tag":[],"class_list":{"0":"post-752751","1":"product","2":"type-product","3":"status-publish","5":"product_cat-cok-satanlar","6":"pa_cilt-ciltsiz","7":"pa_tur-kitap","8":"pa_yayinevi-dogan-kitap","9":"pa_yazar-gulseren-budayicioglu","11":"first","12":"instock","13":"sale","14":"shipping-taxable","15":"purchasable","16":"product-type-simple"},"_links":{"self":[{"href":"https:\/\/roveyayinevi.com.tr\/index.php\/wp-json\/wp\/v2\/product\/752751","targetHints":{"allow":["GET"]}}],"collection":[{"href":"https:\/\/roveyayinevi.com.tr\/index.php\/wp-json\/wp\/v2\/product"}],"about":[{"href":"https:\/\/roveyayinevi.com.tr\/index.php\/wp-json\/wp\/v2\/types\/product"}],"wp:attachment":[{"href":"https:\/\/roveyayinevi.com.tr\/index.php\/wp-json\/wp\/v2\/media?parent=752751"}],"wp:term":[{"taxonomy":"product_brand","embeddable":true,"href":"https:\/\/roveyayinevi.com.tr\/index.php\/wp-json\/wp\/v2\/product_brand?post=752751"},{"taxonomy":"product_cat","embeddable":true,"href":"https:\/\/roveyayinevi.com.tr\/index.php\/wp-json\/wp\/v2\/product_cat?post=752751"},{"taxonomy":"product_tag","embeddable":true,"href":"https:\/\/roveyayinevi.com.tr\/index.php\/wp-json\/wp\/v2\/product_tag?post=752751"}],"curies":[{"name":"wp","href":"https:\/\/api.w.org\/{rel}","templated":true}]}}