{"id":752748,"date":"2025-08-28T05:24:04","date_gmt":"2025-08-28T02:24:04","guid":{"rendered":"https:\/\/roveyayinevi.com.tr\/index.php\/urun\/gelecegi-kurtaran-makine\/"},"modified":"2026-04-16T03:06:02","modified_gmt":"2026-04-16T00:06:02","slug":"gelecegi-kurtaran-makine","status":"publish","type":"product","link":"https:\/\/roveyayinevi.com.tr\/index.php\/urun\/gelecegi-kurtaran-makine\/","title":{"rendered":"Gelece\u011fi Kurtaran Makine"},"content":{"rendered":"<p>Ahmet k\u00fc\u00e7\u00fck laboratuvar\u0131na girdi. Uzun zamand\u0131r akl\u0131n\u0131 kurcalayan bir konuyu d\u00fc\u015f\u00fcn\u00fcyordu: zaman makinesi! Evet, bir \u00e7o\u011fumuz gelece\u011fe yolculuk yapabilece\u011fimiz bir zaman makinesine sahip olmak isteriz. B\u00f6ylelikle y\u00fcz sene sonra hayatta neler olaca\u011f\u0131n\u0131 g\u00f6rmeyi hayal ederiz.Sonunda Ahmet gelece\u011fe yolculuk yapt\u0131\u2026 Ancak g\u00f6rd\u00fckleri kar\u015f\u0131s\u0131nda \u015fa\u015fk\u0131na d\u00f6nd\u00fc. Do\u011fa ve \u00e7evre kirlilik i\u00e7erisindeydi. Zaman kaybetmeden d\u00fcnyay\u0131 eski h\u00e2line d\u00f6nd\u00fcrmeli, bir \u015feyler yapmal\u0131yd\u0131, d\u00fcnyay\u0131 kurtarman\u0131n yolu ne olabilirdi?<\/p>\n","protected":false},"excerpt":{"rendered":"<p>Ahmet k\u00fc\u00e7\u00fck laboratuvar\u0131na girdi. Uzun zamand\u0131r akl\u0131n\u0131 kurcalayan bir konuyu d\u00fc\u015f\u00fcn\u00fcyordu: zaman makinesi! Evet, bir \u00e7o\u011fumuz gelece\u011fe yolculuk yapabilece\u011fimiz bir zaman makinesine sahip olmak isteriz. B\u00f6ylelikle<span class=\"excerpt-hellip\"> [\u2026]<\/span><\/p>\n","protected":false},"featured_media":0,"template":"","meta":{"_monsterinsights_skip_tracking":false,"_monsterinsights_sitenote_active":false,"_monsterinsights_sitenote_note":"","_monsterinsights_sitenote_category":0},"product_brand":[],"product_cat":[12274,12284],"product_tag":[],"class_list":{"0":"post-752748","1":"product","2":"type-product","3":"status-publish","5":"product_cat-cocuk-ve-genclik-kitaplari","6":"product_cat-hikayeler","7":"pa_cilt-ciltsiz","8":"pa_tur-kitap","9":"pa_yayinevi-timas-cocuk","10":"pa_yazar-ali-alkasim","12":"first","13":"instock","14":"sale","15":"shipping-taxable","16":"purchasable","17":"product-type-simple"},"_links":{"self":[{"href":"https:\/\/roveyayinevi.com.tr\/index.php\/wp-json\/wp\/v2\/product\/752748","targetHints":{"allow":["GET"]}}],"collection":[{"href":"https:\/\/roveyayinevi.com.tr\/index.php\/wp-json\/wp\/v2\/product"}],"about":[{"href":"https:\/\/roveyayinevi.com.tr\/index.php\/wp-json\/wp\/v2\/types\/product"}],"wp:attachment":[{"href":"https:\/\/roveyayinevi.com.tr\/index.php\/wp-json\/wp\/v2\/media?parent=752748"}],"wp:term":[{"taxonomy":"product_brand","embeddable":true,"href":"https:\/\/roveyayinevi.com.tr\/index.php\/wp-json\/wp\/v2\/product_brand?post=752748"},{"taxonomy":"product_cat","embeddable":true,"href":"https:\/\/roveyayinevi.com.tr\/index.php\/wp-json\/wp\/v2\/product_cat?post=752748"},{"taxonomy":"product_tag","embeddable":true,"href":"https:\/\/roveyayinevi.com.tr\/index.php\/wp-json\/wp\/v2\/product_tag?post=752748"}],"curies":[{"name":"wp","href":"https:\/\/api.w.org\/{rel}","templated":true}]}}