{"id":752747,"date":"2025-08-28T05:24:02","date_gmt":"2025-08-28T02:24:02","guid":{"rendered":"https:\/\/roveyayinevi.com.tr\/index.php\/urun\/florence-nightingale-haydi-kurtaralim-dunyayi-2\/"},"modified":"2026-04-16T03:06:02","modified_gmt":"2026-04-16T00:06:02","slug":"florence-nightingale-haydi-kurtaralim-dunyayi-2","status":"publish","type":"product","link":"https:\/\/roveyayinevi.com.tr\/index.php\/urun\/florence-nightingale-haydi-kurtaralim-dunyayi-2\/","title":{"rendered":"Florence Nightingale &#8211; Haydi Kurtaral\u0131m D\u00fcnyay\u0131 2"},"content":{"rendered":"<p>S\u0131radan bir ya\u015fam ona g\u00f6re de\u011fildi. Hem\u015fireli\u011fin iyi bir meslek olarak an\u0131lmad\u0131\u011f\u0131 g\u00fcnlerde ailesine kar\u015f\u0131 \u00e7\u0131karak tutkusunun pe\u015finden gitti. Yard\u0131mseverli\u011fi, merhameti ve azmiyle takdir toplad\u0131. Sava\u015f y\u0131llar\u0131nda \u00fclke de\u011fi\u015ftirerek askerlere bakt\u0131. Hastanelerin temizlik ko\u015fullar\u0131n\u0131 iyile\u015ftirdi ve bir \u00e7\u0131\u011f\u0131r a\u00e7arak modern hem\u015fireli\u011fi kurdu. \u0130ngiliz Liyakat Ni\u015fan\u0131\u2019n\u0131 alan ilk kad\u0131n olarak tarihe ge\u00e7ti.\u00c7al\u0131\u015fmaktan ve ara\u015ft\u0131rmaktan asla vazge\u00e7meyen, hayat\u0131n\u0131 yard\u0131m etmeye adayan, onlarca kad\u0131na g\u00fc\u00e7 veren bir hem\u015fire, Florence Nightingale.<\/p>\n","protected":false},"excerpt":{"rendered":"<p>S\u0131radan bir ya\u015fam ona g\u00f6re de\u011fildi. Hem\u015fireli\u011fin iyi bir meslek olarak an\u0131lmad\u0131\u011f\u0131 g\u00fcnlerde ailesine kar\u015f\u0131 \u00e7\u0131karak tutkusunun pe\u015finden gitti. Yard\u0131mseverli\u011fi, merhameti ve azmiyle takdir toplad\u0131. Sava\u015f<span class=\"excerpt-hellip\"> [\u2026]<\/span><\/p>\n","protected":false},"featured_media":0,"template":"","meta":{"_monsterinsights_skip_tracking":false,"_monsterinsights_sitenote_active":false,"_monsterinsights_sitenote_note":"","_monsterinsights_sitenote_category":0},"product_brand":[],"product_cat":[12274,12284],"product_tag":[],"class_list":{"0":"post-752747","1":"product","2":"type-product","3":"status-publish","5":"product_cat-cocuk-ve-genclik-kitaplari","6":"product_cat-hikayeler","7":"pa_cilt-ciltsiz","8":"pa_tur-kitap","9":"pa_yayinevi-timas-cocuk","10":"pa_yazar-ulku-hazman-hur","12":"first","13":"instock","14":"sale","15":"shipping-taxable","16":"purchasable","17":"product-type-simple"},"_links":{"self":[{"href":"https:\/\/roveyayinevi.com.tr\/index.php\/wp-json\/wp\/v2\/product\/752747","targetHints":{"allow":["GET"]}}],"collection":[{"href":"https:\/\/roveyayinevi.com.tr\/index.php\/wp-json\/wp\/v2\/product"}],"about":[{"href":"https:\/\/roveyayinevi.com.tr\/index.php\/wp-json\/wp\/v2\/types\/product"}],"wp:attachment":[{"href":"https:\/\/roveyayinevi.com.tr\/index.php\/wp-json\/wp\/v2\/media?parent=752747"}],"wp:term":[{"taxonomy":"product_brand","embeddable":true,"href":"https:\/\/roveyayinevi.com.tr\/index.php\/wp-json\/wp\/v2\/product_brand?post=752747"},{"taxonomy":"product_cat","embeddable":true,"href":"https:\/\/roveyayinevi.com.tr\/index.php\/wp-json\/wp\/v2\/product_cat?post=752747"},{"taxonomy":"product_tag","embeddable":true,"href":"https:\/\/roveyayinevi.com.tr\/index.php\/wp-json\/wp\/v2\/product_tag?post=752747"}],"curies":[{"name":"wp","href":"https:\/\/api.w.org\/{rel}","templated":true}]}}