{"id":752746,"date":"2025-08-28T05:24:01","date_gmt":"2025-08-28T02:24:01","guid":{"rendered":"https:\/\/roveyayinevi.com.tr\/index.php\/urun\/dedemin-kurabiyeleri\/"},"modified":"2026-04-16T03:06:01","modified_gmt":"2026-04-16T00:06:01","slug":"dedemin-kurabiyeleri","status":"publish","type":"product","link":"https:\/\/roveyayinevi.com.tr\/index.php\/urun\/dedemin-kurabiyeleri\/","title":{"rendered":"Dedemin Kurabiyeleri"},"content":{"rendered":"<p>Samir kurabiyeden zaman dilimleriyle hareket ediyordu. F\u0131r\u0131ndan gelen kokulara g\u00f6re uyan\u0131yor, bu kokulara g\u00f6re okula gidiyor ve okuldan d\u00f6n\u00fcyordu. Bir s\u00fcre sonra kurabiye kokular\u0131 de\u011fi\u015fmeye, Samir\u2019in hayat\u0131 da farkl\u0131la\u015fmaya ba\u015flad\u0131. \u00c7\u00f6zemedi\u011fi bir \u015feyler oluyordu. Dedesinin yapt\u0131\u011f\u0131 kurabiyelerin g\u00f6r\u00fcnt\u00fcs\u00fc ve tad\u0131 nas\u0131l bu kadar de\u011fi\u015febilirdi ki?Samir dedesinin hastal\u0131\u011f\u0131yla y\u00fczle\u015firken sevginin iyile\u015ftirici g\u00fcc\u00fcyle ve kalbin haf\u0131zas\u0131yla tan\u0131\u015facak! Di\u011fer yandan arkada\u015f\u0131 Menesse ile kurabiye tarifinin pe\u015fine d\u00fc\u015fecek. S\u0131cac\u0131k duygular\u0131n kurabiye kokusuna kar\u0131\u015ft\u0131\u011f\u0131 bir hik\u00e2ye okumaya ne dersiniz?<\/p>\n","protected":false},"excerpt":{"rendered":"<p>Samir kurabiyeden zaman dilimleriyle hareket ediyordu. F\u0131r\u0131ndan gelen kokulara g\u00f6re uyan\u0131yor, bu kokulara g\u00f6re okula gidiyor ve okuldan d\u00f6n\u00fcyordu. Bir s\u00fcre sonra kurabiye kokular\u0131 de\u011fi\u015fmeye, Samir\u2019in<span class=\"excerpt-hellip\"> [\u2026]<\/span><\/p>\n","protected":false},"featured_media":0,"template":"","meta":{"_monsterinsights_skip_tracking":false,"_monsterinsights_sitenote_active":false,"_monsterinsights_sitenote_note":"","_monsterinsights_sitenote_category":0},"product_brand":[],"product_cat":[12274,12284],"product_tag":[],"class_list":{"0":"post-752746","1":"product","2":"type-product","3":"status-publish","5":"product_cat-cocuk-ve-genclik-kitaplari","6":"product_cat-hikayeler","7":"pa_cilt-ciltsiz","8":"pa_tur-kitap","9":"pa_yayinevi-timas-cocuk","10":"pa_yazar-emine-arli","12":"first","13":"instock","14":"sale","15":"shipping-taxable","16":"purchasable","17":"product-type-simple"},"_links":{"self":[{"href":"https:\/\/roveyayinevi.com.tr\/index.php\/wp-json\/wp\/v2\/product\/752746","targetHints":{"allow":["GET"]}}],"collection":[{"href":"https:\/\/roveyayinevi.com.tr\/index.php\/wp-json\/wp\/v2\/product"}],"about":[{"href":"https:\/\/roveyayinevi.com.tr\/index.php\/wp-json\/wp\/v2\/types\/product"}],"wp:attachment":[{"href":"https:\/\/roveyayinevi.com.tr\/index.php\/wp-json\/wp\/v2\/media?parent=752746"}],"wp:term":[{"taxonomy":"product_brand","embeddable":true,"href":"https:\/\/roveyayinevi.com.tr\/index.php\/wp-json\/wp\/v2\/product_brand?post=752746"},{"taxonomy":"product_cat","embeddable":true,"href":"https:\/\/roveyayinevi.com.tr\/index.php\/wp-json\/wp\/v2\/product_cat?post=752746"},{"taxonomy":"product_tag","embeddable":true,"href":"https:\/\/roveyayinevi.com.tr\/index.php\/wp-json\/wp\/v2\/product_tag?post=752746"}],"curies":[{"name":"wp","href":"https:\/\/api.w.org\/{rel}","templated":true}]}}