{"id":752745,"date":"2025-08-28T05:23:59","date_gmt":"2025-08-28T02:23:59","guid":{"rendered":"https:\/\/roveyayinevi.com.tr\/index.php\/urun\/bici-bici-banyoya-gunluk-rutinlerim\/"},"modified":"2026-04-03T03:08:08","modified_gmt":"2026-04-03T00:08:08","slug":"bici-bici-banyoya-gunluk-rutinlerim","status":"publish","type":"product","link":"https:\/\/roveyayinevi.com.tr\/index.php\/urun\/bici-bici-banyoya-gunluk-rutinlerim\/","title":{"rendered":"B\u0131c\u0131 B\u0131c\u0131 Banyoya &#8211; G\u00fcnl\u00fck Rutinlerim"},"content":{"rendered":"<p>&#8220;En sevdi\u011fim banyo oyuncaklar\u0131yla y\u0131kanmak \u00e7ok keyifli. Cup cup oynuyorum, mis gibi kokuyorum!&#8221;Rutinler serimizin bu kitab\u0131nda \u00e7ocuklar\u0131n banyoya ili\u015fkin s\u00fcre\u00e7leri tan\u0131mas\u0131n\u0131 kolayla\u015ft\u0131r\u0131yor, keyifli bir banyo al\u0131\u015fkanl\u0131klar\u0131 kazanmalar\u0131na yard\u0131mc\u0131 oluyoruz. <\/p>\n","protected":false},"excerpt":{"rendered":"<p>&#8220;En sevdi\u011fim banyo oyuncaklar\u0131yla y\u0131kanmak \u00e7ok keyifli. Cup cup oynuyorum, mis gibi kokuyorum!&#8221;Rutinler serimizin bu kitab\u0131nda \u00e7ocuklar\u0131n banyoya ili\u015fkin s\u00fcre\u00e7leri tan\u0131mas\u0131n\u0131 kolayla\u015ft\u0131r\u0131yor, keyifli bir banyo al\u0131\u015fkanl\u0131klar\u0131<span class=\"excerpt-hellip\"> [\u2026]<\/span><\/p>\n","protected":false},"featured_media":0,"template":"","meta":{"_monsterinsights_skip_tracking":false,"_monsterinsights_sitenote_active":false,"_monsterinsights_sitenote_note":"","_monsterinsights_sitenote_category":0},"product_brand":[],"product_cat":[12274,12284],"product_tag":[],"class_list":{"0":"post-752745","1":"product","2":"type-product","3":"status-publish","5":"product_cat-cocuk-ve-genclik-kitaplari","6":"product_cat-hikayeler","7":"pa_cilt-ciltsiz","8":"pa_tur-kitap","9":"pa_yayinevi-timas-cocuk","10":"pa_yazar-ozge-selcuk-bozkurt","12":"first","13":"instock","14":"sale","15":"shipping-taxable","16":"purchasable","17":"product-type-simple"},"_links":{"self":[{"href":"https:\/\/roveyayinevi.com.tr\/index.php\/wp-json\/wp\/v2\/product\/752745","targetHints":{"allow":["GET"]}}],"collection":[{"href":"https:\/\/roveyayinevi.com.tr\/index.php\/wp-json\/wp\/v2\/product"}],"about":[{"href":"https:\/\/roveyayinevi.com.tr\/index.php\/wp-json\/wp\/v2\/types\/product"}],"wp:attachment":[{"href":"https:\/\/roveyayinevi.com.tr\/index.php\/wp-json\/wp\/v2\/media?parent=752745"}],"wp:term":[{"taxonomy":"product_brand","embeddable":true,"href":"https:\/\/roveyayinevi.com.tr\/index.php\/wp-json\/wp\/v2\/product_brand?post=752745"},{"taxonomy":"product_cat","embeddable":true,"href":"https:\/\/roveyayinevi.com.tr\/index.php\/wp-json\/wp\/v2\/product_cat?post=752745"},{"taxonomy":"product_tag","embeddable":true,"href":"https:\/\/roveyayinevi.com.tr\/index.php\/wp-json\/wp\/v2\/product_tag?post=752745"}],"curies":[{"name":"wp","href":"https:\/\/api.w.org\/{rel}","templated":true}]}}