{"id":752741,"date":"2025-08-28T05:23:53","date_gmt":"2025-08-28T02:23:53","guid":{"rendered":"https:\/\/roveyayinevi.com.tr\/index.php\/urun\/su-muhtesem-turkler-bi-dunya-turk-tarihi\/"},"modified":"2026-04-16T03:06:01","modified_gmt":"2026-04-16T00:06:01","slug":"su-muhtesem-turkler-bi-dunya-turk-tarihi","status":"publish","type":"product","link":"https:\/\/roveyayinevi.com.tr\/index.php\/urun\/su-muhtesem-turkler-bi-dunya-turk-tarihi\/","title":{"rendered":"\u015eu Muhte\u015fem T\u00fcrkler &#8211; Bi D\u00fcnya T\u00fcrk Tarihi"},"content":{"rendered":"<p>Muhte\u015fem T\u00fcrklerin gizemli tarihine do\u011fru yola \u00e7\u0131kmaya ne dersin? Elindeki kitapta T\u00fcrk tarihinin en \u00f6nemli olaylar\u0131n\u0131, en \u00f6nemli isimlerini, en \u00f6nemli sanat\u00e7\u0131lar\u0131n\u0131, en \u00f6nemli sanat eserlerini bulacaks\u0131n. Kimi zaman gurur dolu anlar ya\u015fayacaks\u0131n, kimi zaman co\u015fkuyla seferden sefere ko\u015facaks\u0131n, kimi zaman da tarihin arka odas\u0131na do\u011fru s\u00fcz\u00fcl\u00fcp muhte\u015fem bilgilerle kar\u015f\u0131la\u015facaks\u0131n. Haydi, e\u011flenceli karikat\u00fcrler e\u015fli\u011finde muhte\u015fem T\u00fcrk tarihi yolculu\u011fumuz ba\u015flas\u0131n.<\/p>\n","protected":false},"excerpt":{"rendered":"<p>Muhte\u015fem T\u00fcrklerin gizemli tarihine do\u011fru yola \u00e7\u0131kmaya ne dersin? Elindeki kitapta T\u00fcrk tarihinin en \u00f6nemli olaylar\u0131n\u0131, en \u00f6nemli isimlerini, en \u00f6nemli sanat\u00e7\u0131lar\u0131n\u0131, en \u00f6nemli sanat eserlerini<span class=\"excerpt-hellip\"> [\u2026]<\/span><\/p>\n","protected":false},"featured_media":0,"template":"","meta":{"_monsterinsights_skip_tracking":false,"_monsterinsights_sitenote_active":false,"_monsterinsights_sitenote_note":"","_monsterinsights_sitenote_category":0},"product_brand":[],"product_cat":[12274,15842],"product_tag":[],"class_list":{"0":"post-752741","1":"product","2":"type-product","3":"status-publish","5":"product_cat-cocuk-ve-genclik-kitaplari","6":"product_cat-egitici-kitaplar","7":"pa_cilt-ciltsiz","8":"pa_tur-kitap","9":"pa_yayinevi-eglenceli-bilgi-yayinlari","10":"pa_yazar-nurlan-nazli-kaya","12":"first","13":"instock","14":"sale","15":"shipping-taxable","16":"purchasable","17":"product-type-simple"},"_links":{"self":[{"href":"https:\/\/roveyayinevi.com.tr\/index.php\/wp-json\/wp\/v2\/product\/752741","targetHints":{"allow":["GET"]}}],"collection":[{"href":"https:\/\/roveyayinevi.com.tr\/index.php\/wp-json\/wp\/v2\/product"}],"about":[{"href":"https:\/\/roveyayinevi.com.tr\/index.php\/wp-json\/wp\/v2\/types\/product"}],"wp:attachment":[{"href":"https:\/\/roveyayinevi.com.tr\/index.php\/wp-json\/wp\/v2\/media?parent=752741"}],"wp:term":[{"taxonomy":"product_brand","embeddable":true,"href":"https:\/\/roveyayinevi.com.tr\/index.php\/wp-json\/wp\/v2\/product_brand?post=752741"},{"taxonomy":"product_cat","embeddable":true,"href":"https:\/\/roveyayinevi.com.tr\/index.php\/wp-json\/wp\/v2\/product_cat?post=752741"},{"taxonomy":"product_tag","embeddable":true,"href":"https:\/\/roveyayinevi.com.tr\/index.php\/wp-json\/wp\/v2\/product_tag?post=752741"}],"curies":[{"name":"wp","href":"https:\/\/api.w.org\/{rel}","templated":true}]}}