{"id":752740,"date":"2025-08-28T05:23:52","date_gmt":"2025-08-28T02:23:52","guid":{"rendered":"https:\/\/roveyayinevi.com.tr\/index.php\/urun\/denizler-arslani\/"},"modified":"2026-04-16T03:06:01","modified_gmt":"2026-04-16T00:06:01","slug":"denizler-arslani","status":"publish","type":"product","link":"https:\/\/roveyayinevi.com.tr\/index.php\/urun\/denizler-arslani\/","title":{"rendered":"Denizler Arslan\u0131"},"content":{"rendered":"<p>K\u00fc\u00e7\u00fck bir adadan d\u00fcnyaya a\u00e7\u0131lan b\u00fcy\u00fck hayaller\u2026 Midilli\u2019nin tepelerinden engin denizleri seyreden bir gen\u00e7\u2026  Korsan gemilerine kar\u015f\u0131 k\u0131ran k\u0131rana bir m\u00fccadele\u2026Frenklerin korkulu r\u00fcyas\u0131 Barbaros, d\u00fc\u015fmanlar taraf\u0131ndan pusuya d\u00fc\u015f\u00fcr\u00fclerek zindana at\u0131lan abisi Oru\u00e7 Reis\u2019i kurtarmak i\u00e7in \u00f6l\u00fcm\u00fc bile g\u00f6ze ald\u0131\u011f\u0131nda, nefes kesen bir maceran\u0131n da ortas\u0131nda bulur kendini\u2026B\u00fcy\u00fck bir donanma toplayarak Barbaros\u2019u denizin dibine g\u00f6mmek isteyen Andrea Doria, bu amac\u0131na ula\u015fabilecek mi? Ha\u00e7l\u0131larla Barbaros aras\u0131ndaki amans\u0131z sava\u015f\u0131n galibi kim olacak?Denize tutkun gen\u00e7 ve cesur bir adam\u0131n ser\u00fcvenlerle dolu hik\u00e2yesi\u2026<\/p>\n","protected":false},"excerpt":{"rendered":"<p>K\u00fc\u00e7\u00fck bir adadan d\u00fcnyaya a\u00e7\u0131lan b\u00fcy\u00fck hayaller\u2026 Midilli\u2019nin tepelerinden engin denizleri seyreden bir gen\u00e7\u2026 Korsan gemilerine kar\u015f\u0131 k\u0131ran k\u0131rana bir m\u00fccadele\u2026Frenklerin korkulu r\u00fcyas\u0131 Barbaros, d\u00fc\u015fmanlar taraf\u0131ndan<span class=\"excerpt-hellip\"> [\u2026]<\/span><\/p>\n","protected":false},"featured_media":0,"template":"","meta":{"_monsterinsights_skip_tracking":false,"_monsterinsights_sitenote_active":false,"_monsterinsights_sitenote_note":"","_monsterinsights_sitenote_category":0},"product_brand":[],"product_cat":[12274,12284],"product_tag":[],"class_list":{"0":"post-752740","1":"product","2":"type-product","3":"status-publish","5":"product_cat-cocuk-ve-genclik-kitaplari","6":"product_cat-hikayeler","7":"pa_cilt-ciltsiz","8":"pa_tur-kitap","9":"pa_yayinevi-carpe-diem-kitaplari","10":"pa_yazar-mehmet-akbulut","12":"first","13":"instock","14":"sale","15":"shipping-taxable","16":"purchasable","17":"product-type-simple"},"_links":{"self":[{"href":"https:\/\/roveyayinevi.com.tr\/index.php\/wp-json\/wp\/v2\/product\/752740","targetHints":{"allow":["GET"]}}],"collection":[{"href":"https:\/\/roveyayinevi.com.tr\/index.php\/wp-json\/wp\/v2\/product"}],"about":[{"href":"https:\/\/roveyayinevi.com.tr\/index.php\/wp-json\/wp\/v2\/types\/product"}],"wp:attachment":[{"href":"https:\/\/roveyayinevi.com.tr\/index.php\/wp-json\/wp\/v2\/media?parent=752740"}],"wp:term":[{"taxonomy":"product_brand","embeddable":true,"href":"https:\/\/roveyayinevi.com.tr\/index.php\/wp-json\/wp\/v2\/product_brand?post=752740"},{"taxonomy":"product_cat","embeddable":true,"href":"https:\/\/roveyayinevi.com.tr\/index.php\/wp-json\/wp\/v2\/product_cat?post=752740"},{"taxonomy":"product_tag","embeddable":true,"href":"https:\/\/roveyayinevi.com.tr\/index.php\/wp-json\/wp\/v2\/product_tag?post=752740"}],"curies":[{"name":"wp","href":"https:\/\/api.w.org\/{rel}","templated":true}]}}