{"id":752739,"date":"2025-08-28T05:23:51","date_gmt":"2025-08-28T02:23:51","guid":{"rendered":"https:\/\/roveyayinevi.com.tr\/index.php\/urun\/kalbin-anlami\/"},"modified":"2026-04-16T03:06:01","modified_gmt":"2026-04-16T00:06:01","slug":"kalbin-anlami","status":"publish","type":"product","link":"https:\/\/roveyayinevi.com.tr\/index.php\/urun\/kalbin-anlami\/","title":{"rendered":"Kalbin Anlam\u0131"},"content":{"rendered":"<p>&#8220;Dikkat ediniz! Kula kalbiyle iman etmek emredilmi\u015ftir. Kalp, Allah\u2019tan sak\u0131nman\u0131n, dinginlik duygusunun, Allah korkusuyla titremenin, Allah\u2019a y\u00f6nelmenin, yumu\u015faman\u0131n, itminan\u0131n, hu\u015funun, ar\u0131nman\u0131n ve temizlenmenin yeridir.&#8221; Cenab-\u0131 Hakk&#8217;\u0131n tecellig\u00e2h\u0131 olan bu mukaddes makam\u0131, kalbimizi ne kadar tan\u0131yoruz?  Kalbin i\u00e7inde bulunan mek\u00e2nlar ve duraklar nelerdir? Bunlar hangi kavramlarla izah edilir? Sadr, l\u00fcb ve fuad kalpten farkl\u0131 m\u0131d\u0131r? \u0130lham ve ke\u015ffe mazhar olmada kalbin rol\u00fc nas\u0131ld\u0131r? \u015eeytan kalbe nas\u0131l vesvese verir ve hangi noktalardan m\u00fcminlere h\u00fccum eder? Kalpler nas\u0131l evrilip \u00e7evrilir ya da yerli yerinde sabit kadem olur? Tasavvuf tarihinde velayet teorisi denince akla gelen ilk isim ve Muhyiddin \u0130bn Arab\u00ee&#8217;nin g\u00f6r\u00fc\u015flerini de etkilemi\u015f sufilerden biri olan Hak\u00eem et-Tirmiz\u00ee\u2019nin Kalbin Anlam\u0131 ad\u0131yla dilimize kazand\u0131r\u0131lan bu kitab\u0131 bizleri, Hz. Peygamberin buyurdu\u011fu &#8220;Takva kalptedir.&#8221; hadisinden yola \u00e7\u0131karak g\u00f6n\u00fcl d\u00fcnyas\u0131n\u0131n derinliklerine g\u00f6t\u00fcrmekte.Bu k\u0131ymetli klasik eser, tasavvuf alan\u0131nda \u00f6zg\u00fcn \u00e7al\u0131\u015fmalar\u0131yla tan\u0131nan Prof. Dr. Ekrem Demirli&#8217;nin etkileyici \u00fcslubu ve \u00e7evirisiyle okurla bulu\u015fuyor.<\/p>\n","protected":false},"excerpt":{"rendered":"<p>&#8220;Dikkat ediniz! Kula kalbiyle iman etmek emredilmi\u015ftir. Kalp, Allah\u2019tan sak\u0131nman\u0131n, dinginlik duygusunun, Allah korkusuyla titremenin, Allah\u2019a y\u00f6nelmenin, yumu\u015faman\u0131n, itminan\u0131n, hu\u015funun, ar\u0131nman\u0131n ve temizlenmenin yeridir.&#8221; Cenab-\u0131 Hakk&#8217;\u0131n<span class=\"excerpt-hellip\"> [\u2026]<\/span><\/p>\n","protected":false},"featured_media":0,"template":"","meta":{"_monsterinsights_skip_tracking":false,"_monsterinsights_sitenote_active":false,"_monsterinsights_sitenote_note":"","_monsterinsights_sitenote_category":0},"product_brand":[],"product_cat":[12718,12719,15238],"product_tag":[],"class_list":{"0":"post-752739","1":"product","2":"type-product","3":"status-publish","5":"product_cat-din","6":"product_cat-islam","7":"product_cat-tasavvuf","8":"pa_cilt-ciltsiz","9":"pa_tur-kitap","10":"pa_yayinevi-sufi-kitap","11":"pa_yazar-hakim-tirmizi","13":"first","14":"instock","15":"sale","16":"shipping-taxable","17":"purchasable","18":"product-type-simple"},"_links":{"self":[{"href":"https:\/\/roveyayinevi.com.tr\/index.php\/wp-json\/wp\/v2\/product\/752739","targetHints":{"allow":["GET"]}}],"collection":[{"href":"https:\/\/roveyayinevi.com.tr\/index.php\/wp-json\/wp\/v2\/product"}],"about":[{"href":"https:\/\/roveyayinevi.com.tr\/index.php\/wp-json\/wp\/v2\/types\/product"}],"wp:attachment":[{"href":"https:\/\/roveyayinevi.com.tr\/index.php\/wp-json\/wp\/v2\/media?parent=752739"}],"wp:term":[{"taxonomy":"product_brand","embeddable":true,"href":"https:\/\/roveyayinevi.com.tr\/index.php\/wp-json\/wp\/v2\/product_brand?post=752739"},{"taxonomy":"product_cat","embeddable":true,"href":"https:\/\/roveyayinevi.com.tr\/index.php\/wp-json\/wp\/v2\/product_cat?post=752739"},{"taxonomy":"product_tag","embeddable":true,"href":"https:\/\/roveyayinevi.com.tr\/index.php\/wp-json\/wp\/v2\/product_tag?post=752739"}],"curies":[{"name":"wp","href":"https:\/\/api.w.org\/{rel}","templated":true}]}}