{"id":752738,"date":"2025-08-28T05:23:50","date_gmt":"2025-08-28T02:23:50","guid":{"rendered":"https:\/\/roveyayinevi.com.tr\/index.php\/urun\/ataturke-suikast-ve-sadakat\/"},"modified":"2026-04-16T03:06:01","modified_gmt":"2026-04-16T00:06:01","slug":"ataturke-suikast-ve-sadakat","status":"publish","type":"product","link":"https:\/\/roveyayinevi.com.tr\/index.php\/urun\/ataturke-suikast-ve-sadakat\/","title":{"rendered":"Atat\u00fcrk&#8217;e Suikast ve Sadakat"},"content":{"rendered":"<p>1935 y\u0131l\u0131 A\u011fustos ay\u0131nda T\u00fcrk h\u00fck\u00fcmeti gelen bir ihbarla alarma ge\u00e7er. \u0130hbar\u0131 yapanlara g\u00f6re birka\u00e7 ki\u015filik bir ekip Beyrut&#8217;tan vapura binerek Atat\u00fcrk&#8217;e suikast d\u00fczenleme maksad\u0131yla yola \u00e7\u0131km\u0131\u015ft\u0131r. Ald\u0131\u011f\u0131 duyum \u00fczerine hemen harekete ge\u00e7en h\u00fck\u00fbmet bir dizi tedbir al\u0131r, Cumhurba\u015fkan\u0131\u2019n\u0131n g\u00fcvenli\u011fini sa\u011flad\u0131ktan sonra ba\u015far\u0131ya ula\u015famayan bu suikast plan\u0131n\u0131n arkas\u0131nda kimin oldu\u011funu ayd\u0131nlatmaya \u00e7al\u0131\u015f\u0131r. Soru\u015fturma esnas\u0131nda baz\u0131 devlet adamlar\u0131n\u0131n ad\u0131n\u0131n olaya kar\u0131\u015fmas\u0131 skandal\u0131n daha \u00e7ok b\u00fcy\u00fcmesine sebep olur. Yaz\u0131l\u0131 bas\u0131n\u0131n bu haberi man\u015fetlere ta\u015f\u0131mas\u0131yla birlikte, s\u00f6z konusu giri\u015fim halk\u0131n da tepkisini \u00e7eker. B\u00fct\u00fcn bu s\u00fcrecin belki en ilgin\u00e7 yan\u0131 ise suikast ihbar\u0131n\u0131 yapan makam\u0131n \u0130ngiliz B\u00fcy\u00fckel\u00e7ili\u011fi olmas\u0131d\u0131r.1935 Me\u00e7hul Bir Suikast\u0131n Kronolojisi Atat\u00fcrk&#8217;e Suikast ve Sadakat, di\u011fer te\u015febb\u00fcslerin g\u00f6lgesinde kald\u0131\u011f\u0131 i\u00e7in pek bilinmeyen bir suikast giri\u015fiminin t\u00fcm detaylar\u0131n\u0131 ar\u015fiv belgelerinin \u0131\u015f\u0131\u011f\u0131nda g\u00fcn y\u00fcz\u00fcne \u00e7\u0131kar\u0131yor. \u0130hbar\u0131n yap\u0131ld\u0131\u011f\u0131 ilk andan mahkeme safhas\u0131n\u0131n sonuna kadar s\u00fcreci b\u00fct\u00fcn\u00fcyle ele al\u0131yor. Prof. Dr. Ali Satan\u2019\u0131n \u0130ngiliz ve T\u00fcrk ar\u015fivlerini tarayarak, kuyumcu titizli\u011fiyle \u00fczerinde \u00e7al\u0131\u015ft\u0131\u011f\u0131 bu eser yaln\u0131zca s\u00f6z konusu suikast te\u015febb\u00fcs\u00fcn\u00fc de\u011fil, daha b\u00fcy\u00fck \u00e7er\u00e7evede Atat\u00fcrk d\u00f6nemi T\u00fcrkiye&#8217;sini, \u00f6zellikle b\u00fcrokrasinin i\u015fleyi\u015f bi\u00e7imini anlama olana\u011f\u0131 sunuyor. Cumhuriyetin 100. y\u0131l d\u00f6n\u00fcm\u00fcne yakla\u015ft\u0131\u011f\u0131m\u0131z \u015fu g\u00fcnlerde bunu kavramak her zamankinden daha \u00e7ok \u00f6nem arz ediyor zira bu suikast ger\u00e7ekle\u015fseydi yeni kurulmu\u015f cumhuriyetin kaderi bamba\u015fka bir y\u00f6ne do\u011fru seyredecekti.<\/p>\n","protected":false},"excerpt":{"rendered":"<p>1935 y\u0131l\u0131 A\u011fustos ay\u0131nda T\u00fcrk h\u00fck\u00fcmeti gelen bir ihbarla alarma ge\u00e7er. \u0130hbar\u0131 yapanlara g\u00f6re birka\u00e7 ki\u015filik bir ekip Beyrut&#8217;tan vapura binerek Atat\u00fcrk&#8217;e suikast d\u00fczenleme maksad\u0131yla yola<span class=\"excerpt-hellip\"> [\u2026]<\/span><\/p>\n","protected":false},"featured_media":0,"template":"","meta":{"_monsterinsights_skip_tracking":false,"_monsterinsights_sitenote_active":false,"_monsterinsights_sitenote_note":"","_monsterinsights_sitenote_category":0},"product_brand":[],"product_cat":[12530,12304],"product_tag":[],"class_list":{"0":"post-752738","1":"product","2":"type-product","3":"status-publish","5":"product_cat-mustafa-kemal-ataturk","6":"product_cat-tarih","7":"pa_cilt-ciltsiz","8":"pa_tur-kitap","9":"pa_yayinevi-timas-yayinlari","10":"pa_yazar-ali-satan","12":"first","13":"instock","14":"sale","15":"shipping-taxable","16":"purchasable","17":"product-type-simple"},"_links":{"self":[{"href":"https:\/\/roveyayinevi.com.tr\/index.php\/wp-json\/wp\/v2\/product\/752738","targetHints":{"allow":["GET"]}}],"collection":[{"href":"https:\/\/roveyayinevi.com.tr\/index.php\/wp-json\/wp\/v2\/product"}],"about":[{"href":"https:\/\/roveyayinevi.com.tr\/index.php\/wp-json\/wp\/v2\/types\/product"}],"wp:attachment":[{"href":"https:\/\/roveyayinevi.com.tr\/index.php\/wp-json\/wp\/v2\/media?parent=752738"}],"wp:term":[{"taxonomy":"product_brand","embeddable":true,"href":"https:\/\/roveyayinevi.com.tr\/index.php\/wp-json\/wp\/v2\/product_brand?post=752738"},{"taxonomy":"product_cat","embeddable":true,"href":"https:\/\/roveyayinevi.com.tr\/index.php\/wp-json\/wp\/v2\/product_cat?post=752738"},{"taxonomy":"product_tag","embeddable":true,"href":"https:\/\/roveyayinevi.com.tr\/index.php\/wp-json\/wp\/v2\/product_tag?post=752738"}],"curies":[{"name":"wp","href":"https:\/\/api.w.org\/{rel}","templated":true}]}}