{"id":752736,"date":"2025-08-28T05:23:47","date_gmt":"2025-08-28T02:23:47","guid":{"rendered":"https:\/\/roveyayinevi.com.tr\/index.php\/urun\/bakara-suresi-sohbetleri-2\/"},"modified":"2026-04-16T03:06:01","modified_gmt":"2026-04-16T00:06:01","slug":"bakara-suresi-sohbetleri-2","status":"publish","type":"product","link":"https:\/\/roveyayinevi.com.tr\/index.php\/urun\/bakara-suresi-sohbetleri-2\/","title":{"rendered":"Bakara Suresi Sohbetleri &#8211; 2"},"content":{"rendered":"<p>\u201cAllah\u2019\u0131n kitab\u0131yla etkile\u015fim i\u00e7inde olmak i\u00e7in okudu\u011funuz ayetlere dikkat edin. Dikkatle bakt\u0131\u011f\u0131n\u0131zda \u00e7o\u011fu zaman Allah\u2019\u0131n (cc) ne dedi\u011fini anlamad\u0131\u011f\u0131n\u0131z\u0131 fark edeceksiniz.\u2018Allah niye b\u00f6yle s\u00f6yledi?\u2019\u2018Nas\u0131l oldu da burada b\u00f6yle s\u00f6yledi ama orada \u015f\u00f6yle s\u00f6ylemi\u015fti?\u2019Soru sormay\u0131 \u00f6\u011frenene kadar Kur\u2019an ayetleri \u00fczerinde derinlemesine d\u00fc\u015f\u00fcnemezsiniz. Kur\u2019an okurken akl\u0131n\u0131za tak\u0131lan sorular\u0131 bir deftere yaz\u0131n ve cevaplar\u0131n\u0131 aray\u0131n; konferanslar dinleyin, kitaplar okuyun, konunun ehli olan insanlara sorun; bir \u015feyler yap\u0131n. Belki sizi tatmin eden bir cevap bulacaks\u0131n\u0131z; belki de bulamayacaks\u0131n\u0131z. Cevab\u0131 bulana kadar aramaya devam edin; aray\u0131n, aray\u0131n&#8230; Bu aray\u0131\u015f size, hi\u00e7bir \u015fey bilmedi\u011finizi hat\u0131rlatacak. Cevaba ula\u015ft\u0131\u011f\u0131n\u0131zda kalbiniz de huzur bulacak ve Allah\u2019\u0131n hikmeti sizin i\u00e7in biraz daha anla\u015f\u0131l\u0131r olmaya ba\u015flayacak.Kur\u2019an ayetleri \u00fczerinde tefekk\u00fcr etmenin g\u00fcc\u00fcn\u00fc takdir etmenizi sa\u011flayacak.Kur\u2019an sizi harekete ge\u00e7irmeli\u2026Kur\u2019an sizi heyecanland\u0131rmal\u0131\u2026Kur\u2019an sizi motive etmeli\u2026\u201dNouman Ali KhanAllah\u2019\u0131n Kitab\u0131, O\u2019na yakla\u015fma yollar\u0131n\u0131n anahtar\u0131d\u0131r. Davet\u00e7i kimli\u011fiyle tan\u0131nan Nouman Ali Khan, Bakara Suresi Sohbetleri-2\u2019de okurlar\u0131n\u0131 \u201cHz. Adem k\u0131ssas\u0131\u201d ve \u201c\u0130srailo\u011fullar\u0131\u201d \u00fczerinde derinlemesine tefekk\u00fcr etmeye, H\u0131ristiyan d\u00fcnyas\u0131n\u0131n ve \u0130slam\u2019\u0131n, yarat\u0131l\u0131\u015f hikayesine ve varolu\u015fa y\u00fckledi\u011fi anlam farkl\u0131l\u0131klar\u0131n\u0131 mukayeseli olarak ortaya koyarak insan\u0131, y\u00fcz\u00fcn\u00fc yarat\u0131c\u0131s\u0131na d\u00f6nmeye davet ediyor\u2026Duyarl\u0131 G\u00fcr\u00fclt\u00fcl\u00fc H\u0131zl\u0131 ve S\u00fcrekli \u00dcst\u00fcm\u00fcze Gelen D\u00fcnyada A\u015f\u0131r\u0131 Hassas Olman\u0131n Sakl\u0131 G\u00fcc\u00fc\u201cAllah\u2019\u0131n kitab\u0131yla etkile\u015fim i\u00e7inde olmak i\u00e7in okudu\u011funuz ayetlere dikkat edin. Dikkatle bakt\u0131\u011f\u0131n\u0131zda \u00e7o\u011fu zaman Allah\u2019\u0131n (cc) ne dedi\u011fini anlamad\u0131\u011f\u0131n\u0131z\u0131 fark edeceksiniz.\u2018Allah niye b\u00f6yle s\u00f6yledi?\u2019\u2018Nas\u0131l oldu da burada b\u00f6yle s\u00f6yledi ama orada \u015f\u00f6yle s\u00f6ylemi\u015fti?\u2019Soru sormay\u0131 \u00f6\u011frenene kadar Kur\u2019an ayetleri \u00fczerinde derinlemesine d\u00fc\u015f\u00fcnemezsiniz. Kur\u2019an okurken akl\u0131n\u0131za tak\u0131lan sorular\u0131 bir deftere yaz\u0131n ve cevaplar\u0131n\u0131 aray\u0131n; konferanslar dinleyin, kitaplar okuyun, konunun ehli olan insanlara sorun; bir \u015feyler yap\u0131n. Belki sizi tatmin eden bir cevap bulacaks\u0131n\u0131z; belki de bulamayacaks\u0131n\u0131z. Cevab\u0131 bulana kadar aramaya devam edin; aray\u0131n, aray\u0131n&#8230; Bu aray\u0131\u015f size, hi\u00e7bir \u015fey bilmedi\u011finizi hat\u0131rlatacak. Cevaba ula\u015ft\u0131\u011f\u0131n\u0131zda kalbiniz de huzur bulacak ve Allah\u2019\u0131n hikmeti sizin i\u00e7in biraz daha anla\u015f\u0131l\u0131r olmaya ba\u015flayacak.Kur\u2019an ayetleri \u00fczerinde tefekk\u00fcr etmenin g\u00fcc\u00fcn\u00fc takdir etmenizi sa\u011flayacak.Kur\u2019an sizi harekete ge\u00e7irmeli\u2026Kur\u2019an sizi heyecanland\u0131rmal\u0131\u2026Kur\u2019an sizi motive etmeli\u2026\u201dNouman Ali KhanAllah\u2019\u0131n Kitab\u0131, O\u2019na yakla\u015fma yollar\u0131n\u0131n anahtar\u0131d\u0131r. Davet\u00e7i kimli\u011fiyle tan\u0131nan Nouman Ali Khan, Bakara Suresi Sohbetleri-2\u2019de okurlar\u0131n\u0131 \u201cHz. Adem k\u0131ssas\u0131\u201d ve \u201c\u0130srailo\u011fullar\u0131\u201d \u00fczerinde derinlemesine tefekk\u00fcr etmeye, H\u0131ristiyan d\u00fcnyas\u0131n\u0131n ve \u0130slam\u2019\u0131n, yarat\u0131l\u0131\u015f hikayesine ve varolu\u015fa y\u00fckledi\u011fi anlam farkl\u0131l\u0131klar\u0131n\u0131 mukayeseli olarak ortaya koyarak insan\u0131, y\u00fcz\u00fcn\u00fc yarat\u0131c\u0131s\u0131na d\u00f6nmeye davet ediyor\u2026Duyarl\u0131 G\u00fcr\u00fclt\u00fcl\u00fc H\u0131zl\u0131 ve S\u00fcrekli \u00dcst\u00fcm\u00fcze Gelen D\u00fcnyada A\u015f\u0131r\u0131 Hassas Olman\u0131n Sakl\u0131 G\u00fcc\u00fc<\/p>\n","protected":false},"excerpt":{"rendered":"<p>\u201cAllah\u2019\u0131n kitab\u0131yla etkile\u015fim i\u00e7inde olmak i\u00e7in okudu\u011funuz ayetlere dikkat edin. Dikkatle bakt\u0131\u011f\u0131n\u0131zda \u00e7o\u011fu zaman Allah\u2019\u0131n (cc) ne dedi\u011fini anlamad\u0131\u011f\u0131n\u0131z\u0131 fark edeceksiniz.\u2018Allah niye b\u00f6yle s\u00f6yledi?\u2019\u2018Nas\u0131l oldu da<span class=\"excerpt-hellip\"> [\u2026]<\/span><\/p>\n","protected":false},"featured_media":0,"template":"","meta":{"_monsterinsights_skip_tracking":false,"_monsterinsights_sitenote_active":false,"_monsterinsights_sitenote_note":"","_monsterinsights_sitenote_category":0},"product_brand":[],"product_cat":[13036,12718,12719],"product_tag":[],"class_list":{"0":"post-752736","1":"product","2":"type-product","3":"status-publish","5":"product_cat-arastirma-inceleme-islam","6":"product_cat-din","7":"product_cat-islam","8":"pa_cilt-ciltsiz","9":"pa_tur-kitap","10":"pa_yayinevi-timas-yayinlari","11":"pa_yazar-nouman-ali-khan","13":"first","14":"instock","15":"sale","16":"shipping-taxable","17":"purchasable","18":"product-type-simple"},"_links":{"self":[{"href":"https:\/\/roveyayinevi.com.tr\/index.php\/wp-json\/wp\/v2\/product\/752736","targetHints":{"allow":["GET"]}}],"collection":[{"href":"https:\/\/roveyayinevi.com.tr\/index.php\/wp-json\/wp\/v2\/product"}],"about":[{"href":"https:\/\/roveyayinevi.com.tr\/index.php\/wp-json\/wp\/v2\/types\/product"}],"wp:attachment":[{"href":"https:\/\/roveyayinevi.com.tr\/index.php\/wp-json\/wp\/v2\/media?parent=752736"}],"wp:term":[{"taxonomy":"product_brand","embeddable":true,"href":"https:\/\/roveyayinevi.com.tr\/index.php\/wp-json\/wp\/v2\/product_brand?post=752736"},{"taxonomy":"product_cat","embeddable":true,"href":"https:\/\/roveyayinevi.com.tr\/index.php\/wp-json\/wp\/v2\/product_cat?post=752736"},{"taxonomy":"product_tag","embeddable":true,"href":"https:\/\/roveyayinevi.com.tr\/index.php\/wp-json\/wp\/v2\/product_tag?post=752736"}],"curies":[{"name":"wp","href":"https:\/\/api.w.org\/{rel}","templated":true}]}}