{"id":752734,"date":"2025-08-28T05:23:44","date_gmt":"2025-08-28T02:23:44","guid":{"rendered":"https:\/\/roveyayinevi.com.tr\/index.php\/urun\/99-yuz-izdusumler-soz-senaryosu\/"},"modified":"2026-04-16T03:06:01","modified_gmt":"2026-04-16T00:06:01","slug":"99-yuz-izdusumler-soz-senaryosu","status":"publish","type":"product","link":"https:\/\/roveyayinevi.com.tr\/index.php\/urun\/99-yuz-izdusumler-soz-senaryosu\/","title":{"rendered":"99 Y\u00fcz: \u0130zd\u00fc\u015f\u00fcmler \/ S\u00f6z Senaryosu"},"content":{"rendered":"<p>S\u00fcleyman Demirel, \u0130brahim Tatl\u0131ses, \u00c7etin Altan, Deniz Baykal, Metin Oktay, Sak\u0131p Sabanc\u0131, Sezai Karako\u00e7&#8230; Siyasetten spora, b\u00fcrokrasiden sanat d\u00fcnyas\u0131na, i\u015finsanlar\u0131na, gazetecilere y\u00fczden fazla isim. Cemal S\u00fcreya\u2019n\u0131n 1980\u2019lerin sonlar\u0131nda yazd\u0131\u011f\u0131 bu yaz\u0131larda, o d\u00f6nemde parlay\u0131p s\u00f6nenler de var, bug\u00fcn h\u00e2l\u00e2 \u2013kimi iyi kimi k\u00f6t\u00fc\u2013 ad\u0131ndan s\u00f6z ettirenler de. Di\u011fer t\u00fcm yaz\u0131lar\u0131nda kar\u015f\u0131m\u0131za \u00e7\u0131kan, tan\u0131d\u0131k \u201c\u015fair Cemal S\u00fcreya\u201ddan ba\u015fka, bu yaz\u0131larda \u201cb\u00fcrokrat Cemal S\u00fcreya\u201dyla da tan\u0131\u015f\u0131yoruz. \u201cT\u00fcrkiye uzman\u0131\u201d Cemal S\u00fcreya. T\u00fcrkiye\u2019nin derdiyle dertlenen, o muzip g\u00fcl\u00fc\u015f\u00fcn alt\u0131nda \u00fclkesine dair derin bir keder gizleyen Cemal S\u00fcreya.<\/p>\n","protected":false},"excerpt":{"rendered":"<p>S\u00fcleyman Demirel, \u0130brahim Tatl\u0131ses, \u00c7etin Altan, Deniz Baykal, Metin Oktay, Sak\u0131p Sabanc\u0131, Sezai Karako\u00e7&#8230; Siyasetten spora, b\u00fcrokrasiden sanat d\u00fcnyas\u0131na, i\u015finsanlar\u0131na, gazetecilere y\u00fczden fazla isim. Cemal S\u00fcreya\u2019n\u0131n<span class=\"excerpt-hellip\"> [\u2026]<\/span><\/p>\n","protected":false},"featured_media":0,"template":"","meta":{"_monsterinsights_skip_tracking":false,"_monsterinsights_sitenote_active":false,"_monsterinsights_sitenote_note":"","_monsterinsights_sitenote_category":0},"product_brand":[],"product_cat":[12777,12291],"product_tag":[],"class_list":{"0":"post-752734","1":"product","2":"type-product","3":"status-publish","5":"product_cat-deneme","6":"product_cat-edebiyat","7":"pa_cilt-ciltsiz","8":"pa_tur-kitap","9":"pa_yayinevi-can-yayinlari","10":"pa_yazar-cemal-sureya","12":"first","13":"instock","14":"sale","15":"shipping-taxable","16":"purchasable","17":"product-type-simple"},"_links":{"self":[{"href":"https:\/\/roveyayinevi.com.tr\/index.php\/wp-json\/wp\/v2\/product\/752734","targetHints":{"allow":["GET"]}}],"collection":[{"href":"https:\/\/roveyayinevi.com.tr\/index.php\/wp-json\/wp\/v2\/product"}],"about":[{"href":"https:\/\/roveyayinevi.com.tr\/index.php\/wp-json\/wp\/v2\/types\/product"}],"wp:attachment":[{"href":"https:\/\/roveyayinevi.com.tr\/index.php\/wp-json\/wp\/v2\/media?parent=752734"}],"wp:term":[{"taxonomy":"product_brand","embeddable":true,"href":"https:\/\/roveyayinevi.com.tr\/index.php\/wp-json\/wp\/v2\/product_brand?post=752734"},{"taxonomy":"product_cat","embeddable":true,"href":"https:\/\/roveyayinevi.com.tr\/index.php\/wp-json\/wp\/v2\/product_cat?post=752734"},{"taxonomy":"product_tag","embeddable":true,"href":"https:\/\/roveyayinevi.com.tr\/index.php\/wp-json\/wp\/v2\/product_tag?post=752734"}],"curies":[{"name":"wp","href":"https:\/\/api.w.org\/{rel}","templated":true}]}}