{"id":752732,"date":"2025-08-28T05:23:40","date_gmt":"2025-08-28T02:23:40","guid":{"rendered":"https:\/\/roveyayinevi.com.tr\/index.php\/urun\/sapkam-dolu-cicekle\/"},"modified":"2026-04-16T03:06:01","modified_gmt":"2026-04-16T00:06:01","slug":"sapkam-dolu-cicekle","status":"publish","type":"product","link":"https:\/\/roveyayinevi.com.tr\/index.php\/urun\/sapkam-dolu-cicekle\/","title":{"rendered":"\u015eapkam Dolu \u00c7i\u00e7ekle"},"content":{"rendered":"<p>Cemal S\u00fcreya sadece iyi bir \u015fair de\u011fil. \u0130yi bir \u00e7evirmen, iyi bir ele\u015ftirmen, iyi bir deneme yazar\u0131, iyi bir okur. Hayat\u0131 boyunca \u015fiirle nefes alm\u0131\u015f, sadece kendi \u015fiirini de\u011fil, ait oldu\u011fu edebiyat d\u00fcnyas\u0131n\u0131n t\u00fcm verimlerini \u00f6nemsemi\u015f bir edebiyat insan\u0131.   \u015eapkam Dolu \u00c7i\u00e7ekle, Cemal S\u00fcreya\u2019n\u0131n \u00f6zellikle T\u00fcrk \u015fiiri \u00fczerine yazd\u0131\u011f\u0131 kapsaml\u0131 yaz\u0131lar\u0131n\u0131n derlendi\u011fi bir kitap. Da\u011flarca, Tevfik Fikret, Oktay Rifat gibi devlerin \u015fiirleri bu yaz\u0131larda enine boyuna inceleniyor.   Cemal S\u00fcreya\u2019n\u0131n bu kitapta N\u00e2z\u0131m Hikmet i\u00e7in kurdu\u011fu \u015fu c\u00fcmle asl\u0131nda onun yaz\u0131lar\u0131 i\u00e7in de s<\/p>\n","protected":false},"excerpt":{"rendered":"<p>Cemal S\u00fcreya sadece iyi bir \u015fair de\u011fil. \u0130yi bir \u00e7evirmen, iyi bir ele\u015ftirmen, iyi bir deneme yazar\u0131, iyi bir okur. Hayat\u0131 boyunca \u015fiirle nefes alm\u0131\u015f, sadece<span class=\"excerpt-hellip\"> [\u2026]<\/span><\/p>\n","protected":false},"featured_media":0,"template":"","meta":{"_monsterinsights_skip_tracking":false,"_monsterinsights_sitenote_active":false,"_monsterinsights_sitenote_note":"","_monsterinsights_sitenote_category":0},"product_brand":[],"product_cat":[12777,12291],"product_tag":[],"class_list":{"0":"post-752732","1":"product","2":"type-product","3":"status-publish","5":"product_cat-deneme","6":"product_cat-edebiyat","7":"pa_cilt-ciltsiz","8":"pa_tur-kitap","9":"pa_yayinevi-can-yayinlari","10":"pa_yazar-cemal-sureya","12":"first","13":"instock","14":"sale","15":"shipping-taxable","16":"purchasable","17":"product-type-simple"},"_links":{"self":[{"href":"https:\/\/roveyayinevi.com.tr\/index.php\/wp-json\/wp\/v2\/product\/752732","targetHints":{"allow":["GET"]}}],"collection":[{"href":"https:\/\/roveyayinevi.com.tr\/index.php\/wp-json\/wp\/v2\/product"}],"about":[{"href":"https:\/\/roveyayinevi.com.tr\/index.php\/wp-json\/wp\/v2\/types\/product"}],"wp:attachment":[{"href":"https:\/\/roveyayinevi.com.tr\/index.php\/wp-json\/wp\/v2\/media?parent=752732"}],"wp:term":[{"taxonomy":"product_brand","embeddable":true,"href":"https:\/\/roveyayinevi.com.tr\/index.php\/wp-json\/wp\/v2\/product_brand?post=752732"},{"taxonomy":"product_cat","embeddable":true,"href":"https:\/\/roveyayinevi.com.tr\/index.php\/wp-json\/wp\/v2\/product_cat?post=752732"},{"taxonomy":"product_tag","embeddable":true,"href":"https:\/\/roveyayinevi.com.tr\/index.php\/wp-json\/wp\/v2\/product_tag?post=752732"}],"curies":[{"name":"wp","href":"https:\/\/api.w.org\/{rel}","templated":true}]}}