{"id":752729,"date":"2025-08-28T05:23:35","date_gmt":"2025-08-28T02:23:35","guid":{"rendered":"https:\/\/roveyayinevi.com.tr\/index.php\/urun\/a-p-t-m-ya-da-simdiki-zamanin-esrari\/"},"modified":"2026-04-16T03:06:01","modified_gmt":"2026-04-16T00:06:01","slug":"a-p-t-m-ya-da-simdiki-zamanin-esrari","status":"publish","type":"product","link":"https:\/\/roveyayinevi.com.tr\/index.php\/urun\/a-p-t-m-ya-da-simdiki-zamanin-esrari\/","title":{"rendered":"A.P.T.M.  ya da \u015eimdiki Zaman\u0131n Esrar\u0131"},"content":{"rendered":"<p>\u201cHalbuki as\u0131l marifet, hi\u00e7bir harfi kullanmadan anlatmak.\u201d   A\u015fk Parametreleri Tespit Merkezi Y\u00fcksek Konseyi Ba\u015fkan\u0131 Timu\u00e7in\u2019in, isimsiz anlat\u0131c\u0131n\u0131n da aralar\u0131nda bulundu\u011fu ve komisyon ba\u015fkanl\u0131klar\u0131na atad\u0131\u011f\u0131 alt\u0131 arkada\u015f\u0131n\u0131n hedefi, merkezi resmen bir derne\u011fe d\u00f6n\u00fc\u015ft\u00fcrmektir. Bunun i\u00e7in Mardin\u2019de ya\u015fayan Mehlika\u2019y\u0131 da aralar\u0131na al\u0131rlar, ancak bu sefer de ondan \u00f6\u011frendikleri, Kitap diye an\u0131lan \u00e7ok eski ve esrarl\u0131 bir metni bulup s\u0131rlar\u0131n\u0131 \u00e7\u00f6zmeyi g\u00f6rev edinirler. Tesad\u00fcf gibi g\u00f6r\u00fcnen gizemli bir deneyim anlat\u0131c\u0131y\u0131, Mardin\u2019de kendini, Mehlika\u2019y\u0131, Kitap\u2019\u0131 \u201cve di\u011fer hazineleri\u201d ke\u015ffedece\u011fi, i\u015faretlerle, simgelerle ve tuhafl\u0131klarla dolu bir maceraya s\u00fcr\u00fckler: Her \u015fey \u201cbir PLAN\u2019\u0131n par\u00e7as\u0131\u201d m\u0131d\u0131r yoksa \u201csadece ilk kural\u0131n\u0131 bildi\u011fimiz, di\u011fer kurallar\u0131n\u0131 ise ancak tahmin edebildi\u011fimiz\u201d ger\u00e7ek\u00e7i bir oyun mu? \u00d6yk\u00fcleriyle tan\u0131d\u0131\u011f\u0131m\u0131z Faruk Turinay, ilk roman\u0131 A.P.T.M. ya da \u015eimdi Zaman\u0131n Esrar\u0131\u2019nda, var olu\u015f, hakikat, kurgu ve zamanla aras\u0131na ironiyle mesafe koyan, d\u00f6rt ba\u015f\u0131 mamur bir sahne kuruyor.   D\u00fcnyay\u0131 mahveden daima eksik iyilikler, eksik kalm\u0131\u015f g\u00fcnahlar ve a\u015fklard\u0131r, demi\u015f ka\u015flar\u0131 yaz\u0131 masas\u0131na de\u011fen adam. Edebiyat da hayat gibi. Kusurlu. Tarifi yar\u0131m yamalak verildi\u011fi i\u00e7in de\u011fil, sadece beceriksiz birilerinin elinde oyuncak oldu\u011fu i\u00e7in de\u011fil; malzemeleri eksik oldu\u011fu i\u00e7in yap\u0131lamayan, az sonra so\u011fuyacak, k\u00f6t\u00fc bir yemek gibi. <\/p>\n","protected":false},"excerpt":{"rendered":"<p>\u201cHalbuki as\u0131l marifet, hi\u00e7bir harfi kullanmadan anlatmak.\u201d A\u015fk Parametreleri Tespit Merkezi Y\u00fcksek Konseyi Ba\u015fkan\u0131 Timu\u00e7in\u2019in, isimsiz anlat\u0131c\u0131n\u0131n da aralar\u0131nda bulundu\u011fu ve komisyon ba\u015fkanl\u0131klar\u0131na atad\u0131\u011f\u0131 alt\u0131 arkada\u015f\u0131n\u0131n<span class=\"excerpt-hellip\"> [\u2026]<\/span><\/p>\n","protected":false},"featured_media":0,"template":"","meta":{"_monsterinsights_skip_tracking":false,"_monsterinsights_sitenote_active":false,"_monsterinsights_sitenote_note":"","_monsterinsights_sitenote_category":0},"product_brand":[],"product_cat":[12291,12711],"product_tag":[],"class_list":{"0":"post-752729","1":"product","2":"type-product","3":"status-publish","5":"product_cat-edebiyat","6":"product_cat-roman-oyku","7":"pa_cilt-ciltsiz","8":"pa_tur-kitap","9":"pa_yayinevi-everest-yayinlari","10":"pa_yazar-faruk-turinay","12":"first","13":"instock","14":"sale","15":"shipping-taxable","16":"purchasable","17":"product-type-simple"},"_links":{"self":[{"href":"https:\/\/roveyayinevi.com.tr\/index.php\/wp-json\/wp\/v2\/product\/752729","targetHints":{"allow":["GET"]}}],"collection":[{"href":"https:\/\/roveyayinevi.com.tr\/index.php\/wp-json\/wp\/v2\/product"}],"about":[{"href":"https:\/\/roveyayinevi.com.tr\/index.php\/wp-json\/wp\/v2\/types\/product"}],"wp:attachment":[{"href":"https:\/\/roveyayinevi.com.tr\/index.php\/wp-json\/wp\/v2\/media?parent=752729"}],"wp:term":[{"taxonomy":"product_brand","embeddable":true,"href":"https:\/\/roveyayinevi.com.tr\/index.php\/wp-json\/wp\/v2\/product_brand?post=752729"},{"taxonomy":"product_cat","embeddable":true,"href":"https:\/\/roveyayinevi.com.tr\/index.php\/wp-json\/wp\/v2\/product_cat?post=752729"},{"taxonomy":"product_tag","embeddable":true,"href":"https:\/\/roveyayinevi.com.tr\/index.php\/wp-json\/wp\/v2\/product_tag?post=752729"}],"curies":[{"name":"wp","href":"https:\/\/api.w.org\/{rel}","templated":true}]}}