{"id":752728,"date":"2025-08-28T05:23:34","date_gmt":"2025-08-28T02:23:34","guid":{"rendered":"https:\/\/roveyayinevi.com.tr\/index.php\/urun\/turkiyede-tarihcilik-ve-kultur-endustrisi\/"},"modified":"2026-04-16T03:06:01","modified_gmt":"2026-04-16T00:06:01","slug":"turkiyede-tarihcilik-ve-kultur-endustrisi","status":"publish","type":"product","link":"https:\/\/roveyayinevi.com.tr\/index.php\/urun\/turkiyede-tarihcilik-ve-kultur-endustrisi\/","title":{"rendered":"T\u00fcrkiye&#8217;de Tarih\u00e7ilik ve K\u00fclt\u00fcr End\u00fcstrisi"},"content":{"rendered":"<p>Frankfurt Okulu \u00f6nc\u00fclerince \u00fcretilen k\u00fclt\u00fcr end\u00fcstrisi kavram\u0131yla daha \u00e7ok yo\u011fun end\u00fcstri toplumunda \u00e7al\u0131\u015fanlarda olu\u015fan \u201cbunalt\u0131c\u0131l\u0131\u011f\u0131\u201d bir s\u00fcre i\u00e7in \u00f6telemeyi ama\u00e7layan e\u011flence temelli giri\u015fimler kastedilmi\u015ftir. Bu \u00fcr\u00fcnler vas\u0131tas\u0131yla etkileri k\u0131sa s\u00fcreli de olsa, sa\u011flanan zihinsel rahatlamayla \u00e7al\u0131\u015fanlar\u0131n ya\u015fad\u0131klar\u0131 yoksulluk, yoksunluk ve bask\u0131lar\u0131 unutturarak \u00fcretimden kopmamas\u0131 hedeflenmi\u015ftir. K\u00fclt\u00fcr end\u00fcstrisi \u00f6gelerinden bir k\u0131sm\u0131n\u0131n tarihsel i\u00e7erikli olmas\u0131, k\u00fclt\u00fcr end\u00fcstrisi ile tarih aras\u0131ndaki gerilimli ili\u015fkiyi incelemeyi zorunlu k\u0131lm\u0131\u015ft\u0131r. Tarih mecmualar\u0131ndan tarihsel romanlara, tarihsel tiyatrolardan, tarihsel filmlere ve nihayet bug\u00fcn T\u00fcrkiye g\u00fcndeminde pop\u00fcler hakimiyetini ilan etmi\u015f olan tarihsel dizilere kadar \u201ciyi zaman ge\u00e7irme\u201d ama\u00e7l\u0131 bir \u00e7ok pop\u00fcler eser t\u00fcr\u00fcn\u00fcn bu kapsamda oldu\u011fu s\u00f6ylenebilir.  Bu kitapta tarihyaz\u0131m\u0131 ve tarih\u00e7ilik e\u011fitimi ba\u011flam\u0131nda k\u00fclt\u00fcr end\u00fcstrisi \u00fcr\u00fcnlerinin yeri ve \u00f6nemi alan\u0131nda yetkin tarih\u00e7ilerce tart\u0131\u015f\u0131l\u0131rken, ayn\u0131 zamanda tarih b\u00f6l\u00fcmlerinde okuyan \u00f6\u011frenciler i\u00e7in pop\u00fcler tarih dergicili\u011fi ve TV\u2019de tarih programc\u0131l\u0131\u011f\u0131 gibi geleneksel olan\u0131n yan\u0131nda yapay zeka teknolojilerinin tarih ileti\u015fiminde sundu\u011fu imkanlar ve blogger\u2019l\u0131k gibi yeni nesil dijital imkanlarla beliren \u201ci\u00e7erik \u00fcreticili\u011fi\u201d konular\u0131nda de\u011ferlendirmeler yap\u0131lmaktad\u0131r.                                                                                                                                                                                 Ahmet \u015eim\u015fek <\/p>\n","protected":false},"excerpt":{"rendered":"<p>Frankfurt Okulu \u00f6nc\u00fclerince \u00fcretilen k\u00fclt\u00fcr end\u00fcstrisi kavram\u0131yla daha \u00e7ok yo\u011fun end\u00fcstri toplumunda \u00e7al\u0131\u015fanlarda olu\u015fan \u201cbunalt\u0131c\u0131l\u0131\u011f\u0131\u201d bir s\u00fcre i\u00e7in \u00f6telemeyi ama\u00e7layan e\u011flence temelli giri\u015fimler kastedilmi\u015ftir. Bu \u00fcr\u00fcnler<span class=\"excerpt-hellip\"> [\u2026]<\/span><\/p>\n","protected":false},"featured_media":0,"template":"","meta":{"_monsterinsights_skip_tracking":false,"_monsterinsights_sitenote_active":false,"_monsterinsights_sitenote_note":"","_monsterinsights_sitenote_category":0},"product_brand":[],"product_cat":[12304,13650],"product_tag":[],"class_list":{"0":"post-752728","1":"product","2":"type-product","3":"status-publish","5":"product_cat-tarih","6":"product_cat-turk-tarihi-arastirmalari","7":"pa_cilt-ciltsiz","8":"pa_tur-kitap","9":"pa_yayinevi-topos-yayinlari","10":"pa_yazar-ahmet-simsek-ahmet-yuksel","12":"first","13":"instock","14":"sale","15":"shipping-taxable","16":"purchasable","17":"product-type-simple"},"_links":{"self":[{"href":"https:\/\/roveyayinevi.com.tr\/index.php\/wp-json\/wp\/v2\/product\/752728","targetHints":{"allow":["GET"]}}],"collection":[{"href":"https:\/\/roveyayinevi.com.tr\/index.php\/wp-json\/wp\/v2\/product"}],"about":[{"href":"https:\/\/roveyayinevi.com.tr\/index.php\/wp-json\/wp\/v2\/types\/product"}],"wp:attachment":[{"href":"https:\/\/roveyayinevi.com.tr\/index.php\/wp-json\/wp\/v2\/media?parent=752728"}],"wp:term":[{"taxonomy":"product_brand","embeddable":true,"href":"https:\/\/roveyayinevi.com.tr\/index.php\/wp-json\/wp\/v2\/product_brand?post=752728"},{"taxonomy":"product_cat","embeddable":true,"href":"https:\/\/roveyayinevi.com.tr\/index.php\/wp-json\/wp\/v2\/product_cat?post=752728"},{"taxonomy":"product_tag","embeddable":true,"href":"https:\/\/roveyayinevi.com.tr\/index.php\/wp-json\/wp\/v2\/product_tag?post=752728"}],"curies":[{"name":"wp","href":"https:\/\/api.w.org\/{rel}","templated":true}]}}