{"id":752723,"date":"2025-08-28T05:23:26","date_gmt":"2025-08-28T02:23:26","guid":{"rendered":"https:\/\/roveyayinevi.com.tr\/index.php\/urun\/boyle-bir-istanbul\/"},"modified":"2026-04-16T03:06:01","modified_gmt":"2026-04-16T00:06:01","slug":"boyle-bir-istanbul","status":"publish","type":"product","link":"https:\/\/roveyayinevi.com.tr\/index.php\/urun\/boyle-bir-istanbul\/","title":{"rendered":"B\u00f6yle Bir \u0130stanbul"},"content":{"rendered":"<p>Herkesin kendine g\u00f6re ba\u015fka bir \u0130stanbul\u2019u var. Benimki bir yapbozun par\u00e7alar\u0131 gibi. Bir araya getiremedi\u011fim, birbirinden kopuk kopuk, bir anl\u0131k par\u00e7alar\u0131n k\u00fcllerinden her mevsim yeniden can bulan ve bir t\u00fcrl\u00fc birbirine kavu\u015famadan yine da\u011f\u0131lan bir \u0130stanbul yapbozu.   Tansu Bele, \u0130stanbul\u2019a dair, ondan ilham ald\u0131\u011f\u0131, onun d\u00fc\u015f\u00fcnd\u00fcrd\u00fckleri \u00fczerine g\u00f6zlemlerini, incelemelerini bir araya getirdi\u011fi kitab\u0131nda yedi tepeli \u015fehre yeni bir bak\u0131\u015f kazand\u0131r\u0131yor.<\/p>\n","protected":false},"excerpt":{"rendered":"<p>Herkesin kendine g\u00f6re ba\u015fka bir \u0130stanbul\u2019u var. Benimki bir yapbozun par\u00e7alar\u0131 gibi. Bir araya getiremedi\u011fim, birbirinden kopuk kopuk, bir anl\u0131k par\u00e7alar\u0131n k\u00fcllerinden her mevsim yeniden can<span class=\"excerpt-hellip\"> [\u2026]<\/span><\/p>\n","protected":false},"featured_media":0,"template":"","meta":{"_monsterinsights_skip_tracking":false,"_monsterinsights_sitenote_active":false,"_monsterinsights_sitenote_note":"","_monsterinsights_sitenote_category":0},"product_brand":[],"product_cat":[12777,12291],"product_tag":[],"class_list":{"0":"post-752723","1":"product","2":"type-product","3":"status-publish","5":"product_cat-deneme","6":"product_cat-edebiyat","7":"pa_cilt-ciltsiz","8":"pa_tur-kitap","9":"pa_yayinevi-luna-yayinlari","10":"pa_yazar-tansu-bele","12":"first","13":"instock","14":"sale","15":"shipping-taxable","16":"purchasable","17":"product-type-simple"},"_links":{"self":[{"href":"https:\/\/roveyayinevi.com.tr\/index.php\/wp-json\/wp\/v2\/product\/752723","targetHints":{"allow":["GET"]}}],"collection":[{"href":"https:\/\/roveyayinevi.com.tr\/index.php\/wp-json\/wp\/v2\/product"}],"about":[{"href":"https:\/\/roveyayinevi.com.tr\/index.php\/wp-json\/wp\/v2\/types\/product"}],"wp:attachment":[{"href":"https:\/\/roveyayinevi.com.tr\/index.php\/wp-json\/wp\/v2\/media?parent=752723"}],"wp:term":[{"taxonomy":"product_brand","embeddable":true,"href":"https:\/\/roveyayinevi.com.tr\/index.php\/wp-json\/wp\/v2\/product_brand?post=752723"},{"taxonomy":"product_cat","embeddable":true,"href":"https:\/\/roveyayinevi.com.tr\/index.php\/wp-json\/wp\/v2\/product_cat?post=752723"},{"taxonomy":"product_tag","embeddable":true,"href":"https:\/\/roveyayinevi.com.tr\/index.php\/wp-json\/wp\/v2\/product_tag?post=752723"}],"curies":[{"name":"wp","href":"https:\/\/api.w.org\/{rel}","templated":true}]}}