{"id":752722,"date":"2025-08-28T05:23:24","date_gmt":"2025-08-28T02:23:24","guid":{"rendered":"https:\/\/roveyayinevi.com.tr\/index.php\/urun\/ferdi-ile-esra-cengizlikler\/"},"modified":"2026-04-16T03:06:01","modified_gmt":"2026-04-16T00:06:01","slug":"ferdi-ile-esra-cengizlikler","status":"publish","type":"product","link":"https:\/\/roveyayinevi.com.tr\/index.php\/urun\/ferdi-ile-esra-cengizlikler\/","title":{"rendered":"Ferdi ile Esra Cengizlikler"},"content":{"rendered":"<p>Merhaba can dostum, aram\u0131za ho\u015f geldin. Ben Ferdi, \u015fu an bu sat\u0131rlar\u0131 karde\u015flerimin ba\u011f\u0131r\u0131\u015flar\u0131 alt\u0131nda yaz\u0131yorum. Senin ne \u015fartlar alt\u0131nda okudu\u011funu merak ediyorum do\u011frusu. Belki annen sana k\u0131zd\u0131 ve eline tutu\u015fturdu bu kitab\u0131. Kitap\u00e7\u0131daki kitaplar\u0131n aras\u0131ndan da g\u00f6z\u00fcne \u00e7arpm\u0131\u015f olabilir. Bu sayede seninle yollar\u0131m\u0131z kesi\u015fti. Sen, belki benim gibi de\u011filsin, hatta benim heyecan\u0131m\u0131 hayal bile edemezsin. Kendimi sana tan\u0131tmama gerek yok, bence sen hepimizi zamanla anlars\u0131n.   Gidenin d\u00f6nmedi\u011fi Sisli Orman&#8217;\u0131n derinliklerine uzanan maceralar\u0131nda Ferdi, Sercan, Mercan, Cengiz ve Esra&#8217;ya e\u015flik etmeye haz\u0131r m\u0131s\u0131n\u0131z? Birbirinden heyecanl\u0131 ve e\u011flenceli sat\u0131rlar\u0131yla bu kitab\u0131 elinizden b\u0131rakamayacaks\u0131n\u0131z.<\/p>\n","protected":false},"excerpt":{"rendered":"<p>Merhaba can dostum, aram\u0131za ho\u015f geldin. Ben Ferdi, \u015fu an bu sat\u0131rlar\u0131 karde\u015flerimin ba\u011f\u0131r\u0131\u015flar\u0131 alt\u0131nda yaz\u0131yorum. Senin ne \u015fartlar alt\u0131nda okudu\u011funu merak ediyorum do\u011frusu. Belki annen<span class=\"excerpt-hellip\"> [\u2026]<\/span><\/p>\n","protected":false},"featured_media":0,"template":"","meta":{"_monsterinsights_skip_tracking":false,"_monsterinsights_sitenote_active":false,"_monsterinsights_sitenote_note":"","_monsterinsights_sitenote_category":0},"product_brand":[],"product_cat":[12274,12284],"product_tag":[],"class_list":{"0":"post-752722","1":"product","2":"type-product","3":"status-publish","5":"product_cat-cocuk-ve-genclik-kitaplari","6":"product_cat-hikayeler","7":"pa_cilt-ciltsiz","8":"pa_tur-kitap","9":"pa_yayinevi-luna-cocuk-yayinlari","10":"pa_yazar-recep-yildirim","12":"first","13":"instock","14":"sale","15":"shipping-taxable","16":"purchasable","17":"product-type-simple"},"_links":{"self":[{"href":"https:\/\/roveyayinevi.com.tr\/index.php\/wp-json\/wp\/v2\/product\/752722","targetHints":{"allow":["GET"]}}],"collection":[{"href":"https:\/\/roveyayinevi.com.tr\/index.php\/wp-json\/wp\/v2\/product"}],"about":[{"href":"https:\/\/roveyayinevi.com.tr\/index.php\/wp-json\/wp\/v2\/types\/product"}],"wp:attachment":[{"href":"https:\/\/roveyayinevi.com.tr\/index.php\/wp-json\/wp\/v2\/media?parent=752722"}],"wp:term":[{"taxonomy":"product_brand","embeddable":true,"href":"https:\/\/roveyayinevi.com.tr\/index.php\/wp-json\/wp\/v2\/product_brand?post=752722"},{"taxonomy":"product_cat","embeddable":true,"href":"https:\/\/roveyayinevi.com.tr\/index.php\/wp-json\/wp\/v2\/product_cat?post=752722"},{"taxonomy":"product_tag","embeddable":true,"href":"https:\/\/roveyayinevi.com.tr\/index.php\/wp-json\/wp\/v2\/product_tag?post=752722"}],"curies":[{"name":"wp","href":"https:\/\/api.w.org\/{rel}","templated":true}]}}