{"id":752721,"date":"2025-08-28T05:23:22","date_gmt":"2025-08-28T02:23:22","guid":{"rendered":"https:\/\/roveyayinevi.com.tr\/index.php\/urun\/gunes-gurseler-kulliyati\/"},"modified":"2026-04-16T03:06:01","modified_gmt":"2026-04-16T00:06:01","slug":"gunes-gurseler-kulliyati","status":"publish","type":"product","link":"https:\/\/roveyayinevi.com.tr\/index.php\/urun\/gunes-gurseler-kulliyati\/","title":{"rendered":"G\u00fcne\u015f G\u00fcrseler K\u00fclliyat\u0131"},"content":{"rendered":"<p>\u00c7ok yava\u015f geli\u015fme g\u00f6steren ortalama k\u00fclt\u00fcr\u00fcm\u00fczde, yazd\u0131klar\u0131m\u0131n pek de i\u015fe yaramayaca\u011f\u0131n\u0131 bilerek yazd\u0131m. Bendeki yazma d\u00fcrt\u00fcs\u00fc tam da Antropolog Yazar Prof. Dr. Tayfun Atay\u2019\u0131n \u201cHayata yazarak m\u00fcdahale etme arzu ve a\u015fk\u0131\u2026\u201d c\u00fcmlesinde ifadesini buluyor. Yani elimden ba\u015fka bir \u015fey gelmedi, bu arzu ve a\u015fkla yazd\u0131m. Geriye bak\u0131nca yaz\u0131lar\u0131mdaki \u00f6ng\u00f6r\u00fclerimin ger\u00e7ekle\u015fti\u011fini fakat isteklerimin yerine gelmedi\u011fini g\u00f6r\u00fcyorum. Ger\u00e7ekle\u015fen \u00f6ng\u00f6r\u00fclerim hukuk alan\u0131nda da \u00e7evre ve siyaset alanlar\u0131nda da hep olumsuz oldu. Yaz\u0131lar\u0131m\u0131 okuyanlar neden b\u00f6yle oldu\u011funa yan\u0131t\u0131m\u0131 bulacakt\u0131r. Yan\u0131t\u0131m, demokrasimizi kurumla\u015ft\u0131r\u0131p Cumhuriyetimizi \u201cDemokratik Cumhuriyet\u201de d\u00f6n\u00fc\u015ft\u00fcrmedeki isteksizli\u011fimiz ve de siyaset\u00e7imizin \u201cBireysel Siyaset\u201dten vazge\u00e7emeyi\u015fidir. Evet, bir kez daha benden bu kadar.   G\u00fcne\u015f G\u00fcrseler<\/p>\n","protected":false},"excerpt":{"rendered":"<p>\u00c7ok yava\u015f geli\u015fme g\u00f6steren ortalama k\u00fclt\u00fcr\u00fcm\u00fczde, yazd\u0131klar\u0131m\u0131n pek de i\u015fe yaramayaca\u011f\u0131n\u0131 bilerek yazd\u0131m. Bendeki yazma d\u00fcrt\u00fcs\u00fc tam da Antropolog Yazar Prof. Dr. Tayfun Atay\u2019\u0131n \u201cHayata yazarak<span class=\"excerpt-hellip\"> [\u2026]<\/span><\/p>\n","protected":false},"featured_media":0,"template":"","meta":{"_monsterinsights_skip_tracking":false,"_monsterinsights_sitenote_active":false,"_monsterinsights_sitenote_note":"","_monsterinsights_sitenote_category":0},"product_brand":[],"product_cat":[12291,104362],"product_tag":[],"class_list":{"0":"post-752721","1":"product","2":"type-product","3":"status-publish","5":"product_cat-edebiyat","6":"product_cat-makale","7":"pa_cilt-ciltsiz","8":"pa_tur-kitap","9":"pa_yayinevi-luna-yayinlari","10":"pa_yazar-gunes-gurseler-ali-ihsan-tertemiz","12":"first","13":"instock","14":"sale","15":"shipping-taxable","16":"purchasable","17":"product-type-simple"},"_links":{"self":[{"href":"https:\/\/roveyayinevi.com.tr\/index.php\/wp-json\/wp\/v2\/product\/752721","targetHints":{"allow":["GET"]}}],"collection":[{"href":"https:\/\/roveyayinevi.com.tr\/index.php\/wp-json\/wp\/v2\/product"}],"about":[{"href":"https:\/\/roveyayinevi.com.tr\/index.php\/wp-json\/wp\/v2\/types\/product"}],"wp:attachment":[{"href":"https:\/\/roveyayinevi.com.tr\/index.php\/wp-json\/wp\/v2\/media?parent=752721"}],"wp:term":[{"taxonomy":"product_brand","embeddable":true,"href":"https:\/\/roveyayinevi.com.tr\/index.php\/wp-json\/wp\/v2\/product_brand?post=752721"},{"taxonomy":"product_cat","embeddable":true,"href":"https:\/\/roveyayinevi.com.tr\/index.php\/wp-json\/wp\/v2\/product_cat?post=752721"},{"taxonomy":"product_tag","embeddable":true,"href":"https:\/\/roveyayinevi.com.tr\/index.php\/wp-json\/wp\/v2\/product_tag?post=752721"}],"curies":[{"name":"wp","href":"https:\/\/api.w.org\/{rel}","templated":true}]}}