{"id":752720,"date":"2025-08-28T05:23:20","date_gmt":"2025-08-28T02:23:20","guid":{"rendered":"https:\/\/roveyayinevi.com.tr\/index.php\/urun\/kepcenin-gucu\/"},"modified":"2026-04-16T03:06:01","modified_gmt":"2026-04-16T00:06:01","slug":"kepcenin-gucu","status":"publish","type":"product","link":"https:\/\/roveyayinevi.com.tr\/index.php\/urun\/kepcenin-gucu\/","title":{"rendered":"Kep\u00e7enin G\u00fcc\u00fc"},"content":{"rendered":"<p>Kep\u00e7enin G\u00fcc\u00fc\u2019nde, tarihte yap\u0131lan sava\u015flarda, yeni\u00e7eri mutfaklar\u0131na ba\u011fl\u0131 olarak \u00e7\u0131kan isyanlar, erzak temininde ya\u015fanan zorluk ve aksakl\u0131klar ile aksakl\u0131\u011fa sebebiyet verenlerin idam\u0131na neden olan olaylar; bu esnada ya\u015fanan tutkulu a\u015fklar, insanlar\u0131n sabr\u0131n\u0131n s\u0131nand\u0131\u011f\u0131 durumlar, kep\u00e7edeki lezzetin zamana kar\u015f\u0131 s\u0131rlar\u0131, bir y\u0131\u011f\u0131n duygusal ve tebess\u00fcm ettirecek olaylar hik\u00e2yele\u015ftirilerek okuyucunun be\u011fenisine sunulmu\u015ftur.   G\u00f6rd\u00fc g\u00f6z\u00fcn\/ sevdin amma\/g\u00fclistanda\/ dert olur Sevdin amma\/ sevilmedin\/hayat sana\/ zehrolur G\u00fclistanda\/ hayat sana\/nevbaharda\/ s\u0131r olur Dert olur \/ zehr olur\/ s\u0131r olur\/ a\u015fk olur   Maye der ki;\/ a\u015fk olursa \/ solup yiten\/k\u00f6r olur A\u015fk olursa\/ nefis co\u015far\/ak\u0131l gider \/yok olur Solup yiten\/canlar yanar\/hayat denen\/ bo\u015f olur K\u00f6r olur\/ yok olur \/bo\u015f olur\/ mahvolur.<\/p>\n","protected":false},"excerpt":{"rendered":"<p>Kep\u00e7enin G\u00fcc\u00fc\u2019nde, tarihte yap\u0131lan sava\u015flarda, yeni\u00e7eri mutfaklar\u0131na ba\u011fl\u0131 olarak \u00e7\u0131kan isyanlar, erzak temininde ya\u015fanan zorluk ve aksakl\u0131klar ile aksakl\u0131\u011fa sebebiyet verenlerin idam\u0131na neden olan olaylar; bu<span class=\"excerpt-hellip\"> [\u2026]<\/span><\/p>\n","protected":false},"featured_media":0,"template":"","meta":{"_monsterinsights_skip_tracking":false,"_monsterinsights_sitenote_active":false,"_monsterinsights_sitenote_note":"","_monsterinsights_sitenote_category":0},"product_brand":[],"product_cat":[12291,12711],"product_tag":[],"class_list":{"0":"post-752720","1":"product","2":"type-product","3":"status-publish","5":"product_cat-edebiyat","6":"product_cat-roman-oyku","7":"pa_cilt-ciltsiz","8":"pa_tur-kitap","9":"pa_yayinevi-luna-yayinlari","10":"pa_yazar-cem-oguz","12":"first","13":"instock","14":"sale","15":"shipping-taxable","16":"purchasable","17":"product-type-simple"},"_links":{"self":[{"href":"https:\/\/roveyayinevi.com.tr\/index.php\/wp-json\/wp\/v2\/product\/752720","targetHints":{"allow":["GET"]}}],"collection":[{"href":"https:\/\/roveyayinevi.com.tr\/index.php\/wp-json\/wp\/v2\/product"}],"about":[{"href":"https:\/\/roveyayinevi.com.tr\/index.php\/wp-json\/wp\/v2\/types\/product"}],"wp:attachment":[{"href":"https:\/\/roveyayinevi.com.tr\/index.php\/wp-json\/wp\/v2\/media?parent=752720"}],"wp:term":[{"taxonomy":"product_brand","embeddable":true,"href":"https:\/\/roveyayinevi.com.tr\/index.php\/wp-json\/wp\/v2\/product_brand?post=752720"},{"taxonomy":"product_cat","embeddable":true,"href":"https:\/\/roveyayinevi.com.tr\/index.php\/wp-json\/wp\/v2\/product_cat?post=752720"},{"taxonomy":"product_tag","embeddable":true,"href":"https:\/\/roveyayinevi.com.tr\/index.php\/wp-json\/wp\/v2\/product_tag?post=752720"}],"curies":[{"name":"wp","href":"https:\/\/api.w.org\/{rel}","templated":true}]}}