{"id":752719,"date":"2025-08-28T05:23:19","date_gmt":"2025-08-28T02:23:19","guid":{"rendered":"https:\/\/roveyayinevi.com.tr\/index.php\/urun\/dusuncemizin-gunesli-cografyasinda-felsefeyi-guncellemek\/"},"modified":"2026-04-16T03:06:01","modified_gmt":"2026-04-16T00:06:01","slug":"dusuncemizin-gunesli-cografyasinda-felsefeyi-guncellemek","status":"publish","type":"product","link":"https:\/\/roveyayinevi.com.tr\/index.php\/urun\/dusuncemizin-gunesli-cografyasinda-felsefeyi-guncellemek\/","title":{"rendered":"D\u00fc\u015f\u00fcncemizin G\u00fcne\u015fli Co\u011frafyas\u0131nda Felsefeyi G\u00fcncellemek"},"content":{"rendered":"<p>Ne olacak bu d\u00fcnyan\u0131n h\u00e2li? Bir yanda insan\u0131n do\u011fada yaratt\u0131\u011f\u0131 y\u0131k\u0131mlar, \u00f6te yanda do\u011fan\u0131n insana olan tepkisel y\u0131k\u0131mlar\u0131\u2026 Bu nas\u0131l bir gidi\u015f? Nereye gidiyor d\u00fcnya? Biraz yak\u0131nca bir tarihte bilimler ve bilimsel bulu\u015flar \/ uygulay\u0131mlar toplumlara nas\u0131l bir gelecek vadediyorlard\u0131? Uygarl\u0131k ne diyordu? Hani ya\u015fam, insan ve do\u011fa i\u00e7in eskisinden daha g\u00fczel olacakt\u0131? Oysa y\u0131ld\u0131r\u0131mlar d\u00fc\u015ft\u00fc d\u00fc\u015fecek: G\u00f6ky\u00fcz\u00fc karanl\u0131k, yery\u00fcz\u00fc ye\u015filini, mavisini yitirmi\u015f. Bulutlar irin y\u00fckl\u00fc\u2026 Do\u011fa keskin di\u015flerini g\u00f6stererek homurdan\u0131yor, silkeleniyor, debeleniyor, k\u00fckr\u00fcyor ve tekmeliyor insan\u0131. \u00c7\u00fcnk\u00fc insan \u00e7a\u011fda\u015fla\u015fmas\u0131n\u0131, yani uygarl\u0131\u011f\u0131n\u0131n krall\u0131\u011f\u0131n\u0131 s\u00fcrd\u00fcrme u\u011fruna do\u011faya sava\u015f a\u00e7m\u0131\u015f. De\u015fiyor, t\u0131rmal\u0131yor, kaz\u0131yor, harc\u0131yor, savuruyor, t\u00fcketiyor do\u011fan\u0131n t\u00fcm kaynaklar\u0131n\u0131. \u0130nsafs\u0131zca ve k\u00f6rlemesine. S\u0131rf kendi varl\u0131\u011f\u0131 i\u00e7in. Kendi yarar\u0131n\u0131, kendi \u00e7\u0131kar\u0131n\u0131, kendi \u00fcst\u00fcnl\u00fc\u011f\u00fcn\u00fc ve insanl\u0131\u011f\u0131n\u0131 s\u00fcrd\u00fcrebilmek i\u00e7in. Oysa insan, do\u011fa kar\u015f\u0131s\u0131nda yine de yetersiz. Yine de zay\u0131f ve g\u00fc\u00e7s\u00fcz, ne kadar ac\u0131mas\u0131z olsa da do\u011fa ondan daha g\u00fc\u00e7l\u00fc.   Tansu Bele, farkl\u0131 mecralarda yer alm\u0131\u015f yaz\u0131lar\u0131n\u0131 ve konu\u015fmalar\u0131n\u0131 derledi\u011fi eserinde pek \u00e7ok konuyu kendine has bak\u0131\u015f a\u00e7\u0131s\u0131yla irdeliyor.<\/p>\n","protected":false},"excerpt":{"rendered":"<p>Ne olacak bu d\u00fcnyan\u0131n h\u00e2li? Bir yanda insan\u0131n do\u011fada yaratt\u0131\u011f\u0131 y\u0131k\u0131mlar, \u00f6te yanda do\u011fan\u0131n insana olan tepkisel y\u0131k\u0131mlar\u0131\u2026 Bu nas\u0131l bir gidi\u015f? Nereye gidiyor d\u00fcnya? Biraz<span class=\"excerpt-hellip\"> [\u2026]<\/span><\/p>\n","protected":false},"featured_media":0,"template":"","meta":{"_monsterinsights_skip_tracking":false,"_monsterinsights_sitenote_active":false,"_monsterinsights_sitenote_note":"","_monsterinsights_sitenote_category":0},"product_brand":[],"product_cat":[12388],"product_tag":[],"class_list":{"0":"post-752719","1":"product","2":"type-product","3":"status-publish","5":"product_cat-felsefe","6":"pa_cilt-ciltsiz","7":"pa_tur-kitap","8":"pa_yayinevi-luna-yayinlari","9":"pa_yazar-tansu-bele","11":"first","12":"instock","13":"sale","14":"shipping-taxable","15":"purchasable","16":"product-type-simple"},"_links":{"self":[{"href":"https:\/\/roveyayinevi.com.tr\/index.php\/wp-json\/wp\/v2\/product\/752719","targetHints":{"allow":["GET"]}}],"collection":[{"href":"https:\/\/roveyayinevi.com.tr\/index.php\/wp-json\/wp\/v2\/product"}],"about":[{"href":"https:\/\/roveyayinevi.com.tr\/index.php\/wp-json\/wp\/v2\/types\/product"}],"wp:attachment":[{"href":"https:\/\/roveyayinevi.com.tr\/index.php\/wp-json\/wp\/v2\/media?parent=752719"}],"wp:term":[{"taxonomy":"product_brand","embeddable":true,"href":"https:\/\/roveyayinevi.com.tr\/index.php\/wp-json\/wp\/v2\/product_brand?post=752719"},{"taxonomy":"product_cat","embeddable":true,"href":"https:\/\/roveyayinevi.com.tr\/index.php\/wp-json\/wp\/v2\/product_cat?post=752719"},{"taxonomy":"product_tag","embeddable":true,"href":"https:\/\/roveyayinevi.com.tr\/index.php\/wp-json\/wp\/v2\/product_tag?post=752719"}],"curies":[{"name":"wp","href":"https:\/\/api.w.org\/{rel}","templated":true}]}}