{"id":752718,"date":"2025-08-28T05:23:18","date_gmt":"2025-08-28T02:23:18","guid":{"rendered":"https:\/\/roveyayinevi.com.tr\/index.php\/urun\/ahkam-ayetleri-baglaminda-fikih-kiraat-iliskisi-taberi-ve-cessas-ornegi\/"},"modified":"2026-04-16T03:06:01","modified_gmt":"2026-04-16T00:06:01","slug":"ahkam-ayetleri-baglaminda-fikih-kiraat-iliskisi-taberi-ve-cessas-ornegi","status":"publish","type":"product","link":"https:\/\/roveyayinevi.com.tr\/index.php\/urun\/ahkam-ayetleri-baglaminda-fikih-kiraat-iliskisi-taberi-ve-cessas-ornegi\/","title":{"rendered":"Ahkam Ayetleri Ba\u011flam\u0131nda F\u0131k\u0131h-K\u0131raat \u0130li\u015fkisi (Taberi ve Cessas \u00d6rne\u011fi)"},"content":{"rendered":"<p>Ahkam Ayetleri Ba\u011flam\u0131nda F\u0131k\u0131h-K\u0131raat \u0130li\u015fkisi(Taberi ve Cessas \u00d6rne\u011fi)<\/p>\n","protected":false},"excerpt":{"rendered":"<p>Ahkam Ayetleri Ba\u011flam\u0131nda F\u0131k\u0131h-K\u0131raat \u0130li\u015fkisi(Taberi ve Cessas \u00d6rne\u011fi)<\/p>\n","protected":false},"featured_media":0,"template":"","meta":{"_monsterinsights_skip_tracking":false,"_monsterinsights_sitenote_active":false,"_monsterinsights_sitenote_note":"","_monsterinsights_sitenote_category":0},"product_brand":[],"product_cat":[12718,12719],"product_tag":[],"class_list":{"0":"post-752718","1":"product","2":"type-product","3":"status-publish","5":"product_cat-din","6":"product_cat-islam","7":"pa_cilt-ciltsiz","8":"pa_tur-kitap","9":"pa_yayinevi-soncag-akademik-kitaplar","10":"pa_yazar-yunus-yalcin","12":"first","13":"instock","14":"sale","15":"shipping-taxable","16":"purchasable","17":"product-type-simple"},"_links":{"self":[{"href":"https:\/\/roveyayinevi.com.tr\/index.php\/wp-json\/wp\/v2\/product\/752718","targetHints":{"allow":["GET"]}}],"collection":[{"href":"https:\/\/roveyayinevi.com.tr\/index.php\/wp-json\/wp\/v2\/product"}],"about":[{"href":"https:\/\/roveyayinevi.com.tr\/index.php\/wp-json\/wp\/v2\/types\/product"}],"wp:attachment":[{"href":"https:\/\/roveyayinevi.com.tr\/index.php\/wp-json\/wp\/v2\/media?parent=752718"}],"wp:term":[{"taxonomy":"product_brand","embeddable":true,"href":"https:\/\/roveyayinevi.com.tr\/index.php\/wp-json\/wp\/v2\/product_brand?post=752718"},{"taxonomy":"product_cat","embeddable":true,"href":"https:\/\/roveyayinevi.com.tr\/index.php\/wp-json\/wp\/v2\/product_cat?post=752718"},{"taxonomy":"product_tag","embeddable":true,"href":"https:\/\/roveyayinevi.com.tr\/index.php\/wp-json\/wp\/v2\/product_tag?post=752718"}],"curies":[{"name":"wp","href":"https:\/\/api.w.org\/{rel}","templated":true}]}}