{"id":752717,"date":"2025-08-28T05:23:16","date_gmt":"2025-08-28T02:23:16","guid":{"rendered":"https:\/\/roveyayinevi.com.tr\/index.php\/urun\/derin-2\/"},"modified":"2026-04-08T03:12:39","modified_gmt":"2026-04-08T00:12:39","slug":"derin-2","status":"publish","type":"product","link":"https:\/\/roveyayinevi.com.tr\/index.php\/urun\/derin-2\/","title":{"rendered":"Derin"},"content":{"rendered":"<p>\u201cCennetin kap\u0131s\u0131n\u0131n \u00fczerinde \u2018Kabul\u2019 yaz\u0131yormu\u015f&#8230; Oldu\u011fun gibi, kendin gibi ve her ne oluyorsa orada olup kabulde olmak. Buymu\u015f anlat\u0131lan. Cehennemin kap\u0131s\u0131nda ise \u2018\u0130nk\u00e2r\u2019 yaz\u0131yormu\u015f. Ald\u0131\u011f\u0131n\u0131, sana verileni, olan\u0131 kabul edememek&#8230; Oradan \u00e7\u0131kan dumanlarm\u0131\u015f; kin, \u00f6fke ve yas. Karanl\u0131km\u0131\u015f oras\u0131, t\u0131pk\u0131 i\u00e7im gibi. \u015eimdi benim \u00f6n\u00fcm ayd\u0131nlan\u0131yor\u2026 B\u0131rakmak istiyorum a\u011f\u0131rl\u0131klar\u0131m\u0131 ve huysuzluklar\u0131m\u0131. Bu anlatt\u0131klar\u0131m\u0131 fark ettik\u00e7e, sanki i\u00e7imde bir yerlerde \u00e7\u0131rp\u0131n\u0131p duran ku\u015f \u00f6zg\u00fcr kald\u0131. Nedenini bilemedi\u011fim huzursuzluklar\u0131m son buldu. Hayata ne katabilirim dedik\u00e7e, cennet bah\u00e7emin \u00e7i\u00e7ekleri co\u015fuyor. Seyrettiklerim g\u00fczelle\u015fiyor&#8230;\u201dHayatla s\u00fcrekli bir \u00e7arp\u0131\u015fma h\u00e2linde ya\u015fayan, \u0131\u015f\u0131\u011f\u0131n\u0131 i\u00e7eri hapsetmi\u015f gen\u00e7 bir kad\u0131nd\u0131r Derin. Ge\u00e7mi\u015fin ac\u0131 veren an\u0131lar\u0131n\u0131, kaybettiklerinin bo\u015flu\u011funu hayat\u0131n\u0131n ba\u015fk\u00f6\u015fesine yerle\u015ftirmi\u015ftir. Oysa hayat tesad\u00fcf gibi g\u00f6r\u00fcnen kar\u015f\u0131la\u015fmalar, olaylar eliyle seslenmektedir ona: \u2018A\u00e7 y\u00fcre\u011finin kap\u0131lar\u0131n\u0131, i\u00e7inden y\u00fckselen sesin ne s\u00f6yledi\u011fini dinle, kalbinin pusulas\u0131n\u0131 eline al ve cesaretle y\u00fcr\u00fcmeye ba\u015fla. Sendeleyip d\u00fc\u015fsen de, dizlerin kanasa da devam et. Benzersiz hayat\u0131n\u0131 ger\u00e7ekle\u015ftirme yolunda tutkuyla y\u00fcr\u00fcmeyi s\u00fcrd\u00fcr.\u2019Hayat\u0131n \u00e7a\u011fr\u0131s\u0131na kulak veren Derin t\u0131pk\u0131 bir bebek gibi sanc\u0131yla do\u011facakt\u0131r yeni hayat\u0131na. Meltem Reyhan, hayat\u0131m\u0131z\u0131n en \u00f6nemli maceras\u0131n\u0131n ger\u00e7ekte kim oldu\u011fumuzu ve ya\u015fama amac\u0131m\u0131z\u0131 ke\u015ffetme yolculu\u011fu oldu\u011funu, ilham veren bir hik\u00e2yeyle anlat\u0131yor bizlere.<\/p>\n","protected":false},"excerpt":{"rendered":"<p>\u201cCennetin kap\u0131s\u0131n\u0131n \u00fczerinde \u2018Kabul\u2019 yaz\u0131yormu\u015f&#8230; Oldu\u011fun gibi, kendin gibi ve her ne oluyorsa orada olup kabulde olmak. Buymu\u015f anlat\u0131lan. Cehennemin kap\u0131s\u0131nda ise \u2018\u0130nk\u00e2r\u2019 yaz\u0131yormu\u015f. Ald\u0131\u011f\u0131n\u0131, sana<span class=\"excerpt-hellip\"> [\u2026]<\/span><\/p>\n","protected":false},"featured_media":0,"template":"","meta":{"_monsterinsights_skip_tracking":false,"_monsterinsights_sitenote_active":false,"_monsterinsights_sitenote_note":"","_monsterinsights_sitenote_category":0},"product_brand":[],"product_cat":[12291,12711],"product_tag":[],"class_list":{"0":"post-752717","1":"product","2":"type-product","3":"status-publish","5":"product_cat-edebiyat","6":"product_cat-roman-oyku","7":"pa_cilt-ciltsiz","8":"pa_tur-kitap","9":"pa_yayinevi-muptela-yayinevi","10":"pa_yazar-meltem-reyhan","12":"first","13":"instock","14":"sale","15":"shipping-taxable","16":"purchasable","17":"product-type-simple"},"_links":{"self":[{"href":"https:\/\/roveyayinevi.com.tr\/index.php\/wp-json\/wp\/v2\/product\/752717","targetHints":{"allow":["GET"]}}],"collection":[{"href":"https:\/\/roveyayinevi.com.tr\/index.php\/wp-json\/wp\/v2\/product"}],"about":[{"href":"https:\/\/roveyayinevi.com.tr\/index.php\/wp-json\/wp\/v2\/types\/product"}],"wp:attachment":[{"href":"https:\/\/roveyayinevi.com.tr\/index.php\/wp-json\/wp\/v2\/media?parent=752717"}],"wp:term":[{"taxonomy":"product_brand","embeddable":true,"href":"https:\/\/roveyayinevi.com.tr\/index.php\/wp-json\/wp\/v2\/product_brand?post=752717"},{"taxonomy":"product_cat","embeddable":true,"href":"https:\/\/roveyayinevi.com.tr\/index.php\/wp-json\/wp\/v2\/product_cat?post=752717"},{"taxonomy":"product_tag","embeddable":true,"href":"https:\/\/roveyayinevi.com.tr\/index.php\/wp-json\/wp\/v2\/product_tag?post=752717"}],"curies":[{"name":"wp","href":"https:\/\/api.w.org\/{rel}","templated":true}]}}