{"id":752716,"date":"2025-08-28T05:23:15","date_gmt":"2025-08-28T02:23:15","guid":{"rendered":"https:\/\/roveyayinevi.com.tr\/index.php\/urun\/meraklisina-misir-mitolojisi\/"},"modified":"2026-04-16T03:06:01","modified_gmt":"2026-04-16T00:06:01","slug":"meraklisina-misir-mitolojisi","status":"publish","type":"product","link":"https:\/\/roveyayinevi.com.tr\/index.php\/urun\/meraklisina-misir-mitolojisi\/","title":{"rendered":"Merakl\u0131s\u0131na M\u0131s\u0131r Mitolojisi"},"content":{"rendered":"<p>Merakl\u0131s\u0131na M\u0131s\u0131r Mitolojisi, tarihteki en uzun \u00f6m\u00fcrl\u00fc medeniyetlerden birinin temel de\u011ferlerini ifade eden, \u00e7a\u011fda\u015f k\u00fclt\u00fcrleri etkileyerek Bat\u0131 k\u00fclt\u00fcr miras\u0131n\u0131n bir par\u00e7as\u0131 haline gelen m\u0131s\u0131r mitlerinin b\u00fcy\u00fcleyici ve karma\u015f\u0131k d\u00fcnyas\u0131n\u0131 ele al\u0131yor. Mitoloji, tarihin b\u00fcy\u00fck bir k\u0131sm\u0131nda M\u0131s\u0131r k\u00fclt\u00fcr\u00fcn\u00fcn ayr\u0131lmaz bir par\u00e7as\u0131yd\u0131. Pinch de bu kitapta, Kleopatra\u2019n\u0131n \u0130\u011fnesi ve Tutankhamun\u2019un alt\u0131n heykelinden tanr\u0131lar\u0131n anlat\u0131ld\u0131\u011f\u0131 papir\u00fcslere kadar M\u0131s\u0131r mitolojisiyle ilgili \u00e7ok \u00e7e\u015fitli kaynak ve nesnelerin arkas\u0131ndaki k\u00fclt\u00fcrel ve tarihsel arka plan\u0131 inceliyor. Bunun yan\u0131 s\u0131ra \u201cHorus ve Seth\u2019in \u00c7eki\u015fmeleri\u201d mitini ayr\u0131nt\u0131l\u0131 olarak a\u00e7\u0131klay\u0131p yol a\u00e7t\u0131\u011f\u0131 pek \u00e7ok yorumu g\u00f6zler \u00f6n\u00fcne seriyor. Ayr\u0131ca M\u0131s\u0131r tarihine ait bir zaman \u00e7izelgesi ve teknik terimler s\u00f6zl\u00fc\u011f\u00fc de sunuyor. Mitlerin ne anlama geldi\u011fini, \u0130sis ve Osiris gibi tanr\u0131lar\u0131n mitlerinin \u00e7a\u011fda\u015f k\u00fclt\u00fcr\u00fc etkileyerek k\u00fclt\u00fcrel miras\u0131m\u0131z\u0131n bir par\u00e7as\u0131 haline nas\u0131l geldi\u011fini merak edenler i\u00e7in keyifli bir rehber. \u201cKarma\u015f\u0131k bir konunun ustaca, a\u00e7\u0131k ve \u00f6zl\u00fc anlat\u0131m\u0131.\u201d \u2013Dr. Richards Parkinson, British MuseumMerakl\u0131s\u0131na dizisindeki di\u011fer kitaplar: Merakl\u0131s\u0131na Psikoloji \u2013 Merakl\u0131s\u0131na Klasik Mitoloji \u2013 Merakl\u0131s\u0131na Evrim \u2013 Merakl\u0131s\u0131na Ekonomi \u2013 Merakl\u0131s\u0131na Duygular \u2013 Merakl\u0131s\u0131na Y\u00f6netim \u2013 Merakl\u0131s\u0131na Bili\u015fsel Davran\u0131\u015f\u00e7\u0131 Terapi \u2013 Merakl\u0131s\u0131na Roma Tarihi \u2013 Merakl\u0131s\u0131na Feminizm \u2013 Merakl\u0131s\u0131na Toplumsal Cinsiyet(ler)\u2013 Merakl\u0131s\u0131na Tarih\u00f6ncesi D\u00fcnya<\/p>\n","protected":false},"excerpt":{"rendered":"<p>Merakl\u0131s\u0131na M\u0131s\u0131r Mitolojisi, tarihteki en uzun \u00f6m\u00fcrl\u00fc medeniyetlerden birinin temel de\u011ferlerini ifade eden, \u00e7a\u011fda\u015f k\u00fclt\u00fcrleri etkileyerek Bat\u0131 k\u00fclt\u00fcr miras\u0131n\u0131n bir par\u00e7as\u0131 haline gelen m\u0131s\u0131r mitlerinin b\u00fcy\u00fcleyici<span class=\"excerpt-hellip\"> [\u2026]<\/span><\/p>\n","protected":false},"featured_media":0,"template":"","meta":{"_monsterinsights_skip_tracking":false,"_monsterinsights_sitenote_active":false,"_monsterinsights_sitenote_note":"","_monsterinsights_sitenote_category":0},"product_brand":[],"product_cat":[12718,12858],"product_tag":[],"class_list":{"0":"post-752716","1":"product","2":"type-product","3":"status-publish","5":"product_cat-din","6":"product_cat-mitolojiler","7":"pa_cilt-ciltsiz","8":"pa_tur-kitap","9":"pa_yayinevi-nova-kitap","10":"pa_yazar-geraldine-pinch","12":"first","13":"instock","14":"sale","15":"shipping-taxable","16":"purchasable","17":"product-type-simple"},"_links":{"self":[{"href":"https:\/\/roveyayinevi.com.tr\/index.php\/wp-json\/wp\/v2\/product\/752716","targetHints":{"allow":["GET"]}}],"collection":[{"href":"https:\/\/roveyayinevi.com.tr\/index.php\/wp-json\/wp\/v2\/product"}],"about":[{"href":"https:\/\/roveyayinevi.com.tr\/index.php\/wp-json\/wp\/v2\/types\/product"}],"wp:attachment":[{"href":"https:\/\/roveyayinevi.com.tr\/index.php\/wp-json\/wp\/v2\/media?parent=752716"}],"wp:term":[{"taxonomy":"product_brand","embeddable":true,"href":"https:\/\/roveyayinevi.com.tr\/index.php\/wp-json\/wp\/v2\/product_brand?post=752716"},{"taxonomy":"product_cat","embeddable":true,"href":"https:\/\/roveyayinevi.com.tr\/index.php\/wp-json\/wp\/v2\/product_cat?post=752716"},{"taxonomy":"product_tag","embeddable":true,"href":"https:\/\/roveyayinevi.com.tr\/index.php\/wp-json\/wp\/v2\/product_tag?post=752716"}],"curies":[{"name":"wp","href":"https:\/\/api.w.org\/{rel}","templated":true}]}}