{"id":752715,"date":"2025-08-28T05:23:14","date_gmt":"2025-08-28T02:23:14","guid":{"rendered":"https:\/\/roveyayinevi.com.tr\/index.php\/urun\/yalniz-degilsin-2\/"},"modified":"2026-04-16T03:06:01","modified_gmt":"2026-04-16T00:06:01","slug":"yalniz-degilsin-2","status":"publish","type":"product","link":"https:\/\/roveyayinevi.com.tr\/index.php\/urun\/yalniz-degilsin-2\/","title":{"rendered":"Yaln\u0131z De\u011filsin"},"content":{"rendered":"<p>Shay Miller a\u015fk\u0131 bulmak istiyor ama hep yanl\u0131\u015f ki\u015filere tutuluyordu. Ba\u015far\u0131l\u0131 olmak istiyor ama ge\u00e7ici i\u015flerde s\u00fcr\u00fcn\u00fcyordu. Kendini bir yerlere ait hissetmek istiyor ama gitgide yaln\u0131zla\u015f\u0131yordu.Ta ki Moore karde\u015flerle kar\u015f\u0131la\u015fana kadar. Cassandra ile Jane m\u00fckemmel bir hayat s\u00fcr\u00fcyor, ne isterlerse elde edebiliyorlard\u0131. Shay\u2019i de kendi arkada\u015f gruplar\u0131na kabul etmeleriyle birlikte k\u0131sa bir s\u00fcre \u00f6nce umutsuzca debelenen gen\u00e7 kad\u0131n i\u00e7in her \u015fey bir anda iyiye gitmeye ba\u015flam\u0131\u015ft\u0131.Shay, yeni arkada\u015flar\u0131n\u0131n onu sevmesi i\u00e7in can\u0131n\u0131 bile verirdi.Belki de ger\u00e7ekten vermek zorunda kalacakt\u0131.Newsweek, SheReads, PopSugar, HelloGiggles, Marie Claire, Woman\u2019s Day Y\u0131l\u0131n En \u00c7ok Beklenen Kitaplar\u0131ndan biri     \u201cNefes kesen ters k\u00f6\u015feleriyle zekice kurgulanm\u0131\u015f bir roman.\u201d \u2014Publishers Weekly  (starred review)   \u201c\u00c7oksatan ikili Greer Hendricks ve Sarah Pekkanen, bir trajediyle kesi\u015fen ya\u015famlar\u0131 ve o andan sonra ya\u015fananlar\u0131 s\u00fcr\u00fckleyici bir dille kaleme alm\u0131\u015f.\u201d \u2014Good Morning America Online   \u201c\u0130simsiz K\u0131z ve Aram\u0131zdaki Kad\u0131n kitaplar\u0131n\u0131n ard\u0131ndaki ekip, s\u0131n\u0131rlar\u0131 zorlayan bir psikolojik gerilimle bir kez daha bu alandaki marifetlerini g\u00f6stermi\u015fler. Bir arkada\u015f grubuyla ba\u015flayan hik\u00e2ye giderek karma\u015f\u0131k bir h\u00e2l al\u0131yor ve t\u00fcyler \u00fcrperten ters k\u00f6\u015felerle ilerliyor.\u201d \u2014Newsweek   \u201cYaln\u0131z De\u011filsin\u2019e bay\u0131lacaks\u0131n\u0131z. Kimse bu ikili kadar s\u00fcrprizli psikolojik gerilimler yazamaz.\u201d \u2014HelloGiggles   \u201cMetro istasyonunda bir \u00f6l\u00fcme tan\u0131k olan gen\u00e7 bir kad\u0131n\u0131n izini s\u00fcren roman, karakterin kendini \u00f6len k\u0131z\u0131n arkada\u015flar\u0131n\u0131n s\u0131cak ve sevgi dolu yak\u0131nl\u0131\u011f\u0131yla sarmalanm\u0131\u015f bulmas\u0131yla ba\u015flayan s\u00fcreci anlat\u0131yor. Karakterimiz kendini nihayet bir \u015feyleri ba\u015farm\u0131\u015f gibi hissetti\u011fi s\u0131rada domino ta\u015flar\u0131 bir bir devrilmeye ba\u015fl\u0131yor.\u201d \u2014Marie Claire   \u201cDinamik ikili Hendricks ve Pekkanen, elinizden b\u0131rakamayaca\u011f\u0131n\u0131z bu heyecan dolu romanla s\u0131rad\u0131\u015f\u0131 bir i\u015fe daha imza at\u0131yor.\u201d \u2014Library Journal (starred review)   \u201cBulmaca \u00e7\u00f6zmeyi seven okurlar i\u00e7in s\u0131k s\u0131k ge\u00e7mi\u015fe d\u00f6nen, s\u00fcrprizlerle dolu bir hik\u00e2ye.\u201d \u2014Kirkus   \u201cGerilimi ustal\u0131kla t\u0131rmand\u0131r\u0131yor&#8230; Okurlar son \u00e2na kadar tahminde bulunmaya devam edecek.\u201d \u2014Booklist  (starred review)   \u201cPsikolojik gerilim yazmak fazlas\u0131yla hassas bir denge gerektiriyor ve Greer Hendricks ile Sarah Pekkanen bu konuda ustalar.\u201d \u2014New York Times Book Review   \u201cYaln\u0131z De\u011filsin, ters k\u00f6\u015feleri ve ger\u00e7ek\u00e7i gerilimiyle \u00f6ne \u00e7\u0131k\u0131yor.\u201d \u2014South Florida Sun-Sentinel <\/p>\n","protected":false},"excerpt":{"rendered":"<p>Shay Miller a\u015fk\u0131 bulmak istiyor ama hep yanl\u0131\u015f ki\u015filere tutuluyordu. Ba\u015far\u0131l\u0131 olmak istiyor ama ge\u00e7ici i\u015flerde s\u00fcr\u00fcn\u00fcyordu. Kendini bir yerlere ait hissetmek istiyor ama gitgide yaln\u0131zla\u015f\u0131yordu.Ta<span class=\"excerpt-hellip\"> [\u2026]<\/span><\/p>\n","protected":false},"featured_media":0,"template":"","meta":{"_monsterinsights_skip_tracking":false,"_monsterinsights_sitenote_active":false,"_monsterinsights_sitenote_note":"","_monsterinsights_sitenote_category":0},"product_brand":[],"product_cat":[12291,17033],"product_tag":[],"class_list":{"0":"post-752715","1":"product","2":"type-product","3":"status-publish","5":"product_cat-edebiyat","6":"product_cat-korku-gerilim","7":"pa_cilt-ciltsiz","8":"pa_tur-kitap","9":"pa_yayinevi-yabanci-yayinevi","10":"pa_yazar-greer-hendricks-sarah-pekkanen","12":"first","13":"instock","14":"sale","15":"shipping-taxable","16":"purchasable","17":"product-type-simple"},"_links":{"self":[{"href":"https:\/\/roveyayinevi.com.tr\/index.php\/wp-json\/wp\/v2\/product\/752715","targetHints":{"allow":["GET"]}}],"collection":[{"href":"https:\/\/roveyayinevi.com.tr\/index.php\/wp-json\/wp\/v2\/product"}],"about":[{"href":"https:\/\/roveyayinevi.com.tr\/index.php\/wp-json\/wp\/v2\/types\/product"}],"wp:attachment":[{"href":"https:\/\/roveyayinevi.com.tr\/index.php\/wp-json\/wp\/v2\/media?parent=752715"}],"wp:term":[{"taxonomy":"product_brand","embeddable":true,"href":"https:\/\/roveyayinevi.com.tr\/index.php\/wp-json\/wp\/v2\/product_brand?post=752715"},{"taxonomy":"product_cat","embeddable":true,"href":"https:\/\/roveyayinevi.com.tr\/index.php\/wp-json\/wp\/v2\/product_cat?post=752715"},{"taxonomy":"product_tag","embeddable":true,"href":"https:\/\/roveyayinevi.com.tr\/index.php\/wp-json\/wp\/v2\/product_tag?post=752715"}],"curies":[{"name":"wp","href":"https:\/\/api.w.org\/{rel}","templated":true}]}}