{"id":752712,"date":"2025-08-28T05:23:09","date_gmt":"2025-08-28T02:23:09","guid":{"rendered":"https:\/\/roveyayinevi.com.tr\/index.php\/urun\/frontal-sendrom-2-kitap\/"},"modified":"2026-04-16T03:06:01","modified_gmt":"2026-04-16T00:06:01","slug":"frontal-sendrom-2-kitap","status":"publish","type":"product","link":"https:\/\/roveyayinevi.com.tr\/index.php\/urun\/frontal-sendrom-2-kitap\/","title":{"rendered":"Frontal (Sendrom 2. Kitap)"},"content":{"rendered":"<p>Hugo \u00f6d\u00fcll\u00fc yazar John Scalzi\u2019nin yak\u0131n gelecekte ge\u00e7en bilimkurgu &#8211; gizem t\u00fcr\u00fcndeki Sendrom serisinin ikinci kitab\u0131 Frontal, s\u00fcr\u00fckleyici bir macerayla birinci kitab\u0131n b\u0131rakt\u0131\u011f\u0131 yerden devam ediyor.   D\u00fcnya genelinde milyonlarca insan\u0131n hareket kabiliyetini elinden alarak onlar\u0131 yata\u011fa mahk\u00fbm eden Haden Sendromu\u2019nun h\u00e2l\u00e2 bir tedavisi bulunamam\u0131\u015ft\u0131r. Ancak insanlar t\u00fcrl\u00fc icat ve ke\u015fiflerle hastal\u0131\u011f\u0131n olumsuz yanlar\u0131n\u0131 en aza indirmeyi ba\u015farm\u0131\u015flard\u0131r. Sendromdan mustarip insanlar, yani Haden\u2019lar, art\u0131k sipio denen robotik bedenler kullanarak fiziksel d\u00fcnyada dola\u015fabilmektedirler, hatta kendilerine \u00f6zg\u00fc Hilketa ad\u0131nda bir sporlar\u0131 bile vard\u0131r.   Hilketa\u2019da, sipiolar\u0131 kontrol eden oyuncular birbirlerine k\u0131l\u0131\u00e7 ve baltalarla sald\u0131r\u0131r, ama\u00e7 kar\u015f\u0131 tak\u0131mda \u201cke\u00e7i\u201d olarak belirlenen sipionun kafas\u0131n\u0131 kopar\u0131p say\u0131 yapmakt\u0131r. Ger\u00e7ekte ise kimse yaralanmaz, her \u015fey asl\u0131nda bir g\u00f6steridir. Bu vah\u015fi ve mecazi anlamda kanl\u0131 spor giderek pop\u00fclerle\u015fmektedir. Ta ki \u00fcnl\u00fc bir Hilketa oyuncusu sahada can verene dek.   FBI Ajan\u0131 ve \u00fcnl\u00fc bir Haden olan Chris Shane, partneri Leslie Vann\u2019le bu olay\u0131 ara\u015ft\u0131rmak i\u00e7in i\u015fe koyulur. Soru\u015fturmalar\u0131 s\u0131ras\u0131nda en az sporun kendisi kadar vah\u015fi oldu\u011funu ke\u015ffedecekleri Hilketa liginin karanl\u0131k y\u00f6nlerini a\u00e7\u0131\u011fa \u00e7\u0131karacaklard\u0131r.   \u201cJohn Scalzi d\u00f6nemimizin mizahi y\u00f6n\u00fc en kuvvetli ve okunmas\u0131 en kolay bilimkurgu yazar\u0131.\u201d \u2013Joe Hill   \u201cFrontal zekice yaz\u0131lm\u0131\u015f, fazlas\u0131yla tatmin edici ve e\u011flenceli.\u201d \u2013Kirkus Reviews    <\/p>\n","protected":false},"excerpt":{"rendered":"<p>Hugo \u00f6d\u00fcll\u00fc yazar John Scalzi\u2019nin yak\u0131n gelecekte ge\u00e7en bilimkurgu &#8211; gizem t\u00fcr\u00fcndeki Sendrom serisinin ikinci kitab\u0131 Frontal, s\u00fcr\u00fckleyici bir macerayla birinci kitab\u0131n b\u0131rakt\u0131\u011f\u0131 yerden devam ediyor.<span class=\"excerpt-hellip\"> [\u2026]<\/span><\/p>\n","protected":false},"featured_media":0,"template":"","meta":{"_monsterinsights_skip_tracking":false,"_monsterinsights_sitenote_active":false,"_monsterinsights_sitenote_note":"","_monsterinsights_sitenote_category":0},"product_brand":[],"product_cat":[12540,12291],"product_tag":[],"class_list":{"0":"post-752712","1":"product","2":"type-product","3":"status-publish","5":"product_cat-bilim-kurgu","6":"product_cat-edebiyat","7":"pa_cilt-ciltsiz","8":"pa_tur-kitap","9":"pa_yayinevi-ithaki-yayinlari","10":"pa_yazar-john-scalzi","12":"first","13":"instock","14":"sale","15":"shipping-taxable","16":"purchasable","17":"product-type-simple"},"_links":{"self":[{"href":"https:\/\/roveyayinevi.com.tr\/index.php\/wp-json\/wp\/v2\/product\/752712","targetHints":{"allow":["GET"]}}],"collection":[{"href":"https:\/\/roveyayinevi.com.tr\/index.php\/wp-json\/wp\/v2\/product"}],"about":[{"href":"https:\/\/roveyayinevi.com.tr\/index.php\/wp-json\/wp\/v2\/types\/product"}],"wp:attachment":[{"href":"https:\/\/roveyayinevi.com.tr\/index.php\/wp-json\/wp\/v2\/media?parent=752712"}],"wp:term":[{"taxonomy":"product_brand","embeddable":true,"href":"https:\/\/roveyayinevi.com.tr\/index.php\/wp-json\/wp\/v2\/product_brand?post=752712"},{"taxonomy":"product_cat","embeddable":true,"href":"https:\/\/roveyayinevi.com.tr\/index.php\/wp-json\/wp\/v2\/product_cat?post=752712"},{"taxonomy":"product_tag","embeddable":true,"href":"https:\/\/roveyayinevi.com.tr\/index.php\/wp-json\/wp\/v2\/product_tag?post=752712"}],"curies":[{"name":"wp","href":"https:\/\/api.w.org\/{rel}","templated":true}]}}