{"id":752710,"date":"2025-08-28T05:23:05","date_gmt":"2025-08-28T02:23:05","guid":{"rendered":"https:\/\/roveyayinevi.com.tr\/index.php\/urun\/edgar-allan-poenun-gizemli-dunyasi\/"},"modified":"2026-04-16T03:06:01","modified_gmt":"2026-04-16T00:06:01","slug":"edgar-allan-poenun-gizemli-dunyasi","status":"publish","type":"product","link":"https:\/\/roveyayinevi.com.tr\/index.php\/urun\/edgar-allan-poenun-gizemli-dunyasi\/","title":{"rendered":"Edgar Allan Poe&#8217;nun Gizemli D\u00fcnyas\u0131"},"content":{"rendered":"<p>Korku ve gizemle \u00f6rt\u00fclm\u00fc\u015f bir an. Edgar Allan Poe, 7 Ekim 1849\u2019da k\u0131rk ya\u015f\u0131nda, kendi deh\u015fet hik\u00e2yelerinden birinde yer almayacak ac\u0131 verici, kesinlikle tuhaf bir \u015fekilde hayata veda etti. Zamans\u0131z \u00f6l\u00fcm\u00fcn\u00fcn nedeni neydi ve Baltimore sokaklar\u0131nda, \u00fczerinde kendisine ait olmayan sefil k\u0131yafetlerle, akl\u0131n\u0131 yitirmi\u015f ve \u201cb\u00fcy\u00fck s\u0131k\u0131nt\u0131 i\u00e7inde\u201d bulunmadan \u00f6nceki \u00fc\u00e7 \u201ckay\u0131p\u201d g\u00fcn boyunca ona ne oldu? Gizem ve korku\u2026 Amerikal\u0131 yazarlar\u0131n en ikoniklerinden biri olmaya devam eden Poe, zirvelere ta\u015f\u0131d\u0131\u011f\u0131 iki edebi t\u00fcr\u00fc yans\u0131tan ko\u015fullar alt\u0131nda \u00f6ld\u00fc. Y\u0131llar ge\u00e7tik\u00e7e, kuduz ve sifilis intihar, alkolizm ve hatta cinayete varana kadar \u00f6l\u00fcm nedeni hakk\u0131nda \u015fa\u015f\u0131rt\u0131c\u0131 say\u0131da spek\u00fclasyon yap\u0131ld\u0131. Ancak bu teorilerin \u00e7o\u011fu, Poe ile ili\u015fkilendirmeye ba\u015flad\u0131\u011f\u0131m\u0131z karikat\u00fcr temelinde \u015fekilleniyor: Gotik kasvetli g\u00f6zl\u00fc b\u00fcy\u00fckbabas\u0131, bir omzuna t\u00fcnemi\u015f bir kuzgunla yaz\u0131 masas\u0131n\u0131n \u00fczerine e\u011filmi\u015f, \u00fcrpertici ba\u015fyap\u0131tlar\u0131n\u0131 sarho\u015f bir \u015fekilde karal\u0131yor. Nas\u0131l ya\u015fad\u0131\u011f\u0131na dair efsaneleri \u00e7\u00fcr\u00fcterek, ger\u00e7ek Poe\u2019yu anlamaya ve gizemli \u00f6l\u00fcm\u00fcn\u00fcn ard\u0131ndaki ger\u00e7e\u011fi ortaya \u00e7\u0131karmaya yakla\u015f\u0131yoruz, \u00e7\u00fcnk\u00fc Poe\u2019nun \u00f6l\u00fcm\u00fcn\u00fcn nedeninin t\u00fcm hayat\u0131 boyunca ona musallat oldu\u011funu kan\u0131tlayabilecek yeni bir teori ortaya \u00e7\u0131k\u0131yor. Bu kitap, \u00fcnl\u00fc yazar\u0131n hayat\u0131n\u0131 gizemli \u00f6l\u00fcm\u00fcn\u00fcn prizmas\u0131ndan ve olas\u0131 bir\u00e7ok nedeninden inceleyen Edgar Allan\u2019nun parlak bir biyografisidir.   Mark Dawidziak, Edgar Allan Poe\u2019ya biraz merak\u0131 olan okuru bile kesinlikle b\u00fcy\u00fcleyecek &#8230; Dokunakl\u0131 bir analiz.  -The Week \u2013 2023\u2019te mutlaka okunmas\u0131 gereken 8 kitap\u201d   Edgar Allan Poe, korku masallar\u0131n\u0131n karanl\u0131k prensi olarak d\u00fcnyan\u0131n kavray\u0131\u015f\u0131n\u0131 irdeledi: Etraf\u0131 mumlarla \u00e7evrili g\u00f6lgeler aras\u0131nda i\u00e7i bo\u015f g\u00f6zl\u00fc bir hayalet, yaz\u0131 masas\u0131nda bir kuzgun, dirse\u011finde bo\u015f bir konyak barda\u011f\u0131. Bu a\u00e7\u0131klay\u0131c\u0131 biyografide Mark Dawidziak, Poe\u2019nun eserinin Gotik do\u011fas\u0131n\u0131 onurland\u0131r\u0131yor ve Amerikan edebiyat\u0131n\u0131n bu usta \u015fairi ve \u015fekillendiricisine tam \u0131\u015f\u0131k tutmak i\u00e7in perdeleri a\u00e7\u0131yor. Ron Powers -Pulitzer \u00f6d\u00fcll\u00fc Flags of Our Fathers ve Mark Twain: A Life \u2018\u0131n yazar\u0131   Gizemli \u00f6l\u00fcm\u00fcn\u00fcn b\u00fcy\u00fcleyici siyah prizmas\u0131ndan Poe\u2019nun dokunakl\u0131 ve ger\u00e7ek\u00e7i bir resmi  &#8211;J.W. Ocker &#8211; Edgar \u00f6d\u00fcll\u00fc Poe-Land\u2019in yazar\u0131<\/p>\n","protected":false},"excerpt":{"rendered":"<p>Korku ve gizemle \u00f6rt\u00fclm\u00fc\u015f bir an. Edgar Allan Poe, 7 Ekim 1849\u2019da k\u0131rk ya\u015f\u0131nda, kendi deh\u015fet hik\u00e2yelerinden birinde yer almayacak ac\u0131 verici, kesinlikle tuhaf bir \u015fekilde<span class=\"excerpt-hellip\"> [\u2026]<\/span><\/p>\n","protected":false},"featured_media":0,"template":"","meta":{"_monsterinsights_skip_tracking":false,"_monsterinsights_sitenote_active":false,"_monsterinsights_sitenote_note":"","_monsterinsights_sitenote_category":0},"product_brand":[],"product_cat":[14009,12291],"product_tag":[],"class_list":{"0":"post-752710","1":"product","2":"type-product","3":"status-publish","5":"product_cat-biyografi-otobiyografi-edebiyat","6":"product_cat-edebiyat","7":"pa_cilt-ciltsiz","8":"pa_tur-kitap","9":"pa_yayinevi-totem-yayinlari","10":"pa_yazar-mark-dawidziak","12":"first","13":"instock","14":"sale","15":"shipping-taxable","16":"purchasable","17":"product-type-simple"},"_links":{"self":[{"href":"https:\/\/roveyayinevi.com.tr\/index.php\/wp-json\/wp\/v2\/product\/752710","targetHints":{"allow":["GET"]}}],"collection":[{"href":"https:\/\/roveyayinevi.com.tr\/index.php\/wp-json\/wp\/v2\/product"}],"about":[{"href":"https:\/\/roveyayinevi.com.tr\/index.php\/wp-json\/wp\/v2\/types\/product"}],"wp:attachment":[{"href":"https:\/\/roveyayinevi.com.tr\/index.php\/wp-json\/wp\/v2\/media?parent=752710"}],"wp:term":[{"taxonomy":"product_brand","embeddable":true,"href":"https:\/\/roveyayinevi.com.tr\/index.php\/wp-json\/wp\/v2\/product_brand?post=752710"},{"taxonomy":"product_cat","embeddable":true,"href":"https:\/\/roveyayinevi.com.tr\/index.php\/wp-json\/wp\/v2\/product_cat?post=752710"},{"taxonomy":"product_tag","embeddable":true,"href":"https:\/\/roveyayinevi.com.tr\/index.php\/wp-json\/wp\/v2\/product_tag?post=752710"}],"curies":[{"name":"wp","href":"https:\/\/api.w.org\/{rel}","templated":true}]}}