{"id":752708,"date":"2025-08-28T05:23:01","date_gmt":"2025-08-28T02:23:01","guid":{"rendered":"https:\/\/roveyayinevi.com.tr\/index.php\/urun\/flamingo-cocuk-2\/"},"modified":"2026-04-16T03:06:01","modified_gmt":"2026-04-16T00:06:01","slug":"flamingo-cocuk-2","status":"publish","type":"product","link":"https:\/\/roveyayinevi.com.tr\/index.php\/urun\/flamingo-cocuk-2\/","title":{"rendered":"Flamingo \u00c7ocuk"},"content":{"rendered":"<p>Kitab\u0131m\u0131z\u0131n kahraman\u0131 Bark\u0131n sevimli ama afacan bir \u00e7ocuktur. D\u00f6rd\u00fcnc\u00fc s\u0131n\u0131f\u0131 bitirirken ne yaz\u0131k ki pek de parlak bir karne getirmez eve, nedeni de derslerinden \u00e7ok bilgisayar oyunlar\u0131na, internete a\u015f\u0131r\u0131 d\u00fc\u015fk\u00fcn olmas\u0131d\u0131r. Babas\u0131yla annesinin ona verdi\u011fi ceza ise asl\u0131nda ceza de\u011fil \u00f6d\u00fcl say\u0131l\u0131r: Ailece \u0130zmir yak\u0131nlar\u0131ndaki g\u00f6r\u00fclecek yerleri gezecekler, bir de Ku\u015f Cenneti\u2019ne gideceklerdir. Ama bundan sonras\u0131 \u2013elbette Bark\u0131n\u2019\u0131n s\u00f6z dinlemezli\u011fi y\u00fcz\u00fcnden\u2013 inan\u0131lmaz bir ser\u00fcvene d\u00f6n\u00fc\u015f\u00fcr, ku\u015f yumurtas\u0131 pe\u015finden ko\u015fan kahraman\u0131m\u0131z kendini bamba\u015fka bir d\u00fcnyada bulur. Acaba o d\u00fcnyadan \u00e7\u0131k\u0131\u015f var m\u0131d\u0131r?<\/p>\n","protected":false},"excerpt":{"rendered":"<p>Kitab\u0131m\u0131z\u0131n kahraman\u0131 Bark\u0131n sevimli ama afacan bir \u00e7ocuktur. D\u00f6rd\u00fcnc\u00fc s\u0131n\u0131f\u0131 bitirirken ne yaz\u0131k ki pek de parlak bir karne getirmez eve, nedeni de derslerinden \u00e7ok bilgisayar<span class=\"excerpt-hellip\"> [\u2026]<\/span><\/p>\n","protected":false},"featured_media":0,"template":"","meta":{"_monsterinsights_skip_tracking":false,"_monsterinsights_sitenote_active":false,"_monsterinsights_sitenote_note":"","_monsterinsights_sitenote_category":0},"product_brand":[],"product_cat":[12274,12284],"product_tag":[],"class_list":{"0":"post-752708","1":"product","2":"type-product","3":"status-publish","5":"product_cat-cocuk-ve-genclik-kitaplari","6":"product_cat-hikayeler","7":"pa_cilt-ciltsiz","8":"pa_tur-kitap","9":"pa_yayinevi-sia-kitap","10":"pa_yazar-mehmet-firat-purselim","12":"first","13":"instock","14":"sale","15":"shipping-taxable","16":"purchasable","17":"product-type-simple"},"_links":{"self":[{"href":"https:\/\/roveyayinevi.com.tr\/index.php\/wp-json\/wp\/v2\/product\/752708","targetHints":{"allow":["GET"]}}],"collection":[{"href":"https:\/\/roveyayinevi.com.tr\/index.php\/wp-json\/wp\/v2\/product"}],"about":[{"href":"https:\/\/roveyayinevi.com.tr\/index.php\/wp-json\/wp\/v2\/types\/product"}],"wp:attachment":[{"href":"https:\/\/roveyayinevi.com.tr\/index.php\/wp-json\/wp\/v2\/media?parent=752708"}],"wp:term":[{"taxonomy":"product_brand","embeddable":true,"href":"https:\/\/roveyayinevi.com.tr\/index.php\/wp-json\/wp\/v2\/product_brand?post=752708"},{"taxonomy":"product_cat","embeddable":true,"href":"https:\/\/roveyayinevi.com.tr\/index.php\/wp-json\/wp\/v2\/product_cat?post=752708"},{"taxonomy":"product_tag","embeddable":true,"href":"https:\/\/roveyayinevi.com.tr\/index.php\/wp-json\/wp\/v2\/product_tag?post=752708"}],"curies":[{"name":"wp","href":"https:\/\/api.w.org\/{rel}","templated":true}]}}