{"id":752706,"date":"2025-08-28T05:22:58","date_gmt":"2025-08-28T02:22:58","guid":{"rendered":"https:\/\/roveyayinevi.com.tr\/index.php\/urun\/kalbimin-isigi-2\/"},"modified":"2026-04-16T03:06:01","modified_gmt":"2026-04-16T00:06:01","slug":"kalbimin-isigi-2","status":"publish","type":"product","link":"https:\/\/roveyayinevi.com.tr\/index.php\/urun\/kalbimin-isigi-2\/","title":{"rendered":"Kalbimin I\u015f\u0131\u011f\u0131"},"content":{"rendered":"<p>Aile ne demektir? \u201cBuras\u0131 benim tercihim de\u011fil. Asla da olmad\u0131\u2026 Ben burada olmaktan hi\u00e7 memnun de\u011filim. Ald\u0131\u011f\u0131m kararlardan da. Ben bu de\u011filim. Ancak sizin i\u00e7in katlan\u0131yorum. Sizin hatalar\u0131n\u0131z\u0131n bedelini hala biz \u00f6d\u00fcyoruz.\u201d Aile ne yapar? \u201cKap\u0131lar a\u00e7\u0131ld\u0131 ve arabalar i\u00e7eri al\u0131nd\u0131. Bir s\u00fcr\u00fc hizmetli kap\u0131ya \u00e7\u0131kt\u0131. Kap\u0131 sonuna kadar a\u00e7\u0131ld\u0131. Korumalar ko\u015fup hizmetliler merak i\u00e7inde bakarken en \u00f6nde onlar\u0131 kar\u015f\u0131layan ya\u015fl\u0131 \u00e7ifte ikisi de selam verdiler.\u201d Ya a\u015fk ne demektir? \u201cGece bah\u00e7ede meltemin verdi\u011fi huzurla ile s\u00fcr\u00fcyordu. Sal\u0131ncakta sohbet ederken a\u011fa\u00e7lar\u0131n alt\u0131nda oturmu\u015f g\u00f6ky\u00fcz\u00fcne bak\u0131yordu. Meltem g\u00fcn\u00fcn yorgunlu\u011funu g\u00f6t\u00fcr\u00fcrken\u2026\u201d A\u015fk neler getirir? \u201cBenim sevgilim olup beraber hayatla m\u00fccadele ne dersin?\u201d Hayata ailede ba\u015flar a\u015fkla devam ederiz&#8230; Kalbimin I\u015f\u0131\u011f\u0131 ikinci kitab\u0131nda b\u00fcy\u00fck a\u015fk\u0131n taraflar\u0131n\u0131 soluksuz bir m\u00fccadele bekliyor\u2026 <\/p>\n","protected":false},"excerpt":{"rendered":"<p>Aile ne demektir? \u201cBuras\u0131 benim tercihim de\u011fil. Asla da olmad\u0131\u2026 Ben burada olmaktan hi\u00e7 memnun de\u011filim. Ald\u0131\u011f\u0131m kararlardan da. Ben bu de\u011filim. Ancak sizin i\u00e7in katlan\u0131yorum.<span class=\"excerpt-hellip\"> [\u2026]<\/span><\/p>\n","protected":false},"featured_media":0,"template":"","meta":{"_monsterinsights_skip_tracking":false,"_monsterinsights_sitenote_active":false,"_monsterinsights_sitenote_note":"","_monsterinsights_sitenote_category":0},"product_brand":[],"product_cat":[12291,12711],"product_tag":[],"class_list":{"0":"post-752706","1":"product","2":"type-product","3":"status-publish","5":"product_cat-edebiyat","6":"product_cat-roman-oyku","7":"pa_cilt-ciltsiz","8":"pa_tur-kitap","9":"pa_yayinevi-elpis-yayinlari","10":"pa_yazar-ilk-ay","12":"first","13":"instock","14":"sale","15":"shipping-taxable","16":"purchasable","17":"product-type-simple"},"_links":{"self":[{"href":"https:\/\/roveyayinevi.com.tr\/index.php\/wp-json\/wp\/v2\/product\/752706","targetHints":{"allow":["GET"]}}],"collection":[{"href":"https:\/\/roveyayinevi.com.tr\/index.php\/wp-json\/wp\/v2\/product"}],"about":[{"href":"https:\/\/roveyayinevi.com.tr\/index.php\/wp-json\/wp\/v2\/types\/product"}],"wp:attachment":[{"href":"https:\/\/roveyayinevi.com.tr\/index.php\/wp-json\/wp\/v2\/media?parent=752706"}],"wp:term":[{"taxonomy":"product_brand","embeddable":true,"href":"https:\/\/roveyayinevi.com.tr\/index.php\/wp-json\/wp\/v2\/product_brand?post=752706"},{"taxonomy":"product_cat","embeddable":true,"href":"https:\/\/roveyayinevi.com.tr\/index.php\/wp-json\/wp\/v2\/product_cat?post=752706"},{"taxonomy":"product_tag","embeddable":true,"href":"https:\/\/roveyayinevi.com.tr\/index.php\/wp-json\/wp\/v2\/product_tag?post=752706"}],"curies":[{"name":"wp","href":"https:\/\/api.w.org\/{rel}","templated":true}]}}