{"id":752705,"date":"2025-08-28T05:22:56","date_gmt":"2025-08-28T02:22:56","guid":{"rendered":"https:\/\/roveyayinevi.com.tr\/index.php\/urun\/kalbimin-isigi-donus\/"},"modified":"2026-04-16T03:06:01","modified_gmt":"2026-04-16T00:06:01","slug":"kalbimin-isigi-donus","status":"publish","type":"product","link":"https:\/\/roveyayinevi.com.tr\/index.php\/urun\/kalbimin-isigi-donus\/","title":{"rendered":"Kalbimin I\u015f\u0131\u011f\u0131 D\u00f6n\u00fc\u015f"},"content":{"rendered":"<p>\u201cAlabildi\u011fine toz duman her \u015fey havada dallar savrulmaktayd\u0131. A\u011fa\u00e7 ac\u0131 i\u00e7inde inlemekteydi. G\u00fcne\u015f, tozu, duman\u0131 ate\u015fiyle yakmaya \u00e7al\u0131\u015fsa da nafileydi. Ter i\u00e7indeki s\u0131rt\u0131na inat sa\u00e7lar\u0131 ve ete\u011fi havaland\u0131. Tek eliyle savrulan ete\u011fini tutarken \u00e7apraz ast\u0131\u011f\u0131 \u00e7anta tutmu\u015f gen\u00e7 k\u0131z\u0131 s\u00fcr\u00fcklemekteydi. Bir anda boynundaki pembe fular savrulup havaland\u0131. Dalga dalga u\u00e7arken gen\u00e7 k\u0131z \u00f6n\u00fcn\u00fc g\u00f6rmedi\u011fi h\u00e2lde fular\u0131n pe\u015finden ko\u015fuyordu. Bir anda \u00f6n\u00fcn\u00fc g\u00f6rmedi fular\u0131 yakalamak i\u00e7in f\u0131rlad\u0131 ve tutmaya \u00e7al\u0131\u015ft\u0131\u011f\u0131 fular birinin y\u00fcz\u00fcne yap\u0131\u015ft\u0131. Gen\u00e7 k\u0131z dengesini sa\u011flayamad\u0131 ve gen\u00e7 adam\u0131n \u00fcst\u00fcne d\u00fc\u015ft\u00fc. Bir anda ikisi de kendilerini yerde buldular. Ba\u015f\u0131n\u0131 vurmaktan kurtulsa da b\u00fct\u00fcn e\u015fyalar\u0131 sa\u00e7\u0131lm\u0131\u015ft\u0131.\u201d Kalbimin I\u015f\u0131\u011f\u0131 serisinin ilk kitab\u0131 Kalbimin I\u015f\u0131\u011f\u0131 D\u00f6n\u00fc\u015f, gen\u00e7 bir adam\u0131n, ailesiyle giri\u015fti\u011fi m\u00fccadeleyi ve a\u015fk\u0131 hayat\u0131na davet etmesini ak\u0131c\u0131 bir dille anlat\u0131rken okurlara ihti\u015faml\u0131 bir hik\u00e2ye sunuyor\u2026 <\/p>\n","protected":false},"excerpt":{"rendered":"<p>\u201cAlabildi\u011fine toz duman her \u015fey havada dallar savrulmaktayd\u0131. A\u011fa\u00e7 ac\u0131 i\u00e7inde inlemekteydi. G\u00fcne\u015f, tozu, duman\u0131 ate\u015fiyle yakmaya \u00e7al\u0131\u015fsa da nafileydi. Ter i\u00e7indeki s\u0131rt\u0131na inat sa\u00e7lar\u0131 ve<span class=\"excerpt-hellip\"> [\u2026]<\/span><\/p>\n","protected":false},"featured_media":0,"template":"","meta":{"_monsterinsights_skip_tracking":false,"_monsterinsights_sitenote_active":false,"_monsterinsights_sitenote_note":"","_monsterinsights_sitenote_category":0},"product_brand":[],"product_cat":[12291,12711],"product_tag":[],"class_list":{"0":"post-752705","1":"product","2":"type-product","3":"status-publish","5":"product_cat-edebiyat","6":"product_cat-roman-oyku","7":"pa_cilt-ciltsiz","8":"pa_tur-kitap","9":"pa_yayinevi-elpis-yayinlari","10":"pa_yazar-ilk-ay","12":"first","13":"instock","14":"sale","15":"shipping-taxable","16":"purchasable","17":"product-type-simple"},"_links":{"self":[{"href":"https:\/\/roveyayinevi.com.tr\/index.php\/wp-json\/wp\/v2\/product\/752705","targetHints":{"allow":["GET"]}}],"collection":[{"href":"https:\/\/roveyayinevi.com.tr\/index.php\/wp-json\/wp\/v2\/product"}],"about":[{"href":"https:\/\/roveyayinevi.com.tr\/index.php\/wp-json\/wp\/v2\/types\/product"}],"wp:attachment":[{"href":"https:\/\/roveyayinevi.com.tr\/index.php\/wp-json\/wp\/v2\/media?parent=752705"}],"wp:term":[{"taxonomy":"product_brand","embeddable":true,"href":"https:\/\/roveyayinevi.com.tr\/index.php\/wp-json\/wp\/v2\/product_brand?post=752705"},{"taxonomy":"product_cat","embeddable":true,"href":"https:\/\/roveyayinevi.com.tr\/index.php\/wp-json\/wp\/v2\/product_cat?post=752705"},{"taxonomy":"product_tag","embeddable":true,"href":"https:\/\/roveyayinevi.com.tr\/index.php\/wp-json\/wp\/v2\/product_tag?post=752705"}],"curies":[{"name":"wp","href":"https:\/\/api.w.org\/{rel}","templated":true}]}}