{"id":752703,"date":"2025-08-28T05:22:52","date_gmt":"2025-08-28T02:22:52","guid":{"rendered":"https:\/\/roveyayinevi.com.tr\/index.php\/urun\/irade-terbiyesi-7\/"},"modified":"2026-04-16T03:06:00","modified_gmt":"2026-04-16T00:06:00","slug":"irade-terbiyesi-7","status":"publish","type":"product","link":"https:\/\/roveyayinevi.com.tr\/index.php\/urun\/irade-terbiyesi-7\/","title":{"rendered":"\u0130rade Terbiyesi"},"content":{"rendered":"<p>Fikr\u00ee \u00e7al\u0131\u015fmalar\u0131m\u0131z\u0131 faydal\u0131 bir sonuca eri\u015ftirecek \u015fekilde \u00e7al\u0131\u015fmak, daima ayn\u0131 mevzuyu du\u0308\u015fu\u0308nerek \u00e7al\u0131\u015fmak\u2026 \u0130\u015fte bu\u0308tu\u0308n meden\u00ee ilerlemelerin, bu\u0308tu\u0308n d\u00e2hice bulu\u015flar\u0131n temeli budur. \u00c7al\u0131\u015fmay\u0131 bu mertebeye ula\u015ft\u0131rmak i\u00e7in ise nefsi hi\u00e7 ara vermeksizin zorlamak, ayn\u0131 maksad\u0131 takip i\u00e7in dikkatimize hu\u0308kmedebilecek kudrette bulunmak, \u00e7aba ve gayretimizi ayn\u0131 yo\u011funluk ve istikamette su\u0308rdu\u0308rmek gerekir. \u015eu\u0308phesiz ki bu da her \u015feyden evvel sa\u011flam bir iradeye sahip olmaya ba\u011fl\u0131d\u0131r. \u201cKaderimi tayin eden bir ba\u015fka kitap da \u0130brahim Ethem\u2019in Terbiye-i \u0130rade ba\u015fl\u0131kl\u0131 eseridir. Disiplin i\u00e7inde \u00e7al\u0131\u015fmay\u0131 bu kitaptan \u00f6\u011frendim.\u201d Cemil Meri\u00e7 Bu s\u00f6zler, \u0130rade Terbiyesi kitab\u0131n\u0131n Tu\u0308rk yay\u0131nc\u0131l\u0131\u011f\u0131 taraf\u0131ndan uzunca bir aradan sonra \u201cyeniden ke\u015ffine\u201d imk\u00e2n vermi\u015f ve Jules Payot\u2019nun eseri \u201cCemil Meri\u00e7\u2019in tavsiyesi\u201d mottosuyla tekrar tekrar bas\u0131lm\u0131\u015ft\u0131r. Oysa Meri\u00e7\u2019in tavsiyesi gayet a\u00e7\u0131kt\u0131r; o, Payot\u2019nun de\u011fil Dr. Ethem Bakar\u2019\u0131n \u0130rade Terbiyesi\u2019ni \u00f6nermi\u015ftir. Elinizdeki kitap hem bu vahim hatay\u0131 du\u0308zeltmekte hem de kitab\u0131n mu\u0308ellifinin hu\u0308viyetini ilk kez gu\u0308n yu\u0308zu\u0308ne \u00e7\u0131karmaktad\u0131r. \u0130rade Terbiyesi\u2019nde Dr. Ethem, iradenin temel kavramlar\u0131ndan derin tefekku\u0308ru\u0308n gu\u0308cu\u0308ne, duygular\u0131n etkisinden sa\u011flam al\u0131\u015fkanl\u0131klar\u0131n kazan\u0131lmas\u0131na kadar geni\u015f bir yelpazede iradenin nas\u0131l terbiye edilece\u011fi meselesini ele al\u0131yor. Yazar, okuyucuyu iradesinin fark\u0131na varmaya ve hayat\u0131n\u0131 daha bilin\u00e7li bir \u015fekilde y\u00f6nlendirmeye davet ediyor. \u00c7u\u0308nku\u0308 ancak kendini bilip nefsini terbiye eden insan, hedeflerine ula\u015fma yolundaki engelleri a\u015fabilir. Hedefine varmak isteyen okurlar i\u00e7in e\u015fsiz bir rehber eser&#8230;<\/p>\n","protected":false},"excerpt":{"rendered":"<p>Fikr\u00ee \u00e7al\u0131\u015fmalar\u0131m\u0131z\u0131 faydal\u0131 bir sonuca eri\u015ftirecek \u015fekilde \u00e7al\u0131\u015fmak, daima ayn\u0131 mevzuyu du\u0308\u015fu\u0308nerek \u00e7al\u0131\u015fmak\u2026 \u0130\u015fte bu\u0308tu\u0308n meden\u00ee ilerlemelerin, bu\u0308tu\u0308n d\u00e2hice bulu\u015flar\u0131n temeli budur. \u00c7al\u0131\u015fmay\u0131 bu mertebeye ula\u015ft\u0131rmak<span class=\"excerpt-hellip\"> [\u2026]<\/span><\/p>\n","protected":false},"featured_media":0,"template":"","meta":{"_monsterinsights_skip_tracking":false,"_monsterinsights_sitenote_active":false,"_monsterinsights_sitenote_note":"","_monsterinsights_sitenote_category":0},"product_brand":[],"product_cat":[12777,12291],"product_tag":[],"class_list":{"0":"post-752703","1":"product","2":"type-product","3":"status-publish","5":"product_cat-deneme","6":"product_cat-edebiyat","7":"pa_cilt-ciltsiz","8":"pa_tur-kitap","9":"pa_yayinevi-ketebe-yayinlari","10":"pa_yazar-ethem-bakar","12":"first","13":"instock","14":"sale","15":"shipping-taxable","16":"purchasable","17":"product-type-simple"},"_links":{"self":[{"href":"https:\/\/roveyayinevi.com.tr\/index.php\/wp-json\/wp\/v2\/product\/752703","targetHints":{"allow":["GET"]}}],"collection":[{"href":"https:\/\/roveyayinevi.com.tr\/index.php\/wp-json\/wp\/v2\/product"}],"about":[{"href":"https:\/\/roveyayinevi.com.tr\/index.php\/wp-json\/wp\/v2\/types\/product"}],"wp:attachment":[{"href":"https:\/\/roveyayinevi.com.tr\/index.php\/wp-json\/wp\/v2\/media?parent=752703"}],"wp:term":[{"taxonomy":"product_brand","embeddable":true,"href":"https:\/\/roveyayinevi.com.tr\/index.php\/wp-json\/wp\/v2\/product_brand?post=752703"},{"taxonomy":"product_cat","embeddable":true,"href":"https:\/\/roveyayinevi.com.tr\/index.php\/wp-json\/wp\/v2\/product_cat?post=752703"},{"taxonomy":"product_tag","embeddable":true,"href":"https:\/\/roveyayinevi.com.tr\/index.php\/wp-json\/wp\/v2\/product_tag?post=752703"}],"curies":[{"name":"wp","href":"https:\/\/api.w.org\/{rel}","templated":true}]}}