{"id":752702,"date":"2025-08-28T05:22:50","date_gmt":"2025-08-28T02:22:50","guid":{"rendered":"https:\/\/roveyayinevi.com.tr\/index.php\/urun\/masallar-ve-efsaneler\/"},"modified":"2026-04-16T03:06:00","modified_gmt":"2026-04-16T00:06:00","slug":"masallar-ve-efsaneler","status":"publish","type":"product","link":"https:\/\/roveyayinevi.com.tr\/index.php\/urun\/masallar-ve-efsaneler\/","title":{"rendered":"Masallar ve Efsaneler"},"content":{"rendered":"<p>K\u0131rg\u0131zistan\u2019\u0131n \u015eeker K\u00f6y\u00fc\u2019nde d\u00fcnyaya gelen Cengiz Aytmatov, b\u00fcy\u00fckannesi Ayimkan\u2019dan dinledi\u011fi t\u00fcrk\u00fcler, ninniler, masallar ve efsanelerle b\u00fcy\u00fcr. B\u00fcy\u00fckannesi misafirli\u011fe, yeni do\u011fan bir bebe\u011fin do\u011fumunu kutlamaya, cenaze t\u00f6renine, d\u00fc\u011f\u00fcne hemen hemen gitti\u011fi her yere Cengiz\u2019i de g\u00f6t\u00fcr\u00fcr. Aytmatov bu sayede yepyeni t\u00fcrk\u00fcler, \u015fiirler, masallar ve efsaneler duyar. Yazar\u0131n hayal g\u00fcc\u00fcn\u00fcn s\u0131n\u0131rlar\u0131n\u0131 geni\u015fleten bu ilk ad\u0131mlar, her zaman onun akl\u0131nda ve kalbinde yer al\u0131r, kalemine i\u015fler; zamanla d\u00fcnya edebiyat\u0131n\u0131n say\u0131l\u0131 isimlerinden biri olur, eserleri 170\u2019ten fazla dile \u00e7evrilir. Cengiz Aytmatov, Masallar ve Efsaneler\u2019de \u00e7e\u015fitli sebeplerle meydana gelen do\u011fa\u00fcst\u00fc olaylar\u0131 b\u00fcy\u00fck bir ger\u00e7ek\u00e7ilik ve kendine has \u00fcslubuyla anlat\u0131yor; okuyucusunu zorlu sava\u015f zamanlar\u0131na, mitik eski d\u00f6nemlere, b\u00fcy\u00fcl\u00fc mek\u00e2nlara, destans\u0131 anlat\u0131lara g\u00f6t\u00fcr\u00fcyor. Ya\u015fl\u0131 bir cad\u0131 taraf\u0131ndan hayvana d\u00f6n\u00fc\u015ft\u00fcr\u00fclen k\u00fc\u00e7\u00fck k\u0131z Gabi\u2019nin, K\u0131rg\u0131zlar\u0131n manevi atas\u0131 olan Manas\u2019\u0131n yard\u0131m\u0131yla ailesine kavu\u015fmas\u0131 ve ormana terk edilen \u00fc\u00e7 k\u0131z karde\u015fe yolda\u015f olan bir hayvanla en zorlu zamanlarda bile iyili\u011fin bir \u015fekilde kar\u015f\u0131m\u0131za \u00e7\u0131kabilece\u011fi aktar\u0131l\u0131yor. Ayr\u0131ca b\u00fcy\u00fcklerinin nasihatini dinlemedi\u011fi i\u00e7in \u00f6nce deve sonra kurt taraf\u0131ndan yutulan Parmak \u00c7ocuk\u2019un verdi\u011fi m\u00fccadele, sava\u015ftan sonra sa\u011f kalan yedi ki\u015filik askeri bir ekibin i\u00e7indeki ajan\u0131n \u00e7aresizli\u011fi bu masallar\u0131 olu\u015fturuyor. Yenisey Nehri k\u0131y\u0131s\u0131nda hem \u00f6ks\u00fcz hem yetim kalan iki \u00e7ocu\u011fu kurtaran ceylan Maral Ana, kutsal Ala Geyik\u2019in can\u0131n\u0131 alan ac\u0131mas\u0131z avc\u0131 Karag\u00fcl, Nayman Ana\u2019n\u0131n uzun aray\u0131\u015flar sonras\u0131 buldu\u011fu o\u011flu Mankurt ve sevdi\u011fi \u015fair Muhtar\u2019a kavu\u015famayan \u0130yi Han\u2019\u0131n k\u0131z\u0131 Akbara\u2019n\u0131n efsaneleri okurunu heyecan dolu ser\u00fcvenlere davet ediyor.<\/p>\n","protected":false},"excerpt":{"rendered":"<p>K\u0131rg\u0131zistan\u2019\u0131n \u015eeker K\u00f6y\u00fc\u2019nde d\u00fcnyaya gelen Cengiz Aytmatov, b\u00fcy\u00fckannesi Ayimkan\u2019dan dinledi\u011fi t\u00fcrk\u00fcler, ninniler, masallar ve efsanelerle b\u00fcy\u00fcr. B\u00fcy\u00fckannesi misafirli\u011fe, yeni do\u011fan bir bebe\u011fin do\u011fumunu kutlamaya, cenaze t\u00f6renine,<span class=\"excerpt-hellip\"> [\u2026]<\/span><\/p>\n","protected":false},"featured_media":0,"template":"","meta":{"_monsterinsights_skip_tracking":false,"_monsterinsights_sitenote_active":false,"_monsterinsights_sitenote_note":"","_monsterinsights_sitenote_category":0},"product_brand":[],"product_cat":[18545,12291],"product_tag":[],"class_list":{"0":"post-752702","1":"product","2":"type-product","3":"status-publish","5":"product_cat-anlati","6":"product_cat-edebiyat","7":"pa_cilt-ciltsiz","8":"pa_tur-kitap","9":"pa_yayinevi-ketebe-yayinlari","10":"pa_yazar-cengiz-aytmatov","12":"first","13":"instock","14":"sale","15":"shipping-taxable","16":"purchasable","17":"product-type-simple"},"_links":{"self":[{"href":"https:\/\/roveyayinevi.com.tr\/index.php\/wp-json\/wp\/v2\/product\/752702","targetHints":{"allow":["GET"]}}],"collection":[{"href":"https:\/\/roveyayinevi.com.tr\/index.php\/wp-json\/wp\/v2\/product"}],"about":[{"href":"https:\/\/roveyayinevi.com.tr\/index.php\/wp-json\/wp\/v2\/types\/product"}],"wp:attachment":[{"href":"https:\/\/roveyayinevi.com.tr\/index.php\/wp-json\/wp\/v2\/media?parent=752702"}],"wp:term":[{"taxonomy":"product_brand","embeddable":true,"href":"https:\/\/roveyayinevi.com.tr\/index.php\/wp-json\/wp\/v2\/product_brand?post=752702"},{"taxonomy":"product_cat","embeddable":true,"href":"https:\/\/roveyayinevi.com.tr\/index.php\/wp-json\/wp\/v2\/product_cat?post=752702"},{"taxonomy":"product_tag","embeddable":true,"href":"https:\/\/roveyayinevi.com.tr\/index.php\/wp-json\/wp\/v2\/product_tag?post=752702"}],"curies":[{"name":"wp","href":"https:\/\/api.w.org\/{rel}","templated":true}]}}