{"id":752697,"date":"2025-08-28T05:22:44","date_gmt":"2025-08-28T02:22:44","guid":{"rendered":"https:\/\/roveyayinevi.com.tr\/index.php\/urun\/ucurum-kenarindaki-salincaklar\/"},"modified":"2026-04-16T03:06:00","modified_gmt":"2026-04-16T00:06:00","slug":"ucurum-kenarindaki-salincaklar","status":"publish","type":"product","link":"https:\/\/roveyayinevi.com.tr\/index.php\/urun\/ucurum-kenarindaki-salincaklar\/","title":{"rendered":"U\u00e7urum Kenar\u0131ndaki Sal\u0131ncaklar"},"content":{"rendered":"<p>BU K\u0130TAP, TABU DEN\u0130LEREK SESLER\u0130 BO\u011eULMAYA \u00c7ALI\u015eILAN Y\u00dcZ B\u0130NLERCE A\u0130LE \u0130\u00c7\u0130 C\u0130NSEL \u0130ST\u0130SMAR MA\u011eDURU YET\u0130\u015eK\u0130N\u0130N SES\u0130N\u0130 DUYURMAK VE \u00c7OCUKLARIN C\u0130NSEL \u0130ST\u0130SMARA MARUZ KALMASINI \u00d6NLEMEK \u0130\u00c7\u0130N, BU ALANDA B\u0130R UZMANIN DA KATKISIYLA, MA\u011eDURLAR TARAFINDAN HAZIRLANMI\u015e \u0130LK K\u0130TAPTIR. \u201cDurdurabilece\u011fimi d\u00fc\u015f\u00fcnmedi\u011fim i\u00e7in \u00e7\u00f6z\u00fcm olarak istismar\u0131 ya\u015fad\u0131\u011f\u0131m gecenin sabah\u0131 kalk\u0131p, anneme \u015funu diyordum: Anne ben on be\u015f ya\u015f\u0131nday\u0131m. \u015eimdi intihar etsem Allah beni affeder, cehenneme g\u00f6ndermez belki.\u201d \u201cSahra \u00c7\u00f6l\u00fc\u2019ne giderken istasyonda \u015funu dedim: Ya kabul et ya da kendini bir trenin alt\u0131na at! Gebersem burada, cesedimi g\u00f6merler kimsesizler mezarl\u0131\u011f\u0131na. Ya kabullen ya\u015fama bir k\u0131y\u0131s\u0131ndan tutun ya da at \u015fimdi \u015fu an kendini trenin alt\u0131na.\u201d \u201c\u00c7ocukluk ve gen\u00e7lik y\u0131llar\u0131mda uyuyamad\u0131\u011f\u0131m geceler u\u00e7urum kenar\u0131nda bir sal\u0131ncakta salland\u0131\u011f\u0131m\u0131 hayal ederdim. Her an u\u00e7urumdan d\u00fc\u015fecek olma korkusu, beni sakinle\u015ftirirdi. Sal\u0131ncak, hayatla \u00f6l\u00fcm aras\u0131nda bir sarka\u00e7 gibiydi. Hayat\u0131m\u0131, ac\u0131m\u0131 bast\u0131racak yeni ac\u0131lar i\u00e7in, hep u\u00e7urum kenarlar\u0131na kurdum.\u201d <\/p>\n","protected":false},"excerpt":{"rendered":"<p>BU K\u0130TAP, TABU DEN\u0130LEREK SESLER\u0130 BO\u011eULMAYA \u00c7ALI\u015eILAN Y\u00dcZ B\u0130NLERCE A\u0130LE \u0130\u00c7\u0130 C\u0130NSEL \u0130ST\u0130SMAR MA\u011eDURU YET\u0130\u015eK\u0130N\u0130N SES\u0130N\u0130 DUYURMAK VE \u00c7OCUKLARIN C\u0130NSEL \u0130ST\u0130SMARA MARUZ KALMASINI \u00d6NLEMEK \u0130\u00c7\u0130N, BU<span class=\"excerpt-hellip\"> [\u2026]<\/span><\/p>\n","protected":false},"featured_media":0,"template":"","meta":{"_monsterinsights_skip_tracking":false,"_monsterinsights_sitenote_active":false,"_monsterinsights_sitenote_note":"","_monsterinsights_sitenote_category":0},"product_brand":[],"product_cat":[52477],"product_tag":[],"class_list":{"0":"post-752697","1":"product","2":"type-product","3":"status-publish","5":"product_cat-arastirma","6":"pa_cilt-ciltsiz","7":"pa_tur-kitap","8":"pa_yayinevi-destek-yayinlari","9":"pa_yazar-meliha-yildiz","11":"first","12":"instock","13":"sale","14":"shipping-taxable","15":"purchasable","16":"product-type-simple"},"_links":{"self":[{"href":"https:\/\/roveyayinevi.com.tr\/index.php\/wp-json\/wp\/v2\/product\/752697","targetHints":{"allow":["GET"]}}],"collection":[{"href":"https:\/\/roveyayinevi.com.tr\/index.php\/wp-json\/wp\/v2\/product"}],"about":[{"href":"https:\/\/roveyayinevi.com.tr\/index.php\/wp-json\/wp\/v2\/types\/product"}],"wp:attachment":[{"href":"https:\/\/roveyayinevi.com.tr\/index.php\/wp-json\/wp\/v2\/media?parent=752697"}],"wp:term":[{"taxonomy":"product_brand","embeddable":true,"href":"https:\/\/roveyayinevi.com.tr\/index.php\/wp-json\/wp\/v2\/product_brand?post=752697"},{"taxonomy":"product_cat","embeddable":true,"href":"https:\/\/roveyayinevi.com.tr\/index.php\/wp-json\/wp\/v2\/product_cat?post=752697"},{"taxonomy":"product_tag","embeddable":true,"href":"https:\/\/roveyayinevi.com.tr\/index.php\/wp-json\/wp\/v2\/product_tag?post=752697"}],"curies":[{"name":"wp","href":"https:\/\/api.w.org\/{rel}","templated":true}]}}