{"id":752696,"date":"2025-08-28T05:22:43","date_gmt":"2025-08-28T02:22:43","guid":{"rendered":"https:\/\/roveyayinevi.com.tr\/index.php\/urun\/ruhun-anahtari-sende-sakli\/"},"modified":"2026-04-16T03:06:00","modified_gmt":"2026-04-16T00:06:00","slug":"ruhun-anahtari-sende-sakli","status":"publish","type":"product","link":"https:\/\/roveyayinevi.com.tr\/index.php\/urun\/ruhun-anahtari-sende-sakli\/","title":{"rendered":"Ruhun Anahtar\u0131 Sende Sakl\u0131"},"content":{"rendered":"<p>Kendini ger\u00e7ekle\u015ftirme yolculu\u011funda nereye bakt\u0131\u011f\u0131n\u0131z \u00f6nemli de\u011fildir. As\u0131l \u00f6nemli olan neyi g\u00f6rd\u00fc\u011f\u00fcn\u00fczd\u00fcr. \u00dcst d\u00fcnyam\u0131zda kar\u015f\u0131la\u015ft\u0131\u011f\u0131m\u0131z her ne varsa asl\u0131nda hepsi alt d\u00fcnyam\u0131zda ger\u00e7ekle\u015fir. Hayat\u0131m\u0131zda olup bitenler i\u00e7d\u00fcnyam\u0131zdan y\u00fckselen enerjilerle in\u015fa edilirler. Bizlerse k\u00f6t\u00fc ve olumsuz deneyimlere daima isyan eder ve \u00f6fkeleniriz. O y\u00fczden de ne diledi\u011fine dikkat et derler. Peki ya her \u015feyin olup bitti\u011fi i\u00e7imizin derinliklerini ne \u00f6l\u00e7\u00fcde ve nas\u0131l ke\u015ffedebiliriz? Ya\u015fam Terapisti \u00d6znur \u00d6zer bu kitapla ruhunuzun derinliklerine iniyor. D\u00f6n\u00fc\u015ft\u00fcr\u00fclmesi, iyile\u015ftirilmesi gerekenlere bir ayna tutarak ya\u015fam mucizelerini ke\u015ffetmenize katk\u0131 sa\u011fl\u0131yor. Varolu\u015fu ta\u00e7land\u0131racak o y\u00fcce benli\u011fin fark\u0131ndal\u0131\u011f\u0131na haz\u0131r m\u0131s\u0131n\u0131z? <\/p>\n","protected":false},"excerpt":{"rendered":"<p>Kendini ger\u00e7ekle\u015ftirme yolculu\u011funda nereye bakt\u0131\u011f\u0131n\u0131z \u00f6nemli de\u011fildir. As\u0131l \u00f6nemli olan neyi g\u00f6rd\u00fc\u011f\u00fcn\u00fczd\u00fcr. \u00dcst d\u00fcnyam\u0131zda kar\u015f\u0131la\u015ft\u0131\u011f\u0131m\u0131z her ne varsa asl\u0131nda hepsi alt d\u00fcnyam\u0131zda ger\u00e7ekle\u015fir. Hayat\u0131m\u0131zda olup bitenler<span class=\"excerpt-hellip\"> [\u2026]<\/span><\/p>\n","protected":false},"featured_media":0,"template":"","meta":{"_monsterinsights_skip_tracking":false,"_monsterinsights_sitenote_active":false,"_monsterinsights_sitenote_note":"","_monsterinsights_sitenote_category":0},"product_brand":[],"product_cat":[12364,12376],"product_tag":[],"class_list":{"0":"post-752696","1":"product","2":"type-product","3":"status-publish","5":"product_cat-genel-konular","6":"product_cat-kisisel-gelisim","7":"pa_cilt-ciltsiz","8":"pa_tur-kitap","9":"pa_yayinevi-destek-yayinlari","10":"pa_yazar-oznur-ozer","12":"first","13":"instock","14":"sale","15":"shipping-taxable","16":"purchasable","17":"product-type-simple"},"_links":{"self":[{"href":"https:\/\/roveyayinevi.com.tr\/index.php\/wp-json\/wp\/v2\/product\/752696","targetHints":{"allow":["GET"]}}],"collection":[{"href":"https:\/\/roveyayinevi.com.tr\/index.php\/wp-json\/wp\/v2\/product"}],"about":[{"href":"https:\/\/roveyayinevi.com.tr\/index.php\/wp-json\/wp\/v2\/types\/product"}],"wp:attachment":[{"href":"https:\/\/roveyayinevi.com.tr\/index.php\/wp-json\/wp\/v2\/media?parent=752696"}],"wp:term":[{"taxonomy":"product_brand","embeddable":true,"href":"https:\/\/roveyayinevi.com.tr\/index.php\/wp-json\/wp\/v2\/product_brand?post=752696"},{"taxonomy":"product_cat","embeddable":true,"href":"https:\/\/roveyayinevi.com.tr\/index.php\/wp-json\/wp\/v2\/product_cat?post=752696"},{"taxonomy":"product_tag","embeddable":true,"href":"https:\/\/roveyayinevi.com.tr\/index.php\/wp-json\/wp\/v2\/product_tag?post=752696"}],"curies":[{"name":"wp","href":"https:\/\/api.w.org\/{rel}","templated":true}]}}