{"id":752695,"date":"2025-08-28T05:22:41","date_gmt":"2025-08-28T02:22:41","guid":{"rendered":"https:\/\/roveyayinevi.com.tr\/index.php\/urun\/parildayan-seyleri-toplayip-sana-verecegim\/"},"modified":"2026-02-28T03:29:55","modified_gmt":"2026-02-28T00:29:55","slug":"parildayan-seyleri-toplayip-sana-verecegim","status":"publish","type":"product","link":"https:\/\/roveyayinevi.com.tr\/index.php\/urun\/parildayan-seyleri-toplayip-sana-verecegim\/","title":{"rendered":"Par\u0131ldayan \u015eeyleri Toplay\u0131p Sana Verece\u011fim"},"content":{"rendered":"<p>DE\u011eERL\u0130 ANLAR B\u0130R ARAYA GELD\u0130\u011e\u0130NDE, PARILDAYAN B\u0130R D\u00dcNYA OLU\u015eTURUR.   Sana \u201cG\u00fc\u00e7l\u00fc ol\u201d demektense sormak istiyorum, \u201c\u0130yi misin?\u201d diye. Karanl\u0131k zamanlarda yolunu kaybetmemen i\u00e7in her zaman \u0131\u015f\u0131k tutaca\u011f\u0131m sana. \u015eefkat dolu tesellim, s\u0131cac\u0131k deste\u011fim hep seninle. Sana s\u00f6z veriyorum: Yar\u0131n\u0131n bug\u00fcn\u00fcnden daha ayd\u0131nl\u0131k olacak!   Asl\u0131nda g\u00fczel \u015feyler hep yak\u0131n\u0131m\u0131zda duruyor, ama biz onlar\u0131 g\u00f6rm\u00fcyoruz \u00e7o\u011fu zaman. Hayat\u0131n k\u00fc\u00e7\u00fck ama de\u011ferli mutluluklar\u0131n\u0131 toplay\u0131p, \u0131\u015f\u0131l \u0131\u015f\u0131l parlayan o anlar\u0131 resmediyor bu g\u00fczel kitap. Y\u00fcrekleri p\u0131r p\u0131r ettiren, sevgi dolu, dokunakl\u0131 duygular\u0131 t\u00fcm samimiyetiyle aktaran bu k\u00fc\u00e7\u00fck hik\u00e2yeler, kalplere mutlulu\u011fu getirmeyi vaat ediyor. I\u015f\u0131l \u0131\u015f\u0131l parlakl\u0131\u011f\u0131yla hayatlar\u0131m\u0131zdaki de\u011ferli \u015feylere \u0131\u015f\u0131k tutuyor. <\/p>\n","protected":false},"excerpt":{"rendered":"<p>DE\u011eERL\u0130 ANLAR B\u0130R ARAYA GELD\u0130\u011e\u0130NDE, PARILDAYAN B\u0130R D\u00dcNYA OLU\u015eTURUR. Sana \u201cG\u00fc\u00e7l\u00fc ol\u201d demektense sormak istiyorum, \u201c\u0130yi misin?\u201d diye. Karanl\u0131k zamanlarda yolunu kaybetmemen i\u00e7in her zaman \u0131\u015f\u0131k<span class=\"excerpt-hellip\"> [\u2026]<\/span><\/p>\n","protected":false},"featured_media":0,"template":"","meta":{"_monsterinsights_skip_tracking":false,"_monsterinsights_sitenote_active":false,"_monsterinsights_sitenote_note":"","_monsterinsights_sitenote_category":0},"product_brand":[],"product_cat":[12416,12291],"product_tag":[],"class_list":{"0":"post-752695","1":"product","2":"type-product","3":"status-publish","5":"product_cat-cizgi-roman","6":"product_cat-edebiyat","7":"pa_cilt-ciltsiz","8":"pa_tur-kitap","9":"pa_yayinevi-athica-yayinlari","10":"pa_yazar-myeong-minho","12":"first","13":"instock","14":"sale","15":"shipping-taxable","16":"purchasable","17":"product-type-simple"},"_links":{"self":[{"href":"https:\/\/roveyayinevi.com.tr\/index.php\/wp-json\/wp\/v2\/product\/752695","targetHints":{"allow":["GET"]}}],"collection":[{"href":"https:\/\/roveyayinevi.com.tr\/index.php\/wp-json\/wp\/v2\/product"}],"about":[{"href":"https:\/\/roveyayinevi.com.tr\/index.php\/wp-json\/wp\/v2\/types\/product"}],"wp:attachment":[{"href":"https:\/\/roveyayinevi.com.tr\/index.php\/wp-json\/wp\/v2\/media?parent=752695"}],"wp:term":[{"taxonomy":"product_brand","embeddable":true,"href":"https:\/\/roveyayinevi.com.tr\/index.php\/wp-json\/wp\/v2\/product_brand?post=752695"},{"taxonomy":"product_cat","embeddable":true,"href":"https:\/\/roveyayinevi.com.tr\/index.php\/wp-json\/wp\/v2\/product_cat?post=752695"},{"taxonomy":"product_tag","embeddable":true,"href":"https:\/\/roveyayinevi.com.tr\/index.php\/wp-json\/wp\/v2\/product_tag?post=752695"}],"curies":[{"name":"wp","href":"https:\/\/api.w.org\/{rel}","templated":true}]}}