{"id":752693,"date":"2025-08-28T05:22:37","date_gmt":"2025-08-28T02:22:37","guid":{"rendered":"https:\/\/roveyayinevi.com.tr\/index.php\/urun\/camdan-ve-kardan-kizlar\/"},"modified":"2026-04-16T03:06:00","modified_gmt":"2026-04-16T00:06:00","slug":"camdan-ve-kardan-kizlar","status":"publish","type":"product","link":"https:\/\/roveyayinevi.com.tr\/index.php\/urun\/camdan-ve-kardan-kizlar\/","title":{"rendered":"Camdan ve Kardan K\u0131zlar"},"content":{"rendered":"<p>Rakip olmakla lanetlenmi\u015f iki kad\u0131n\u2026 Birinin zaferi di\u011ferinin felaketi olacakt\u0131.     On alt\u0131 ya\u015f\u0131ndaki Mina annesizdi, b\u00fcy\u00fcc\u00fc babas\u0131 gaddard\u0131 ve sessiz kalbi hi\u00e7 kimse i\u00e7in sevgiyle atmam\u0131\u015ft\u0131. Ger\u00e7i hi\u00e7bir zaman atmam\u0131\u015ft\u0131 ama Mina bunun normal oldu\u011funu d\u00fc\u015f\u00fcnm\u00fc\u015ft\u00fc. Babas\u0131n\u0131n kalbini \u00e7\u0131kard\u0131\u011f\u0131n\u0131 ve yerine camdan bir kalp koydu\u011funu hi\u00e7 tahmin etmemi\u015fti. Whitespring \u015fatosuna ad\u0131m at\u0131p kral\u0131n\u0131 ilk kez g\u00f6rd\u00fc\u011f\u00fc anda Mina bir plan yapt\u0131. G\u00fczelli\u011fiyle kral\u0131n kalbini kazanacak, krali\u00e7e olacak ve sonunda a\u015fk\u0131n nas\u0131l bir his oldu\u011funu \u00f6\u011frenecekti. Fakat tek sorun, \u00fcvey anne olmak zorunda kalacak olmas\u0131yd\u0131.   On be\u015f ya\u015f\u0131ndaki Lynet, t\u0131pk\u0131 \u00f6lm\u00fc\u015f annesine benziyordu ve bir g\u00fcn bunun nedenini ke\u015ffetti. Babas\u0131n\u0131n emriyle bir sihirbaz onu \u00f6l\u00fc krali\u00e7enin suretinde kardan yaratm\u0131\u015ft\u0131. Ama \u00f6l\u00fc krali\u00e7enin suretinden yarat\u0131lmas\u0131na ra\u011fmen, Lynet sert ve muhte\u015fem \u00fcvey annesi Mina gibi olmay\u0131 tercih ederdi. Babas\u0131, Mina&#8217;y\u0131 yerinden ederek Lynet\u2019i G\u00fcney topraklar\u0131n\u0131n krali\u00e7esi yapt\u0131\u011f\u0131nda ise dile\u011fi yerine getirilmi\u015f oldu. \u015eimdi Mina, Lynet&#8217;e g\u00f6zlerinde nefret gibi bir \u015feyle bakmaya ba\u015flam\u0131\u015ft\u0131. Art\u0131k Lynet ne yapaca\u011f\u0131na karar vermeliydi, &#8211; ve kim olaca\u011f\u0131na &#8211; ya tan\u0131d\u0131\u011f\u0131 tek anneyi geri kazanacak\u2026 ya da onu sonsuza dek kaybedecekti.<\/p>\n","protected":false},"excerpt":{"rendered":"<p>Rakip olmakla lanetlenmi\u015f iki kad\u0131n\u2026 Birinin zaferi di\u011ferinin felaketi olacakt\u0131. On alt\u0131 ya\u015f\u0131ndaki Mina annesizdi, b\u00fcy\u00fcc\u00fc babas\u0131 gaddard\u0131 ve sessiz kalbi hi\u00e7 kimse i\u00e7in sevgiyle atmam\u0131\u015ft\u0131.<span class=\"excerpt-hellip\"> [\u2026]<\/span><\/p>\n","protected":false},"featured_media":0,"template":"","meta":{"_monsterinsights_skip_tracking":false,"_monsterinsights_sitenote_active":false,"_monsterinsights_sitenote_note":"","_monsterinsights_sitenote_category":0},"product_brand":[],"product_cat":[12291,14777],"product_tag":[],"class_list":{"0":"post-752693","1":"product","2":"type-product","3":"status-publish","5":"product_cat-edebiyat","6":"product_cat-fantastik","7":"pa_cilt-ciltsiz","8":"pa_tur-kitap","9":"pa_yayinevi-marti-yayinlari","10":"pa_yazar-melissa-bashardoust","12":"first","13":"instock","14":"sale","15":"shipping-taxable","16":"purchasable","17":"product-type-simple"},"_links":{"self":[{"href":"https:\/\/roveyayinevi.com.tr\/index.php\/wp-json\/wp\/v2\/product\/752693","targetHints":{"allow":["GET"]}}],"collection":[{"href":"https:\/\/roveyayinevi.com.tr\/index.php\/wp-json\/wp\/v2\/product"}],"about":[{"href":"https:\/\/roveyayinevi.com.tr\/index.php\/wp-json\/wp\/v2\/types\/product"}],"wp:attachment":[{"href":"https:\/\/roveyayinevi.com.tr\/index.php\/wp-json\/wp\/v2\/media?parent=752693"}],"wp:term":[{"taxonomy":"product_brand","embeddable":true,"href":"https:\/\/roveyayinevi.com.tr\/index.php\/wp-json\/wp\/v2\/product_brand?post=752693"},{"taxonomy":"product_cat","embeddable":true,"href":"https:\/\/roveyayinevi.com.tr\/index.php\/wp-json\/wp\/v2\/product_cat?post=752693"},{"taxonomy":"product_tag","embeddable":true,"href":"https:\/\/roveyayinevi.com.tr\/index.php\/wp-json\/wp\/v2\/product_tag?post=752693"}],"curies":[{"name":"wp","href":"https:\/\/api.w.org\/{rel}","templated":true}]}}