{"id":752692,"date":"2025-08-28T05:22:36","date_gmt":"2025-08-28T02:22:36","guid":{"rendered":"https:\/\/roveyayinevi.com.tr\/index.php\/urun\/varlik-ve-allah\/"},"modified":"2026-04-14T03:12:48","modified_gmt":"2026-04-14T00:12:48","slug":"varlik-ve-allah","status":"publish","type":"product","link":"https:\/\/roveyayinevi.com.tr\/index.php\/urun\/varlik-ve-allah\/","title":{"rendered":"Varl\u0131k ve Allah"},"content":{"rendered":"<p>Be\u015fincisi: D\u00fccane\u2019nin ak\u0131l, beyin, i\u015fitme, g\u00f6rme gibi kulland\u0131\u011f\u0131 arg\u00fcmanlard\u0131r. Kur\u2019an\u2019da itaat ve i\u015fitme k\u00f6r\u00fc k\u00f6r\u00fcne boyun e\u011fmek demektir. Bu da insan do\u011fas\u0131na ayk\u0131r\u0131d\u0131r, diyor. Ve Diyor ki: Kur\u2019an\u2019da ak\u0131l kelimesi, isim olarak ge\u00e7miyor. Demek Muhammed, beyni ve ger\u00e7ek bilgiyi bilmiyor. Neden Kur\u2019an\u2019da Allah g\u00f6rd\u00fc, i\u015fitti fiili ge\u00e7ti\u011fi gibi Allah akletti fiili ge\u00e7miyor.   Evvela: Kur\u2019an\u2019\u0131n ve o g\u00fcn\u00fcn Araplar\u0131n\u0131n kulland\u0131\u011f\u0131 ak\u0131l ve akletme, bizim Osmanl\u0131cada kulland\u0131\u011f\u0131m\u0131z bilgi ve bilme manas\u0131nda de\u011fildir. D\u00fccane \u00e7ok ve \u00e7ok etimoloji bildi\u011fini iddia ediyor. Biraz baksa idi, bu akletmenin bilgi de\u011fil de riski yenmek \u00fczere karar vermek, i\u015fi karara ba\u011flamak demek oldu\u011funu anlard\u0131. Nitekim bu k\u00f6kten gelen \u0131kal, insanlar\u0131n ba\u015f\u0131na ba\u011flad\u0131\u011f\u0131 \u00f6rt\u00fc ve o \u00f6rt\u00fcn\u00fcn ipi demektir. Evet ak\u0131l, akrabal\u0131k ba\u011f\u0131 manas\u0131na da gelir. Ikal fidyesi, akrabalar\u0131n \u00f6demesi gereken fidye manas\u0131na gelir.   \u0130\u015fte ak\u0131l sadece bir eylem oldu\u011fu i\u00e7in isim-masdar olarak Kur\u2019an\u2019da ge\u00e7memi\u015ftir. Onun yerine l\u00fcbb (insan\u0131n \u00f6z\u00fc yani beyni), ilim (insan\u0131 do\u011fruya g\u00f6t\u00fcren veri) gibi kelimeler ge\u00e7iyor. Evet Kur\u2019an\u2019da, Allah aklediyor kelimesi, ge\u00e7miyor. \u00c7\u00fcnk\u00fc d\u00fc\u015f\u00fcn\u00fcp sonra i\u015fi karara ba\u011flamak Allah i\u00e7in acizlik ifadesi olur. Allah ise, mutlak a\u015fk\u0131nd\u0131r, hi\u00e7bir \u015feye ihtiyac\u0131 yoktur.   Nitekim fikir de basamaklar kurup derinlemesine sonuca varmak demek oldu\u011fundan Allah d\u00fc\u015f\u00fcn\u00fcyor da denmez. Ve Kur\u2019an\u2019da b\u00f6yle bir fiil yoktur.  Fakat y\u00fcz k\u00fcsur yerde Allah bilir, diyor.   Allah\u2019\u0131n bilgisi ise, vahiy ve logos yani k\u00e2inata ruh ve can olan yaz\u0131l\u0131m tarz\u0131nda tecelli ediyor. Nitekim Yunancada rasyo kelimesi yerine genelde ak\u0131l ve mant\u0131k manas\u0131nda Logos kelimesi kullan\u0131l\u0131r.   Evet ak\u0131l biz insanlar i\u00e7indir, \u00e7\u00fcnk\u00fc hayatta binlerce riski yenip ebediyeti kazanmak \u00fczere karar vermek ve ona g\u00f6re i\u015f g\u00f6rmek bizim i\u00e7indir. Zaten Kur\u2019an yirmiden fazla yerde bu akletme filini bize tavsiye ediyor. Hem de bilin\u00e7d\u0131\u015f\u0131m\u0131zla yani kalbimizle. Ki tam tatmin olal\u0131m.   D\u00fccane, bu ak\u0131l maddesini \u00e7arp\u0131tt\u0131\u011f\u0131 gibi, i\u015fittik ve itaat ettik kal\u0131b\u0131n\u0131 de yanl\u0131\u015f anl\u0131yor. \u00c7\u00fcnk\u00fc bu kal\u0131p, i\u015fittik, anlad\u0131k, kabul edip itaat ettik manas\u0131nda kullan\u0131l\u0131r. M\u00fccadele suresi, 1. Ayete bakabilirsiniz. <\/p>\n","protected":false},"excerpt":{"rendered":"<p>Be\u015fincisi: D\u00fccane\u2019nin ak\u0131l, beyin, i\u015fitme, g\u00f6rme gibi kulland\u0131\u011f\u0131 arg\u00fcmanlard\u0131r. Kur\u2019an\u2019da itaat ve i\u015fitme k\u00f6r\u00fc k\u00f6r\u00fcne boyun e\u011fmek demektir. Bu da insan do\u011fas\u0131na ayk\u0131r\u0131d\u0131r, diyor. Ve Diyor<span class=\"excerpt-hellip\"> [\u2026]<\/span><\/p>\n","protected":false},"featured_media":0,"template":"","meta":{"_monsterinsights_skip_tracking":false,"_monsterinsights_sitenote_active":false,"_monsterinsights_sitenote_note":"","_monsterinsights_sitenote_category":0},"product_brand":[],"product_cat":[13036,12718,12719],"product_tag":[],"class_list":{"0":"post-752692","1":"product","2":"type-product","3":"status-publish","5":"product_cat-arastirma-inceleme-islam","6":"product_cat-din","7":"product_cat-islam","8":"pa_cilt-ciltsiz","9":"pa_tur-kitap","10":"pa_yayinevi-gulnar-yayinlari","11":"pa_yazar-bahaeddin-saglam","13":"first","14":"instock","15":"sale","16":"shipping-taxable","17":"purchasable","18":"product-type-simple"},"_links":{"self":[{"href":"https:\/\/roveyayinevi.com.tr\/index.php\/wp-json\/wp\/v2\/product\/752692","targetHints":{"allow":["GET"]}}],"collection":[{"href":"https:\/\/roveyayinevi.com.tr\/index.php\/wp-json\/wp\/v2\/product"}],"about":[{"href":"https:\/\/roveyayinevi.com.tr\/index.php\/wp-json\/wp\/v2\/types\/product"}],"wp:attachment":[{"href":"https:\/\/roveyayinevi.com.tr\/index.php\/wp-json\/wp\/v2\/media?parent=752692"}],"wp:term":[{"taxonomy":"product_brand","embeddable":true,"href":"https:\/\/roveyayinevi.com.tr\/index.php\/wp-json\/wp\/v2\/product_brand?post=752692"},{"taxonomy":"product_cat","embeddable":true,"href":"https:\/\/roveyayinevi.com.tr\/index.php\/wp-json\/wp\/v2\/product_cat?post=752692"},{"taxonomy":"product_tag","embeddable":true,"href":"https:\/\/roveyayinevi.com.tr\/index.php\/wp-json\/wp\/v2\/product_tag?post=752692"}],"curies":[{"name":"wp","href":"https:\/\/api.w.org\/{rel}","templated":true}]}}