{"id":752689,"date":"2025-08-28T05:22:32","date_gmt":"2025-08-28T02:22:32","guid":{"rendered":"https:\/\/roveyayinevi.com.tr\/index.php\/urun\/yeni-anneligin-sosyolojisi\/"},"modified":"2026-04-16T03:06:00","modified_gmt":"2026-04-16T00:06:00","slug":"yeni-anneligin-sosyolojisi","status":"publish","type":"product","link":"https:\/\/roveyayinevi.com.tr\/index.php\/urun\/yeni-anneligin-sosyolojisi\/","title":{"rendered":"Yeni Anneli\u011fin Sosyolojisi"},"content":{"rendered":"<p>\u201cYeni anneli\u011fin sosyok\u00fclt\u00fcrel ba\u011flam\u0131na duydu\u011fum sosyolojik merak\u0131n arkas\u0131nda, teyze olduktan sonraki g\u00fcndelik hayat tecr\u00fcbelerimin akademik bir sorgulamaya d\u00f6n\u00fc\u015fmesi hik\u00e2yesi yer almaktad\u0131r. Hen\u00fcz y\u00fcksek lisans e\u011fitimine yeni ba\u015flam\u0131\u015f bir \u00f6\u011frenciyken ye\u011fenimin do\u011fumunu tebrik etmeye gelen kom\u015fu toplulu\u011funda yer alan annelerin hepsinin \u00e7ocuklar\u0131n\u0131n yaramaz de\u011fil, fakat hiperaktif olarak nitelendirmesi beni \u015fa\u015f\u0131rtm\u0131\u015ft\u0131. Hem kendi ku\u015fa\u011f\u0131ma hem de kendi annemin de i\u00e7inde yer ald\u0131\u011f\u0131 bir \u00f6nceki ku\u015fa\u011f\u0131n annelik tecr\u00fcbelerine dair g\u00f6zlemlerim ise annelik deneyimini akademik bir merakla soru\u015fturdu\u011fum bir d\u00fc\u015f\u00fcnme alan\u0131 a\u00e7t\u0131. Bu g\u00f6zlemlerden en \u00f6nemlisi benim gibi orta s\u0131n\u0131ftan annelerin ne kadar \u00f6zverili olursa olsunlar, her daim kendilerini yetersiz ve bir \u015fekilde su\u00e7lu hissediyor olmalar\u0131yd\u0131. S\u00f6z konusu duygular ile uzmanl\u0131k bilgisi aras\u0131nda kurdu\u011fum ba\u011flant\u0131 ise beni annelerin uzmanl\u0131k bilgisiyle nas\u0131l bir ili\u015fki kurduklar\u0131 ve bu ili\u015fkiyi nas\u0131l anlamland\u0131rd\u0131klar\u0131 sorusuna sevk etti. Elinizdeki kitap s\u00f6z konusu soruya cevap arama \u00e7abas\u0131n\u0131 temsil etmektedir.\u201d \u2013Zehra Zeynep Sad\u0131ko\u011flu<\/p>\n","protected":false},"excerpt":{"rendered":"<p>\u201cYeni anneli\u011fin sosyok\u00fclt\u00fcrel ba\u011flam\u0131na duydu\u011fum sosyolojik merak\u0131n arkas\u0131nda, teyze olduktan sonraki g\u00fcndelik hayat tecr\u00fcbelerimin akademik bir sorgulamaya d\u00f6n\u00fc\u015fmesi hik\u00e2yesi yer almaktad\u0131r. Hen\u00fcz y\u00fcksek lisans e\u011fitimine yeni<span class=\"excerpt-hellip\"> [\u2026]<\/span><\/p>\n","protected":false},"featured_media":0,"template":"","meta":{"_monsterinsights_skip_tracking":false,"_monsterinsights_sitenote_active":false,"_monsterinsights_sitenote_note":"","_monsterinsights_sitenote_category":0},"product_brand":[],"product_cat":[52477],"product_tag":[],"class_list":{"0":"post-752689","1":"product","2":"type-product","3":"status-publish","5":"product_cat-arastirma","6":"pa_cilt-ciltsiz","7":"pa_tur-kitap","8":"pa_yayinevi-alfa-yayinlari","9":"pa_yazar-zehra-zeynep-sadikoglu","11":"first","12":"instock","13":"sale","14":"shipping-taxable","15":"purchasable","16":"product-type-simple"},"_links":{"self":[{"href":"https:\/\/roveyayinevi.com.tr\/index.php\/wp-json\/wp\/v2\/product\/752689","targetHints":{"allow":["GET"]}}],"collection":[{"href":"https:\/\/roveyayinevi.com.tr\/index.php\/wp-json\/wp\/v2\/product"}],"about":[{"href":"https:\/\/roveyayinevi.com.tr\/index.php\/wp-json\/wp\/v2\/types\/product"}],"wp:attachment":[{"href":"https:\/\/roveyayinevi.com.tr\/index.php\/wp-json\/wp\/v2\/media?parent=752689"}],"wp:term":[{"taxonomy":"product_brand","embeddable":true,"href":"https:\/\/roveyayinevi.com.tr\/index.php\/wp-json\/wp\/v2\/product_brand?post=752689"},{"taxonomy":"product_cat","embeddable":true,"href":"https:\/\/roveyayinevi.com.tr\/index.php\/wp-json\/wp\/v2\/product_cat?post=752689"},{"taxonomy":"product_tag","embeddable":true,"href":"https:\/\/roveyayinevi.com.tr\/index.php\/wp-json\/wp\/v2\/product_tag?post=752689"}],"curies":[{"name":"wp","href":"https:\/\/api.w.org\/{rel}","templated":true}]}}