{"id":752687,"date":"2025-08-28T05:22:29","date_gmt":"2025-08-28T02:22:29","guid":{"rendered":"https:\/\/roveyayinevi.com.tr\/index.php\/urun\/kemik-halki\/"},"modified":"2026-04-16T03:06:00","modified_gmt":"2026-04-16T00:06:00","slug":"kemik-halki","status":"publish","type":"product","link":"https:\/\/roveyayinevi.com.tr\/index.php\/urun\/kemik-halki\/","title":{"rendered":"Kemik Halk\u0131"},"content":{"rendered":"<p>1985\u2019te Booker \u00d6d\u00fcl\u00fc\u2019n\u00fc kazanan Kemik Halk\u0131, d\u00fcnyayla y\u00fczle\u015fmenin tek yolunun yaln\u0131z ya\u015famak oldu\u011funa inanan umutsuz bir yar\u0131 Maori sanat\u00e7\u0131 olan Kerewin\u2019in hik\u00e2yesidir.   Kerewin\u2019in dingince ya\u015fad\u0131\u011f\u0131 kozas\u0131, korkun\u00e7 bir travma ta\u015f\u0131yor gibi g\u00f6r\u00fcnen alt\u0131 ya\u015f\u0131ndaki suskun bir \u00e7ocuk olan Simon\u2019\u0131n bir ya\u011fmur f\u0131rt\u0131nas\u0131 s\u0131ras\u0131nda aniden geli\u015fiyle delik de\u015fik olur. Simon\u2019\u0131n hemen ard\u0131ndan da huysuz bir Maori olan fabrika i\u015f\u00e7isi \u00fcvey babas\u0131 Joe gelir.   Kemik Halk\u0131, bu \u00fc\u00e7 karakterin ard\u0131nda yatan ger\u00e7e\u011fi, Maori ve Avrupal\u0131 karakterler aras\u0131ndaki y\u00fcrek burkan \u00e7at\u0131\u015fmay\u0131 dokunakl\u0131 g\u00fczel bir dille iddial\u0131 bir \u015fekilde ele al\u0131yor.    \u201cBu romanda Yeni Zelanda halk\u0131, miras\u0131 ve manzaras\u0131, esrarengiz bir \u015fiir ve anlay\u0131\u015fla bir araya getiriliyor.\u201d Sunday Times    \u201cHem g\u00fczel hem korkun\u00e7. Hassas ve ac\u0131mas\u0131z. Hayal ve ger\u00e7ek. \u015eiirsel ve kaba. Sonsuz derecede basit ve sonsuz derecede karma\u015f\u0131k.\u201d                                 New Zealand Herald <\/p>\n","protected":false},"excerpt":{"rendered":"<p>1985\u2019te Booker \u00d6d\u00fcl\u00fc\u2019n\u00fc kazanan Kemik Halk\u0131, d\u00fcnyayla y\u00fczle\u015fmenin tek yolunun yaln\u0131z ya\u015famak oldu\u011funa inanan umutsuz bir yar\u0131 Maori sanat\u00e7\u0131 olan Kerewin\u2019in hik\u00e2yesidir. Kerewin\u2019in dingince ya\u015fad\u0131\u011f\u0131 kozas\u0131,<span class=\"excerpt-hellip\"> [\u2026]<\/span><\/p>\n","protected":false},"featured_media":0,"template":"","meta":{"_monsterinsights_skip_tracking":false,"_monsterinsights_sitenote_active":false,"_monsterinsights_sitenote_note":"","_monsterinsights_sitenote_category":0},"product_brand":[],"product_cat":[12291,12711],"product_tag":[],"class_list":{"0":"post-752687","1":"product","2":"type-product","3":"status-publish","5":"product_cat-edebiyat","6":"product_cat-roman-oyku","7":"pa_cilt-ciltsiz","8":"pa_tur-kitap","9":"pa_yayinevi-sms-yayinlari","10":"pa_yazar-keri-hulme","12":"first","13":"instock","14":"sale","15":"shipping-taxable","16":"purchasable","17":"product-type-simple"},"_links":{"self":[{"href":"https:\/\/roveyayinevi.com.tr\/index.php\/wp-json\/wp\/v2\/product\/752687","targetHints":{"allow":["GET"]}}],"collection":[{"href":"https:\/\/roveyayinevi.com.tr\/index.php\/wp-json\/wp\/v2\/product"}],"about":[{"href":"https:\/\/roveyayinevi.com.tr\/index.php\/wp-json\/wp\/v2\/types\/product"}],"wp:attachment":[{"href":"https:\/\/roveyayinevi.com.tr\/index.php\/wp-json\/wp\/v2\/media?parent=752687"}],"wp:term":[{"taxonomy":"product_brand","embeddable":true,"href":"https:\/\/roveyayinevi.com.tr\/index.php\/wp-json\/wp\/v2\/product_brand?post=752687"},{"taxonomy":"product_cat","embeddable":true,"href":"https:\/\/roveyayinevi.com.tr\/index.php\/wp-json\/wp\/v2\/product_cat?post=752687"},{"taxonomy":"product_tag","embeddable":true,"href":"https:\/\/roveyayinevi.com.tr\/index.php\/wp-json\/wp\/v2\/product_tag?post=752687"}],"curies":[{"name":"wp","href":"https:\/\/api.w.org\/{rel}","templated":true}]}}