{"id":752683,"date":"2025-08-28T05:22:22","date_gmt":"2025-08-28T02:22:22","guid":{"rendered":"https:\/\/roveyayinevi.com.tr\/index.php\/urun\/japon-edebiyati-seti\/"},"modified":"2026-04-16T03:06:00","modified_gmt":"2026-04-16T00:06:00","slug":"japon-edebiyati-seti","status":"publish","type":"product","link":"https:\/\/roveyayinevi.com.tr\/index.php\/urun\/japon-edebiyati-seti\/","title":{"rendered":"Japon Edebiyat\u0131 Seti"},"content":{"rendered":"<p>Japon Edebiyat\u0131&#8217;n\u0131n devleri bir arada   Geleneksel Japon g\u00fczellik ideallerinin aray\u0131\u015f\u0131ndaki Juni\u00e7iro Tanizaki&#8217;nin Anahtar&#8217;\u0131,  Japonya\u2019n\u0131n Leonardo da Vinci\u2019si olarak tan\u0131nan Yukio Mi\u015fima&#8217;n\u0131n A\u015fka Susam\u0131\u015f&#8217;\u0131, Nobel Edebiyat \u00f6d\u00fcl\u00fc kazanan ilk Japon yazar Yasunari Kawabata&#8217;n\u0131n Karlar \u00dclkesi ile efsaneyle ger\u00e7e\u011fi i\u00e7 i\u00e7e ge\u00e7iren bir di\u011fer Nobelli Japon yazar Kenzaburo Oe&#8217;nin Kurban\u0131 Beslemek romanlar\u0131 bu sette bulu\u015fuyor<\/p>\n","protected":false},"excerpt":{"rendered":"<p>Japon Edebiyat\u0131&#8217;n\u0131n devleri bir arada Geleneksel Japon g\u00fczellik ideallerinin aray\u0131\u015f\u0131ndaki Juni\u00e7iro Tanizaki&#8217;nin Anahtar&#8217;\u0131, Japonya\u2019n\u0131n Leonardo da Vinci\u2019si olarak tan\u0131nan Yukio Mi\u015fima&#8217;n\u0131n A\u015fka Susam\u0131\u015f&#8217;\u0131, Nobel Edebiyat \u00f6d\u00fcl\u00fc<span class=\"excerpt-hellip\"> [\u2026]<\/span><\/p>\n","protected":false},"featured_media":0,"template":"","meta":{"_monsterinsights_skip_tracking":false,"_monsterinsights_sitenote_active":false,"_monsterinsights_sitenote_note":"","_monsterinsights_sitenote_category":0},"product_brand":[],"product_cat":[12291,12711],"product_tag":[],"class_list":{"0":"post-752683","1":"product","2":"type-product","3":"status-publish","5":"product_cat-edebiyat","6":"product_cat-roman-oyku","7":"pa_cilt-ciltsiz","8":"pa_tur-kitap","9":"pa_yayinevi-can-yayinlari","10":"pa_yazar-kolektif","12":"first","13":"instock","14":"sale","15":"shipping-taxable","16":"purchasable","17":"product-type-simple"},"_links":{"self":[{"href":"https:\/\/roveyayinevi.com.tr\/index.php\/wp-json\/wp\/v2\/product\/752683","targetHints":{"allow":["GET"]}}],"collection":[{"href":"https:\/\/roveyayinevi.com.tr\/index.php\/wp-json\/wp\/v2\/product"}],"about":[{"href":"https:\/\/roveyayinevi.com.tr\/index.php\/wp-json\/wp\/v2\/types\/product"}],"wp:attachment":[{"href":"https:\/\/roveyayinevi.com.tr\/index.php\/wp-json\/wp\/v2\/media?parent=752683"}],"wp:term":[{"taxonomy":"product_brand","embeddable":true,"href":"https:\/\/roveyayinevi.com.tr\/index.php\/wp-json\/wp\/v2\/product_brand?post=752683"},{"taxonomy":"product_cat","embeddable":true,"href":"https:\/\/roveyayinevi.com.tr\/index.php\/wp-json\/wp\/v2\/product_cat?post=752683"},{"taxonomy":"product_tag","embeddable":true,"href":"https:\/\/roveyayinevi.com.tr\/index.php\/wp-json\/wp\/v2\/product_tag?post=752683"}],"curies":[{"name":"wp","href":"https:\/\/api.w.org\/{rel}","templated":true}]}}