{"id":752682,"date":"2025-08-28T05:22:20","date_gmt":"2025-08-28T02:22:20","guid":{"rendered":"https:\/\/roveyayinevi.com.tr\/index.php\/urun\/sefiller-feksi-kapak\/"},"modified":"2026-04-16T03:06:00","modified_gmt":"2026-04-16T00:06:00","slug":"sefiller-feksi-kapak","status":"publish","type":"product","link":"https:\/\/roveyayinevi.com.tr\/index.php\/urun\/sefiller-feksi-kapak\/","title":{"rendered":"Sefiller (Feksi Kapak)"},"content":{"rendered":"<p>\u00c7ocuklar i\u00e7in d\u00fcnya klasikleri&#8230; L\u00fcks, ciltli \u00f6zel tasar\u0131mlar\u0131yla&#8230; Victor Hugo\u2019nun bu klasik eseri 19. y\u00fczy\u0131l Frans\u0131z edebiyat\u0131n\u0131n ba\u015fyap\u0131tlar\u0131ndan biridir. Romanda, su\u00e7 i\u015flemi\u015f ama iyi bir y\u00fcre\u011fi olan Jean Valjean\u2019\u0131n, ac\u0131mas\u0131z bir ailenin yan\u0131na s\u0131\u011f\u0131nm\u0131\u015f k\u00fc\u00e7\u00fck k\u0131z Cosette\u2019le kar\u015f\u0131la\u015fmas\u0131 ve onu ya\u015fad\u0131\u011f\u0131 bask\u0131c\u0131 ortamdan kurtarma \u00e7abas\u0131 s\u00fcr\u00fckleyici bir \u00fcslupla anlat\u0131l\u0131r. Jean Valjean\u2019\u0131n, s\u00fcrekli pe\u015finde olan polis m\u00fcfetti\u015fiyle ya\u015fad\u0131\u011f\u0131 ka\u00e7\u0131p kovalamaca, o d\u00f6nemde ger\u00e7ekle\u015fen Frans\u0131z Devrimi\u2019nin \u00e7alkant\u0131l\u0131 olaylar\u0131yla da ayr\u0131 bir gerilim kazan\u0131r. \u0130yilik, k\u00f6t\u00fcl\u00fck, fedak\u00e2rl\u0131k, \u00e7\u0131karc\u0131l\u0131k gibi kavramlar bu romanda yer alan kahramanlarla ete kemi\u011fe b\u00fcr\u00fcn\u00fcyor. <\/p>\n","protected":false},"excerpt":{"rendered":"<p>\u00c7ocuklar i\u00e7in d\u00fcnya klasikleri&#8230; L\u00fcks, ciltli \u00f6zel tasar\u0131mlar\u0131yla&#8230; Victor Hugo\u2019nun bu klasik eseri 19. y\u00fczy\u0131l Frans\u0131z edebiyat\u0131n\u0131n ba\u015fyap\u0131tlar\u0131ndan biridir. Romanda, su\u00e7 i\u015flemi\u015f ama iyi bir y\u00fcre\u011fi<span class=\"excerpt-hellip\"> [\u2026]<\/span><\/p>\n","protected":false},"featured_media":0,"template":"","meta":{"_monsterinsights_skip_tracking":false,"_monsterinsights_sitenote_active":false,"_monsterinsights_sitenote_note":"","_monsterinsights_sitenote_category":0},"product_brand":[],"product_cat":[12274,12467],"product_tag":[],"class_list":{"0":"post-752682","1":"product","2":"type-product","3":"status-publish","5":"product_cat-cocuk-ve-genclik-kitaplari","6":"product_cat-dunya-klasikleri","7":"pa_cilt-ciltsiz","8":"pa_tur-kitap","9":"pa_yayinevi-remzi-kitabevi","10":"pa_yazar-victor-hugo","12":"first","13":"instock","14":"sale","15":"shipping-taxable","16":"purchasable","17":"product-type-simple"},"_links":{"self":[{"href":"https:\/\/roveyayinevi.com.tr\/index.php\/wp-json\/wp\/v2\/product\/752682","targetHints":{"allow":["GET"]}}],"collection":[{"href":"https:\/\/roveyayinevi.com.tr\/index.php\/wp-json\/wp\/v2\/product"}],"about":[{"href":"https:\/\/roveyayinevi.com.tr\/index.php\/wp-json\/wp\/v2\/types\/product"}],"wp:attachment":[{"href":"https:\/\/roveyayinevi.com.tr\/index.php\/wp-json\/wp\/v2\/media?parent=752682"}],"wp:term":[{"taxonomy":"product_brand","embeddable":true,"href":"https:\/\/roveyayinevi.com.tr\/index.php\/wp-json\/wp\/v2\/product_brand?post=752682"},{"taxonomy":"product_cat","embeddable":true,"href":"https:\/\/roveyayinevi.com.tr\/index.php\/wp-json\/wp\/v2\/product_cat?post=752682"},{"taxonomy":"product_tag","embeddable":true,"href":"https:\/\/roveyayinevi.com.tr\/index.php\/wp-json\/wp\/v2\/product_tag?post=752682"}],"curies":[{"name":"wp","href":"https:\/\/api.w.org\/{rel}","templated":true}]}}