{"id":752681,"date":"2025-08-28T05:22:19","date_gmt":"2025-08-28T02:22:19","guid":{"rendered":"https:\/\/roveyayinevi.com.tr\/index.php\/urun\/cocuk-kalbi-fleksi-kapak\/"},"modified":"2026-04-16T03:06:00","modified_gmt":"2026-04-16T00:06:00","slug":"cocuk-kalbi-fleksi-kapak","status":"publish","type":"product","link":"https:\/\/roveyayinevi.com.tr\/index.php\/urun\/cocuk-kalbi-fleksi-kapak\/","title":{"rendered":"\u00c7ocuk Kalbi (Fleksi Kapak)"},"content":{"rendered":"<p>\u00c7ocuklar i\u00e7in d\u00fcnya klasikleri&#8230; L\u00fcks, ciltli \u00f6zel tasar\u0131mlar\u0131yla&#8230; \u00c7ocuk Kalbi, \u0130talyan yazar Edmondo de Amicis\u2019in d\u00fcnya dillerine \u00e7evrilmi\u015f \u00fcnl\u00fc bir roman\u0131d\u0131r. Bu romanda Enriko adl\u0131 bir \u00e7ocu\u011fun okul ve sosyal ya\u015famdaki g\u00f6zlemleri \u00f6\u011fretici bir \u00fcslupla verilir. Yurt sevgisi, yard\u0131mla\u015fma ve aile ili\u015fkilerinin yan\u0131 s\u0131ra okulda ge\u00e7en ac\u0131 tatl\u0131 olaylar, ger\u00e7ek\u00e7i bir yakla\u015f\u0131mla g\u00fcn g\u00fcn ilerleyerek anlat\u0131l\u0131r. Aralarda Enriko\u2019nun ailesinden masas\u0131na b\u0131rak\u0131lan mektuplar da yap\u0131ta ayr\u0131 bir renk katar. \u00c7ocuk Kalbi, duygu y\u00fckl\u00fc s\u0131cak anlat\u0131m\u0131yla okul \u00e7a\u011f\u0131 \u00e7ocuklar\u0131na \u00f6nerilen romanlar\u0131n ba\u015f\u0131nda geliyor.<\/p>\n","protected":false},"excerpt":{"rendered":"<p>\u00c7ocuklar i\u00e7in d\u00fcnya klasikleri&#8230; L\u00fcks, ciltli \u00f6zel tasar\u0131mlar\u0131yla&#8230; \u00c7ocuk Kalbi, \u0130talyan yazar Edmondo de Amicis\u2019in d\u00fcnya dillerine \u00e7evrilmi\u015f \u00fcnl\u00fc bir roman\u0131d\u0131r. Bu romanda Enriko adl\u0131 bir<span class=\"excerpt-hellip\"> [\u2026]<\/span><\/p>\n","protected":false},"featured_media":0,"template":"","meta":{"_monsterinsights_skip_tracking":false,"_monsterinsights_sitenote_active":false,"_monsterinsights_sitenote_note":"","_monsterinsights_sitenote_category":0},"product_brand":[],"product_cat":[12274,12467],"product_tag":[],"class_list":{"0":"post-752681","1":"product","2":"type-product","3":"status-publish","5":"product_cat-cocuk-ve-genclik-kitaplari","6":"product_cat-dunya-klasikleri","7":"pa_cilt-ciltsiz","8":"pa_tur-kitap","9":"pa_yayinevi-remzi-kitabevi","10":"pa_yazar-edmondo-de-amicis","12":"first","13":"instock","14":"sale","15":"shipping-taxable","16":"purchasable","17":"product-type-simple"},"_links":{"self":[{"href":"https:\/\/roveyayinevi.com.tr\/index.php\/wp-json\/wp\/v2\/product\/752681","targetHints":{"allow":["GET"]}}],"collection":[{"href":"https:\/\/roveyayinevi.com.tr\/index.php\/wp-json\/wp\/v2\/product"}],"about":[{"href":"https:\/\/roveyayinevi.com.tr\/index.php\/wp-json\/wp\/v2\/types\/product"}],"wp:attachment":[{"href":"https:\/\/roveyayinevi.com.tr\/index.php\/wp-json\/wp\/v2\/media?parent=752681"}],"wp:term":[{"taxonomy":"product_brand","embeddable":true,"href":"https:\/\/roveyayinevi.com.tr\/index.php\/wp-json\/wp\/v2\/product_brand?post=752681"},{"taxonomy":"product_cat","embeddable":true,"href":"https:\/\/roveyayinevi.com.tr\/index.php\/wp-json\/wp\/v2\/product_cat?post=752681"},{"taxonomy":"product_tag","embeddable":true,"href":"https:\/\/roveyayinevi.com.tr\/index.php\/wp-json\/wp\/v2\/product_tag?post=752681"}],"curies":[{"name":"wp","href":"https:\/\/api.w.org\/{rel}","templated":true}]}}