{"id":752678,"date":"2025-08-28T05:22:14","date_gmt":"2025-08-28T02:22:14","guid":{"rendered":"https:\/\/roveyayinevi.com.tr\/index.php\/urun\/50-maddede-evlilik\/"},"modified":"2026-04-16T03:06:00","modified_gmt":"2026-04-16T00:06:00","slug":"50-maddede-evlilik","status":"publish","type":"product","link":"https:\/\/roveyayinevi.com.tr\/index.php\/urun\/50-maddede-evlilik\/","title":{"rendered":"50 Maddede Evlilik"},"content":{"rendered":"<p>\u201cBirlikte g\u00fcnbat\u0131m\u0131n\u0131 izlerken Gustavo aniden, \u2018Ho\u015f geldin Turco\u2019 dedi. \u2018Kusura bakma bu aralar pek kendimde de\u011filim, \u00f6zellikle bu saatlerde kendimi pek iyi hissetmiyorum. Bu salonda onunla birlikte g\u00fcnbat\u0131m\u0131n\u0131 izlemeye al\u0131\u015fm\u0131\u015f\u0131m, tam elli sene bunu yap\u0131nca insan al\u0131\u015f\u0131yor i\u015fte. O insan art\u0131k sadece e\u015fin de\u011fil, ayn\u0131 zamanda hayat arkada\u015f\u0131n oluyor ve her ne yap\u0131yorsan onunla birlikte yapmaya al\u0131\u015f\u0131yorsun, tarif edilemez bir duygu. Julia\u2019y\u0131 sen de tan\u0131yorsun, ne kadar tatl\u0131 ve anlay\u0131\u015fl\u0131 bir kad\u0131n oldu\u011funu biliyorsun ama benim i\u00e7in bundan \u00e7ok daha fazlas\u0131 oldu\u011funu bilmelisin. O benim hayat\u0131mda asla sahip olamayaca\u011f\u0131m her \u015feyi temsil ediyordu; mutluluk, huzur, \u015fefkat, anne sevgisi, ne\u015fe, co\u015fku, \u015f\u0131mart\u0131lman\u0131n hazz\u0131 ve yarg\u0131s\u0131zca kabul edilmenin sarho\u015flu\u011fu. Kendi ailem bile beni asla kabul etmedi ve hi\u00e7 sevgi g\u00f6rmedim, ta ki Julia ile tan\u0131\u015f\u0131ncaya dek ve i\u015fte o zaman ger\u00e7ekten yery\u00fcz\u00fcnde bir yerim oldu\u011funu anlad\u0131m.\u2019 \u201d \u0130li\u015fki ko\u00e7u ve yazar Adil Y\u0131ld\u0131r\u0131m, 50 Maddede Evlilik isimli yeni kitab\u0131nda uzun evliliklerin s\u0131rr\u0131n\u0131 a\u00e7\u0131klarken, bizleri mutlu evlili\u011fe g\u00f6t\u00fcrecek ili\u015fkinin alt\u0131n kurallar\u0131n\u0131n ve form\u00fcllerinin alt\u0131n\u0131 \u00e7iziyor. Evlilik \u00f6ncesi ve sonras\u0131na dair ba\u015f\u0131n\u0131za gelebilecek her \u015fey bu kitapta! <\/p>\n","protected":false},"excerpt":{"rendered":"<p>\u201cBirlikte g\u00fcnbat\u0131m\u0131n\u0131 izlerken Gustavo aniden, \u2018Ho\u015f geldin Turco\u2019 dedi. \u2018Kusura bakma bu aralar pek kendimde de\u011filim, \u00f6zellikle bu saatlerde kendimi pek iyi hissetmiyorum. Bu salonda onunla<span class=\"excerpt-hellip\"> [\u2026]<\/span><\/p>\n","protected":false},"featured_media":0,"template":"","meta":{"_monsterinsights_skip_tracking":false,"_monsterinsights_sitenote_active":false,"_monsterinsights_sitenote_note":"","_monsterinsights_sitenote_category":0},"product_brand":[],"product_cat":[12364,12376],"product_tag":[],"class_list":{"0":"post-752678","1":"product","2":"type-product","3":"status-publish","5":"product_cat-genel-konular","6":"product_cat-kisisel-gelisim","7":"pa_cilt-ciltsiz","8":"pa_tur-kitap","9":"pa_yayinevi-kara-karga-yayinlari","10":"pa_yazar-adil-yildirim","12":"first","13":"instock","14":"sale","15":"shipping-taxable","16":"purchasable","17":"product-type-simple"},"_links":{"self":[{"href":"https:\/\/roveyayinevi.com.tr\/index.php\/wp-json\/wp\/v2\/product\/752678","targetHints":{"allow":["GET"]}}],"collection":[{"href":"https:\/\/roveyayinevi.com.tr\/index.php\/wp-json\/wp\/v2\/product"}],"about":[{"href":"https:\/\/roveyayinevi.com.tr\/index.php\/wp-json\/wp\/v2\/types\/product"}],"wp:attachment":[{"href":"https:\/\/roveyayinevi.com.tr\/index.php\/wp-json\/wp\/v2\/media?parent=752678"}],"wp:term":[{"taxonomy":"product_brand","embeddable":true,"href":"https:\/\/roveyayinevi.com.tr\/index.php\/wp-json\/wp\/v2\/product_brand?post=752678"},{"taxonomy":"product_cat","embeddable":true,"href":"https:\/\/roveyayinevi.com.tr\/index.php\/wp-json\/wp\/v2\/product_cat?post=752678"},{"taxonomy":"product_tag","embeddable":true,"href":"https:\/\/roveyayinevi.com.tr\/index.php\/wp-json\/wp\/v2\/product_tag?post=752678"}],"curies":[{"name":"wp","href":"https:\/\/api.w.org\/{rel}","templated":true}]}}